{"id":1163,"date":"2020-02-14T13:17:26","date_gmt":"2020-02-14T12:17:26","guid":{"rendered":"http:\/\/mezoszemere.hu\/web\/?page_id=1163"},"modified":"2020-02-20T07:00:00","modified_gmt":"2020-02-20T06:00:00","slug":"keknefelejcs-nyugdijas-klub","status":"publish","type":"page","link":"http:\/\/mezoszemere.hu\/web\/egyesuletek\/keknefelejcs-nyugdijas-klub\/","title":{"rendered":"K\u00e9knefelejcs Nyugd\u00edjas Klub"},"content":{"rendered":"<p><!--more--><\/p>\n<div>\n<h1><em><b>K\u00e9knefelejcs Nyugd\u00edjas Klub<\/b><\/em><\/h1>\n<p class=\"St\u00edlus\"><b>Klubunk 1994-ben alakult, \u00e9s a K\u00e9knefelejcs Nyugd\u00edjas Klub nevet kapta.<\/b><\/p>\n<p class=\"St\u00edlus\"><b>Akkor 29 f\u0151 volt az alap\u00edt\u00f3 tagok sz\u00e1ma,&nbsp; az\u00f3ta t\u00f6bb \u00faj taggal is b\u0151v\u00fclt a l\u00e9tsz\u00e1munk, jelenleg 36-an vagyunk a klubban. 2004-ig Bukta Ferencn\u00e9 volt a klub vezet\u0151je, majd ezut\u00e1n \u00e9n vettem \u00e1t a tiszts\u00e9get.<\/b><\/p>\n<p class=\"St\u00edlus\">A csoportunk tagja a Heves Megyei Nyugd\u00edjas Sz\u00f6vets\u00e9gnek \u00e9s az \u00c9letet az \u00c9veknek Orsz\u00e1gos Sz\u00f6vets\u00e9gnek is.<\/p>\n<p class=\"St\u00edlus\">\u00d6sszej\u00f6veteleinket mindig h\u00e9tf\u0151 est\u00e9nk\u00e9nt tartjuk, amelyek nagyon j\u00f3 hangulatban, vid\u00e1man telnek.<\/p>\n<p class=\"St\u00edlus\"><b>Minden \u00e9vben szervez\u00fcnk kir\u00e1ndul\u00e1sokat, \u00edgy fenn\u00e1ll\u00e1sunk \u00f3ta orsz\u00e1gunk sok sz\u00e9p v\u00e1ros\u00e1t, m\u00fazeum\u00e1t, sz\u00ednh\u00e1z\u00e1t \u00e9s f\u00fcrd\u0151hely\u00e9t felkerest\u00fck, megismert\u00fck.<\/b><\/p>\n<p class=\"St\u00edlus\">\u00d6sszej\u00f6veteleinkre el\u0151ad\u00f3kat is szoktunk h\u00edvni, akik \u00e9rdekes t\u00e9m\u00e1kr\u00f3l besz\u00e9lnek, meg\u00fcnnepelj\u00fck a n\u00e9vnapokat, n\u0151napot, any\u00e1k napj\u00e1t, a farsangi estjeink pedig mindig nagy sikert aratnak, \u00e9vz\u00e1r\u00f3 \u00f6sszej\u00f6vetel\u00fcnkkel z\u00e1rjuk az \u00e9vet.<\/p>\n<p class=\"St\u00edlus\">R\u00e9gi tagjaink mellett szeretettel v\u00e1rjuk azoknak a nyugd\u00edjasoknak a jelentkez\u00e9s\u00e9t is, akik tagjai szeretn\u00e9nek lenni szervezet\u00fcnknek<b>, \u00e9s r\u00e9szt k\u00edv\u00e1nnak venni munk\u00e1nkban.<\/b><\/p>\n<p class=\"St\u00edlus\"><b>Jelentkezni Moln\u00e1r Ir\u00e9n klubvezet\u0151n\u00e9l lehet.<\/b><\/p>\n<p>&nbsp;<a href=\"https:\/\/photos.google.com\/share\/AF1QipMmNtC8a1Dc6pqrfqPXDIAXMv9hK3blxM15D4UT32zD8AidqgNKvLixM2rCCkKTRQ?key=enp5VHVrWUdYM1U2dVRwMGJjZWdEdjdiZjB0dGpn\">Farsang<\/a> <a href=\"https:\/\/photos.google.com\/share\/AF1QipMmNtC8a1Dc6pqrfqPXDIAXMv9hK3blxM15D4UT32zD8AidqgNKvLixM2rCCkKTRQ?key=enp5VHVrWUdYM1U2dVRwMGJjZWdEdjdiZjB0dGpn\">2020<\/a><\/p>\n<p>&nbsp;&nbsp;&nbsp;&nbsp;&nbsp;&nbsp;&nbsp;&nbsp;&nbsp;&nbsp;&nbsp;&nbsp;&nbsp;&nbsp;&nbsp;&nbsp;&nbsp;&nbsp;&nbsp;&nbsp;&nbsp;&nbsp;&nbsp;&nbsp;&nbsp;&nbsp;&nbsp;&nbsp;&nbsp;&nbsp;&nbsp;&nbsp;&nbsp;&nbsp;&nbsp;&nbsp;&nbsp;&nbsp;&nbsp;&nbsp;&nbsp;&nbsp;&nbsp;&nbsp;&nbsp;&nbsp;&nbsp;&nbsp;&nbsp;&nbsp;&nbsp;&nbsp;&nbsp;&nbsp;&nbsp;&nbsp;&nbsp;&nbsp;&nbsp;&nbsp;&nbsp; <img loading=\"lazy\" decoding=\"async\" class=\"alignnone  wp-image-1216\" src=\"http:\/\/mezoszemere.hu\/web\/wp-content\/uploads\/2020\/02\/IMG_5056-300x400.jpg\" alt=\"\" width=\"198\" height=\"264\" srcset=\"http:\/\/mezoszemere.hu\/web\/wp-content\/uploads\/2020\/02\/IMG_5056-300x400.jpg 300w, http:\/\/mezoszemere.hu\/web\/wp-content\/uploads\/2020\/02\/IMG_5056.jpg 717w\" sizes=\"auto, (max-width: 198px) 100vw, 198px\" \/><\/p>\n<p class=\"St\u00edlus\"><a href=\"https:\/\/youtu.be\/FuZBAlUz9qE\" target=\"_blank\" rel=\"noopener\"><b>Nyugd\u00edjas Farsang 2018 <\/b><\/a><\/p>\n<p class=\"St\u00edlus\">&nbsp;<\/p>\n<p class=\"St\u00edlus\"><strong><a href=\"https:\/\/photos.app.goo.gl\/MmFGskpWT7hVCCvj2\" target=\"_blank\" rel=\"noopener\">Kir\u00e1ndul\u00e1s Ny\u00edregyh\u00e1z\u00e1n 2017<img loading=\"lazy\" decoding=\"async\" src=\"https:\/\/mezoszemere.webnode.hu\/_files\/system_preview_200000768-464e24747b\/DSCN4527.JPG\" alt=\"\" width=\"185\" height=\"139\"><\/a><\/strong><\/p>\n<p class=\"St\u00edlus\"><a href=\"https:\/\/photos.app.goo.gl\/buuaZZG1V7uwGrZJ3\" target=\"_blank\" rel=\"noopener\"><strong>Id\u0151sek vil\u00e1gnapja Eger 2017<img loading=\"lazy\" decoding=\"async\" src=\"https:\/\/mezoszemere.webnode.hu\/_files\/system_preview_detail_200000761-147a215740\/IMG_1516.JPG\" alt=\"\" width=\"247\" height=\"166\"><\/strong><\/a><\/p>\n<p class=\"St\u00edlus\"><a href=\"https:\/\/picasaweb.google.com\/117998461019145875850\/Farsang_2016\" target=\"_blank\" rel=\"noopener\"><strong>Nyugd\u00edjas farsang 2016<img loading=\"lazy\" decoding=\"async\" src=\"https:\/\/mezoszemere.webnode.hu\/_files\/system_preview_small_200000465-8cc368dbd7\/P1040808.jpg\" alt=\"\" width=\"117\" height=\"88\"><\/strong><\/a><\/p>\n<p class=\"St\u00edlus\">&nbsp;<\/p>\n<p class=\"St\u00edlus\"><a href=\"https:\/\/picasaweb.google.com\/117998461019145875850\/Farsang2015_2_16\" target=\"_blank\" rel=\"noopener\"><strong>Nyugd\u00edjas farsang 2015<\/strong><strong>\/2<img loading=\"lazy\" decoding=\"async\" src=\"https:\/\/mezoszemere.webnode.hu\/_files\/system_preview_small_200000408-8831d892b1\/DSCF5383.JPG\" alt=\"\" width=\"111\" height=\"95\"><\/strong><\/a><\/p>\n<p class=\"St\u00edlus\"><a href=\"https:\/\/picasaweb.google.com\/117998461019145875850\/Farsang2015\" target=\"_blank\" rel=\"noopener\"><strong>Nyugd\u00edjas farsang 2015\/1<\/strong> <img loading=\"lazy\" decoding=\"async\" src=\"https:\/\/mezoszemere.webnode.hu\/_files\/system_preview_small_200000407-7de4b7ede7\/DSCN3257.JPG\" alt=\"\" width=\"117\" height=\"93\"><\/a><\/p>\n<p class=\"St\u00edlus\"><b><a class=\"gphoto-album-cover-link\" href=\"https:\/\/picasaweb.google.com\/117998461019145875850\/NyugdijasFarsang2014\" target=\"_blank\" rel=\"noopener\">Nyugd\u00edjas farsang 2014 <img loading=\"lazy\" decoding=\"async\" class=\"goog-icon-list-icon-img\" src=\"https:\/\/lh6.googleusercontent.com\/-SKHH5_YAQws\/UwzX2k47wJI\/AAAAAAAAFJA\/aUJAKUIIEXg\/s128\/IMG_5282.JPG?gl=HU\" width=\"121\" height=\"91\"> <\/a><\/b><\/p>\n<p class=\"St\u00edlus\"><b><a class=\"gphoto-album-cover-link\" href=\"https:\/\/picasaweb.google.com\/117998461019145875850\/20EvesANyugdijasclub\" target=\"_blank\" rel=\"noopener\">20 \u00e9ves a nyugd\u00edjas klub <\/a><\/b><b><a class=\"gphoto-album-cover-link\" href=\"https:\/\/picasaweb.google.com\/117998461019145875850\/NyugdijasFarsang2014\" target=\"_blank\" rel=\"noopener\"><img loading=\"lazy\" decoding=\"async\" class=\"goog-icon-list-icon-img\" src=\"https:\/\/lh3.googleusercontent.com\/-kr_zWa9s-5M\/VDQia4Wf-FI\/AAAAAAAAHUE\/cQi-j1PsYRY\/s128\/PA065579.JPG?gl=HU\" width=\"118\" height=\"94\"><\/a><\/b><\/p>\n<\/div>\n","protected":false},"excerpt":{"rendered":"","protected":false},"author":2,"featured_media":0,"parent":1152,"menu_order":0,"comment_status":"closed","ping_status":"closed","template":"","meta":{"ngg_post_thumbnail":0,"footnotes":""},"class_list":["post-1163","page","type-page","status-publish","hentry"],"_links":{"self":[{"href":"http:\/\/mezoszemere.hu\/web\/wp-json\/wp\/v2\/pages\/1163","targetHints":{"allow":["GET"]}}],"collection":[{"href":"http:\/\/mezoszemere.hu\/web\/wp-json\/wp\/v2\/pages"}],"about":[{"href":"http:\/\/mezoszemere.hu\/web\/wp-json\/wp\/v2\/types\/page"}],"author":[{"embeddable":true,"href":"http:\/\/mezoszemere.hu\/web\/wp-json\/wp\/v2\/users\/2"}],"replies":[{"embeddable":true,"href":"http:\/\/mezoszemere.hu\/web\/wp-json\/wp\/v2\/comments?post=1163"}],"version-history":[{"count":3,"href":"http:\/\/mezoszemere.hu\/web\/wp-json\/wp\/v2\/pages\/1163\/revisions"}],"predecessor-version":[{"id":1217,"href":"http:\/\/mezoszemere.hu\/web\/wp-json\/wp\/v2\/pages\/1163\/revisions\/1217"}],"up":[{"embeddable":true,"href":"http:\/\/mezoszemere.hu\/web\/wp-json\/wp\/v2\/pages\/1152"}],"wp:attachment":[{"href":"http:\/\/mezoszemere.hu\/web\/wp-json\/wp\/v2\/media?parent=1163"}],"curies":[{"name":"wp","href":"https:\/\/api.w.org\/{rel}","templated":true}]}}