{"id":1165,"date":"2020-02-14T13:20:20","date_gmt":"2020-02-14T12:20:20","guid":{"rendered":"http:\/\/mezoszemere.hu\/web\/?page_id=1165"},"modified":"2020-02-14T13:25:12","modified_gmt":"2020-02-14T12:25:12","slug":"keknefelejcs-hagyomanyorzo-nepdalkor","status":"publish","type":"page","link":"http:\/\/mezoszemere.hu\/web\/egyesuletek\/keknefelejcs-hagyomanyorzo-nepdalkor\/","title":{"rendered":"K\u00e9knefelejcs Hagyom\u00e1ny\u0151rz\u0151 N\u00e9pdalk\u00f6r"},"content":{"rendered":"<p><!--more--><\/p>\n<div>\n<div class=\"box wsw\">\n<div class=\"boxContentBorder\">\n<div class=\"boxContent\">\n<h1><span style=\"font-size: 14pt;\">K\u00e9knefelejcs Hagyom\u00e1ny\u0151rz\u0151 N\u00e9pdalk\u00f6r<\/span><\/h1>\n<p>&nbsp;<\/p>\n<p><a href=\"http:\/\/picasaweb.google.com\/117998461019145875850\/Gyermeknap2009#\" target=\"_blank\" rel=\"noopener\"><img loading=\"lazy\" decoding=\"async\" src=\"https:\/\/lh6.ggpht.com\/-e1XYnwdLRmM\/S6i3J19afAI\/AAAAAAAACW0\/ZyzG6fL6zMA\/s800\/V%25C3%25A1g%25C3%25B3lap01.JPG\" width=\"671\" height=\"304\"><\/a><\/p>\n<p align=\"justify\"><em><strong>A Mez\u0151szemerei K\u00e9knefelejcs Hagyom\u00e1ny\u0151rz\u0151 N\u00e9pdalk\u00f6r 1976-ban alakult a P\u00e1va-mozgalom hat\u00e1s\u00e1ra. Juh\u00e1sz G\u00e1bor \u00e9s Juh\u00e1sz G\u00e1born\u00e9, k\u00e9t elhivatott pedag\u00f3gus alap\u00edtotta. Juh\u00e1sz G\u00e1born\u00e9, a tagok \u00e1ltal nagyon szeretett Junci, 1981-ig vezette a csoportot. Ez volt a h\u0151skor. Nagyon sokfel\u00e9 h\u00edvt\u00e1k \u0151ket. Gy\u00e1rak, \u00fczemek m\u0171vel\u0151d\u00e9si h\u00e1zaiban l\u00e9ptek fel igen gyakran. J\u00f3 \u00e9s kiv\u00e1l\u00f3 min\u0151s\u00edt\u00e9seket kaptak. 1981-t\u0151l 1988-ig B\u00f3ta L\u00e1szl\u00f3 tan\u00e1r vezette a n\u00e9pdalk\u00f6rt. Folytat\u00f3dott a szomsz\u00e9dol\u00e1s m\u00e1s falvakkal, s a dalostal\u00e1lkoz\u00f3k rendez\u00e9se.<\/strong><\/em><\/p>\n<p align=\"justify\"><em><strong>\u00d6sszegy\u0171jt\u00f6tt\u00e9k a Mez\u0151szemer\u00e9n \u00e9s k\u00f6rny\u00e9k\u00e9n \u00e9nekelt n\u00e9pdalokat, s\u0151t szorgalmas kezek le is \u00edrt\u00e1k azokat, hogy megmaradjanak a k\u00e9s\u0151bbiek sz\u00e1m\u00e1ra. Az igen gazdag n\u00e9pdalkincset nagy szeretettel \u00e9nekelt\u00e9k \u00e9s \u00e9nekelik m\u00e1ig is.<\/strong><\/em><\/p>\n<p align=\"justify\"><em><strong>Ebben az id\u0151ben is kiv\u00e1l\u00f3an min\u0151s\u00fcltek, s amikor ezt a m\u00f3dot felv\u00e1ltotta az arany-ez\u00fcst-bronz fokozat akkor arany min\u0151s\u00edt\u00e9st kaptak, vagy ez\u00fcst\u00f6t.<\/strong><\/em><\/p>\n<p align=\"justify\"><em><strong>Miut\u00e1n a Juh\u00e1sz h\u00e1zasp\u00e1rhoz hasonl\u00f3an B\u00f3ta L\u00e1szl\u00f3 is Egerbe k\u00f6lt\u00f6z\u00f6tt, volt 2 \u00e9v, amely alatt nem volt \u00e1lland\u00f3 vezet\u0151je a n\u00e9pdalk\u00f6rnek. Vagy N\u00e9meth Benedekn\u00e9, vagy Luk\u00e1cs S\u00e1ndor k\u00eds\u00e9rte \u0151ket megh\u00edv\u00e1saik helysz\u00edn\u00e9re. 1990-ben v\u00e9g\u00fcl Cs\u00e1k Lajosn\u00e9 lett a vezet\u0151. M\u00e1r kor\u00e1bban B\u00f3ta L\u00e1szl\u00f3 is h\u00edvott f\u00e9rfiakat \u00e9nekelni, \u00e9s Cs\u00e1kn\u00e9 is ezen az \u00faton j\u00e1rt, \u00edgy eg\u00e9sz sz\u00e9p l\u00e9tsz\u00e1m\u00fa \u00e9s j\u00f3 hangz\u00e1s\u00fa n\u00e9pdalk\u00f6r j\u00f6tt l\u00e9tre. A sok gyakorl\u00e1s meghozta eredm\u00e9ny\u00e9t. Csap\u00f3 K\u00e1roly 1994-ben r\u00e1di\u00f3felv\u00e9telt k\u00e9sztett vel\u00fck a r\u00e1di\u00f3 6-os st\u00fadi\u00f3j\u00e1ban. Az itt legjobban szerepl\u0151 5 csoportot Gy\u00f6ngy\u00f6sorosziba h\u00edvt\u00e1k -Mez\u0151szemere is k\u00f6z\u00f6tt\u00fck volt- \u00e9s m\u0171sorukat egyenesben k\u00f6zvet\u00edtette a r\u00e1di\u00f3. Szab\u00f3 \u00c9va a telev\u00edzi\u00f3 munkat\u00e1rsa mutatta be a n\u00e9pdalk\u00f6rt a nyugd\u00edjasok \u0150szid\u0151 c\u00edm\u0171 m\u0171sor\u00e1ban.<\/strong><\/em><\/p>\n<p><em><strong>6 \u00e9v alatt k\u00e9t arany min\u0151s\u00edt\u00e9st szereztek \u00e9s sok j\u00f3 bar\u00e1tot, hiszen nagyon sok helyen j\u00e1rtak. \u00c9let\u00e9ben a k\u00f3rus lelkes t\u00e1mogat\u00f3ja volt Nagy Mikl\u00f3s, f\u0151iskolai docens, n\u00e9pdalgy\u0171jt\u0151.<\/strong><\/em><\/p>\n<p align=\"justify\"><em><strong>Egyik ny\u00e1ron 5 \u00e9nek szakos f\u0151iskolai hallgat\u00f3t l\u00e1tott vend\u00e9g\u00fcl a n\u00e9pdalk\u00f6r, akik egy h\u00e9tig gy\u0171jt\u00f6ttek Mez\u0151szemer\u00e9n gyermekdalokat, j\u00e1t\u00e9kokat, n\u00e9pszok\u00e1sokat \u00e9s szorgalmasan \u00e9nekeltett\u00e9k az id\u0151s asszonyokat, f\u00e9rfiakat. Felejthetetlen est\u00e9ket t\u00f6lt\u00f6ttek egy\u00fctt, mindig m\u00e1s n\u00e9pdalk\u00f6ri tagn\u00e1l, n\u00f3t\u00e1zva, anekd\u00f3t\u00e1zva, s elfogyasztva a finom falatokat, amit a h\u00e1ziasszony k\u00e9sztett.<\/strong><\/em><\/p>\n<p align=\"justify\"><em><strong>A par\u00e1di, sirok-k\u00fatv\u00f6lgyi, ostorosi, novaji rendezv\u00e9nyeknek \u00e1lland\u00f3 vend\u00e9gei voltak, de m\u00e9g Tisza\u00fajv\u00e1rosba is megh\u00edvt\u00e1k a csoportot. Sok seg\u00edts\u00e9get ny\u00fajtott ebben az id\u0151ben Bimb\u00f3 Zolt\u00e1n, a Megyei M\u0171vel\u0151d\u00e9si K\u00f6zpont munkat\u00e1rsa.<\/strong><\/em><\/p>\n<p align=\"justify\"><em><strong>Cs\u00e1k Lajosn\u00e9 s\u00falyos betegs\u00e9ge miatt megv\u00e1lt a n\u00e9pdalk\u00f6rt\u0151l \u00e9s N\u00e9meth Benedekn\u00e9t javasolta vezet\u0151nek. Az \u0151 vezet\u00e9se alatt az egy\u00fcttes c\u00e9lul t\u0171zte ki, az orsz\u00e1g minden t\u00e1jegys\u00e9g\u00e9r\u0151l legal\u00e1bb egy n\u00e9pdalcsokrot megismerni \u00e9s \u00e9nekelni. Ezzel tov\u00e1bb \u00e9ltetni Magyarorsz\u00e1g n\u00e9pdalkincs\u00e9t.<\/strong><\/em><\/p>\n<p align=\"justify\"><em><strong>Ez id\u0151 alatt volt a Millenniumi \u00fcnneps\u00e9g, melyen a n\u00e9pdalk\u00f6r tev\u00e9kenyen r\u00e9szt vett a falu \u00fcnneps\u00e9geiben. Ugyanekkor, N\u00e9meth Benedekn\u00e9 vezet\u00e9se alatt m\u00e1sodik arany min\u0151s\u00edt\u00e9s\u00e9t nyerte a Millenniumi Pal\u00f3cg\u00e1la 2000 rendezv\u00e9nyen, Egerben. M\u00e9g ebben az \u00e9vben a Vass Lajos K\u00e1rp\u00e1tmedencei N\u00e9pzenei Tal\u00e1lkoz\u00f3n sikerrel szerepeltek az Erkel Sz\u00ednh\u00e1zban.<\/strong><\/em><\/p>\n<p align=\"justify\"><em><strong>Ugyanebben az \u00e9vben sikeres Dalostal\u00e1lkoz\u00f3t rendeztek, melynek jelszava: Kult\u00far\u00e1val a Nyugat Kapuj\u00e1ban.<\/strong><\/em><\/p>\n<p align=\"justify\"><em><strong>2003-ban \u00fajb\u00f3l Cs\u00e1k Lajosn\u00e9 vette \u00e1t a n\u00e9pdalk\u00f6r vezet\u00e9s\u00e9t. Sajnos ekkorra m\u00e1r a f\u00e9rfiak elt\u0171ntek az asszonyok mell\u0151l. \u00edgy is nyertek azonban 2005-ben egy arany min\u0151s\u00edt\u00e9st. Nagyon sokat szerepelnek. 2005-ben p\u00e9ld\u00e1ul 21 fell\u00e9p\u00e9s\u00fck volt.<\/strong><\/em><\/p>\n<p align=\"justify\"><em><strong>A N\u00e9pdalk\u00f6r feladatai k\u00f6z\u00e9 tartozik a k\u00f6zs\u00e9gben rendezett \u00fcnnep\u00e9lyeken val\u00f3 szerepl\u00e9s. Sokszor \u00e9s sz\u00edvesen vesznek r\u00e9szt bar\u00e1ti \u00f6sszej\u00f6veteleken, jubileumi p\u00e1vak\u00f6ri tal\u00e1lkoz\u00f3kon, nyugd\u00edjas \u00fcnneps\u00e9geken.<\/strong><\/em><\/p>\n<p align=\"justify\">&nbsp;<\/p>\n<p><em><strong><a href=\"https:\/\/photos.app.goo.gl\/DMZOqsTtlfQe8vks1\" target=\"_blank\" rel=\"noopener\">Beseny\u0151telek sz\u00fcreti felvonul\u00e1s<img loading=\"lazy\" decoding=\"async\" src=\"https:\/\/mezoszemere.webnode.hu\/_files\/system_preview_200000762-9e8389f7d3\/20171007_133148.jpg\" alt=\"\" width=\"170\" height=\"128\"><\/a><\/strong><\/em><\/p>\n<p>&nbsp;<\/p>\n<p><em><strong><a href=\"http:\/\/files.mezoszemere.webnode.hu\/200000501-ba036bafbf\/MEZ\u0150SZEMEREI K\u00c9KNEFELEJCS HAGYOM\u00c1NY\u0150RZ\u0150 N\u00c9PDALK\u00d6R.pptx\" rel=\"nofollow\">Mez\u0151szemerei K\u00e9knefelejcs hagyom\u00e1ny\u00f6rz\u0151 n\u00e9pdalk\u00f6r<img loading=\"lazy\" decoding=\"async\" src=\"https:\/\/mezoszemere.webnode.hu\/_files\/200000502-809d181981\/V\u00e1g\u00f3lap01.jpg\" alt=\"\" width=\"185\" height=\"105\"><\/a><\/strong><\/em><\/p>\n<p>&nbsp;<\/p>\n<p><a href=\"https:\/\/goo.gl\/photos\/XatfQ1biZnnwEXrQA\" target=\"_blank\" rel=\"noopener\"><em><strong>40 \u00e9ves az egy\u00fctets<img loading=\"lazy\" decoding=\"async\" src=\"https:\/\/mezoszemere.webnode.hu\/_files\/system_preview_200000500-c5630c65b2\/IMG_8724.JPG\" alt=\"\" width=\"163\" height=\"109\"><\/strong><\/em><\/a><\/p>\n<\/div>\n<\/div>\n<\/div>\n<div class=\"cleaner\">&nbsp;<\/div>\n<\/div>\n","protected":false},"excerpt":{"rendered":"","protected":false},"author":2,"featured_media":0,"parent":1152,"menu_order":0,"comment_status":"closed","ping_status":"closed","template":"","meta":{"ngg_post_thumbnail":0,"footnotes":""},"class_list":["post-1165","page","type-page","status-publish","hentry"],"_links":{"self":[{"href":"http:\/\/mezoszemere.hu\/web\/wp-json\/wp\/v2\/pages\/1165","targetHints":{"allow":["GET"]}}],"collection":[{"href":"http:\/\/mezoszemere.hu\/web\/wp-json\/wp\/v2\/pages"}],"about":[{"href":"http:\/\/mezoszemere.hu\/web\/wp-json\/wp\/v2\/types\/page"}],"author":[{"embeddable":true,"href":"http:\/\/mezoszemere.hu\/web\/wp-json\/wp\/v2\/users\/2"}],"replies":[{"embeddable":true,"href":"http:\/\/mezoszemere.hu\/web\/wp-json\/wp\/v2\/comments?post=1165"}],"version-history":[{"count":2,"href":"http:\/\/mezoszemere.hu\/web\/wp-json\/wp\/v2\/pages\/1165\/revisions"}],"predecessor-version":[{"id":1168,"href":"http:\/\/mezoszemere.hu\/web\/wp-json\/wp\/v2\/pages\/1165\/revisions\/1168"}],"up":[{"embeddable":true,"href":"http:\/\/mezoszemere.hu\/web\/wp-json\/wp\/v2\/pages\/1152"}],"wp:attachment":[{"href":"http:\/\/mezoszemere.hu\/web\/wp-json\/wp\/v2\/media?parent=1165"}],"curies":[{"name":"wp","href":"https:\/\/api.w.org\/{rel}","templated":true}]}}