{"id":1268,"date":"2020-02-20T18:02:05","date_gmt":"2020-02-20T17:02:05","guid":{"rendered":"http:\/\/mezoszemere.hu\/web\/?page_id=1268"},"modified":"2020-02-20T18:03:15","modified_gmt":"2020-02-20T17:03:15","slug":"kepeslapok","status":"publish","type":"page","link":"http:\/\/mezoszemere.hu\/web\/kepeslapok\/","title":{"rendered":"K\u00e9peslapok"},"content":{"rendered":"<p><!--more--><\/p>\n<p><img loading=\"lazy\" decoding=\"async\" src=\"https:\/\/mezoszemere.webnode.hu\/_files\/200000357-35dbc36d52\/10270159_664172826954021_1107413305_n.jpg\" alt=\"\" data-cke-saved-src=\"https:\/\/mezoszemere.webnode.hu\/_files\/200000357-35dbc36d52\/10270159_664172826954021_1107413305_n.jpg\" width=\"593\" height=\"945\"><\/p>\n<p><img loading=\"lazy\" decoding=\"async\" src=\"https:\/\/mezoszemere.webnode.hu\/_files\/200000358-a81b1a919c\/10259373_657599480944689_1860247915_n.jpg\" alt=\"\" data-cke-saved-src=\"https:\/\/mezoszemere.webnode.hu\/_files\/200000358-a81b1a919c\/10259373_657599480944689_1860247915_n.jpg\" width=\"657\" height=\"422\"><\/p>\n<p>R\u00e9gen \u00e9s most<\/p>\n<p><img loading=\"lazy\" decoding=\"async\" src=\"https:\/\/mezoszemere.webnode.hu\/_files\/200000360-409ca41960\/hivatal.jpg\" alt=\"\" data-cke-saved-src=\"https:\/\/mezoszemere.webnode.hu\/_files\/200000360-409ca41960\/hivatal.jpg\" width=\"662\" height=\"373\"><\/p>\n<p><img loading=\"lazy\" decoding=\"async\" src=\"https:\/\/mezoszemere.webnode.hu\/_files\/200000359-7a3657b338\/10264815_664172823620688_1997895656_n.jpg\" alt=\"\" data-cke-saved-src=\"https:\/\/mezoszemere.webnode.hu\/_files\/200000359-7a3657b338\/10264815_664172823620688_1997895656_n.jpg\" width=\"664\" height=\"394\"><\/p>\n<p>R\u00e9gen \u00e9s most<\/p>\n<p><img loading=\"lazy\" decoding=\"async\" src=\"https:\/\/mezoszemere.webnode.hu\/_files\/200000361-2de4c2eded\/bolt.jpg\" alt=\"\" data-cke-saved-src=\"https:\/\/mezoszemere.webnode.hu\/_files\/200000361-2de4c2eded\/bolt.jpg\" width=\"674\" height=\"384\"><\/p>\n<p><img loading=\"lazy\" decoding=\"async\" src=\"https:\/\/mezoszemere.webnode.hu\/_files\/200000362-29b112aab1\/kast\u00e9ly.jpg\" alt=\"\" data-cke-saved-src=\"https:\/\/mezoszemere.webnode.hu\/_files\/200000362-29b112aab1\/kast\u00e9ly.jpg\" width=\"671\" height=\"452\"><\/p>\n<p><img loading=\"lazy\" decoding=\"async\" src=\"https:\/\/mezoszemere.webnode.hu\/_files\/200000364-32ff333f69\/park.jpg\" alt=\"\" data-cke-saved-src=\"https:\/\/mezoszemere.webnode.hu\/_files\/200000364-32ff333f69\/park.jpg\" width=\"679\" height=\"440\"><\/p>\n<p><img loading=\"lazy\" decoding=\"async\" src=\"https:\/\/mezoszemere.webnode.hu\/_files\/200000365-2d6022e598\/k\u00f6zs\u00e9gh\u00e1zan.jpg\" alt=\"\" data-cke-saved-src=\"https:\/\/mezoszemere.webnode.hu\/_files\/200000365-2d6022e598\/k\u00f6zs\u00e9gh\u00e1zan.jpg\" width=\"681\" height=\"1040\"><\/p>\n<p><img loading=\"lazy\" decoding=\"async\" src=\"https:\/\/mezoszemere.webnode.hu\/_files\/200000366-2bd542ccf9\/bszemere.jpg\" alt=\"\" data-cke-saved-src=\"https:\/\/mezoszemere.webnode.hu\/_files\/200000366-2bd542ccf9\/bszemere.jpg\" width=\"683\" height=\"447\"><\/p>\n","protected":false},"excerpt":{"rendered":"","protected":false},"author":2,"featured_media":0,"parent":0,"menu_order":0,"comment_status":"closed","ping_status":"closed","template":"","meta":{"ngg_post_thumbnail":0,"footnotes":""},"class_list":["post-1268","page","type-page","status-publish","hentry"],"_links":{"self":[{"href":"http:\/\/mezoszemere.hu\/web\/wp-json\/wp\/v2\/pages\/1268","targetHints":{"allow":["GET"]}}],"collection":[{"href":"http:\/\/mezoszemere.hu\/web\/wp-json\/wp\/v2\/pages"}],"about":[{"href":"http:\/\/mezoszemere.hu\/web\/wp-json\/wp\/v2\/types\/page"}],"author":[{"embeddable":true,"href":"http:\/\/mezoszemere.hu\/web\/wp-json\/wp\/v2\/users\/2"}],"replies":[{"embeddable":true,"href":"http:\/\/mezoszemere.hu\/web\/wp-json\/wp\/v2\/comments?post=1268"}],"version-history":[{"count":2,"href":"http:\/\/mezoszemere.hu\/web\/wp-json\/wp\/v2\/pages\/1268\/revisions"}],"predecessor-version":[{"id":1272,"href":"http:\/\/mezoszemere.hu\/web\/wp-json\/wp\/v2\/pages\/1268\/revisions\/1272"}],"wp:attachment":[{"href":"http:\/\/mezoszemere.hu\/web\/wp-json\/wp\/v2\/media?parent=1268"}],"curies":[{"name":"wp","href":"https:\/\/api.w.org\/{rel}","templated":true}]}}