{"id":1311,"date":"2020-03-06T14:19:16","date_gmt":"2020-03-06T13:19:16","guid":{"rendered":"http:\/\/mezoszemere.hu\/web\/?page_id=1311"},"modified":"2020-03-06T14:34:21","modified_gmt":"2020-03-06T13:34:21","slug":"1311-2","status":"publish","type":"page","link":"http:\/\/mezoszemere.hu\/web\/1311-2\/","title":{"rendered":"ASP Fot\u00f3k"},"content":{"rendered":"<p><!--more--><a href=\"http:\/\/mezoszemere.hu\/web\/wp-content\/uploads\/2020\/03\/Fot\u00f3_Mez\u0151szemere.zip\">Fot\u00f3_Mez\u0151szemere<\/a><\/p>\n<p><a href=\"http:\/\/mezoszemere.hu\/web\/wp-content\/uploads\/2020\/03\/Fot\u00f3_Mez\u0151t\u00e1rk\u00e1ny.zip\">Fot\u00f3_Mez\u0151t\u00e1rk\u00e1ny<\/a><\/p>\n<p><a href=\"http:\/\/mezoszemere.hu\/web\/wp-content\/uploads\/2020\/03\/Fot\u00f3_Egerfarmos.zip\">Fot\u00f3_Egerfarmos<\/a><\/p>\n<p><a href=\"http:\/\/mezoszemere.hu\/web\/wp-content\/uploads\/2020\/03\/Fot\u00f3_Dorm\u00e1nd.zip\">Fot\u00f3_Dorm\u00e1nd<\/a><\/p>\n","protected":false},"excerpt":{"rendered":"","protected":false},"author":2,"featured_media":0,"parent":0,"menu_order":0,"comment_status":"closed","ping_status":"closed","template":"","meta":{"ngg_post_thumbnail":0,"footnotes":""},"class_list":["post-1311","page","type-page","status-publish","hentry"],"_links":{"self":[{"href":"http:\/\/mezoszemere.hu\/web\/wp-json\/wp\/v2\/pages\/1311","targetHints":{"allow":["GET"]}}],"collection":[{"href":"http:\/\/mezoszemere.hu\/web\/wp-json\/wp\/v2\/pages"}],"about":[{"href":"http:\/\/mezoszemere.hu\/web\/wp-json\/wp\/v2\/types\/page"}],"author":[{"embeddable":true,"href":"http:\/\/mezoszemere.hu\/web\/wp-json\/wp\/v2\/users\/2"}],"replies":[{"embeddable":true,"href":"http:\/\/mezoszemere.hu\/web\/wp-json\/wp\/v2\/comments?post=1311"}],"version-history":[{"count":6,"href":"http:\/\/mezoszemere.hu\/web\/wp-json\/wp\/v2\/pages\/1311\/revisions"}],"predecessor-version":[{"id":1323,"href":"http:\/\/mezoszemere.hu\/web\/wp-json\/wp\/v2\/pages\/1311\/revisions\/1323"}],"wp:attachment":[{"href":"http:\/\/mezoszemere.hu\/web\/wp-json\/wp\/v2\/media?parent=1311"}],"curies":[{"name":"wp","href":"https:\/\/api.w.org\/{rel}","templated":true}]}}