{"id":1819,"date":"2021-04-09T07:27:13","date_gmt":"2021-04-09T06:27:13","guid":{"rendered":"http:\/\/mezoszemere.hu\/web\/?page_id=1819"},"modified":"2021-08-13T17:40:54","modified_gmt":"2021-08-13T16:40:54","slug":"helyi-valasztasi-bizottsag","status":"publish","type":"page","link":"http:\/\/mezoszemere.hu\/web\/helyi-valasztasi-bizottsag\/","title":{"rendered":"Helyi V\u00e1laszt\u00e1si Bizotts\u00e1g"},"content":{"rendered":"<p><!--more--><a href=\"http:\/\/mezoszemere.hu\/web\/wp-content\/uploads\/2021\/04\/Bukta-Imre-hat\u00e1rozat.pdf\">1\/2020. (VIII.25.) HAT\u00c1ROZAT<\/a><\/p>\n<a href=\"http:\/\/mezoszemere.hu\/web\/wp-content\/uploads\/2021\/04\/Bukta-Imre-hat\u00e1rozat.pdf\" class=\"pdfemb-viewer\" style=\"\" data-width=\"max\" data-height=\"max\" data-toolbar=\"bottom\" data-toolbar-fixed=\"off\">Bukta Imre hat\u00e1rozat<\/a>\n<p><!--more--><\/p>\n<p><a href=\"http:\/\/mezoszemere.hu\/web\/wp-content\/uploads\/2021\/04\/SKM_C30821040814180.pdf\">1\/2021. (IV.08.) HAT\u00c1ROZAT<\/a><\/p>\n<p><a href=\"http:\/\/mezoszemere.hu\/web\/wp-content\/uploads\/2021\/04\/SKM_C30821040814180.pdf\" class=\"pdfemb-viewer\" style=\"\" data-width=\"max\" data-height=\"max\" data-toolbar=\"bottom\" data-toolbar-fixed=\"off\">SKM_C30821040814180<\/a><!--more--><\/p>\n<p><a href=\"http:\/\/mezoszemere.hu\/web\/wp-content\/uploads\/2021\/08\/HVB-hat\u00e1rozata.pdf\">2\/2021. (V.10.) HAT\u00c1ROZATA<\/a><\/p>\n<a href=\"http:\/\/mezoszemere.hu\/web\/wp-content\/uploads\/2021\/08\/HVB-hat\u00e1rozata.pdf\" class=\"pdfemb-viewer\" style=\"\" data-width=\"max\" data-height=\"max\" data-toolbar=\"bottom\" data-toolbar-fixed=\"off\">HVB hat\u00e1rozata<\/a>\n","protected":false},"excerpt":{"rendered":"","protected":false},"author":2,"featured_media":0,"parent":0,"menu_order":0,"comment_status":"closed","ping_status":"closed","template":"","meta":{"ngg_post_thumbnail":0,"footnotes":""},"class_list":["post-1819","page","type-page","status-publish","hentry"],"_links":{"self":[{"href":"http:\/\/mezoszemere.hu\/web\/wp-json\/wp\/v2\/pages\/1819","targetHints":{"allow":["GET"]}}],"collection":[{"href":"http:\/\/mezoszemere.hu\/web\/wp-json\/wp\/v2\/pages"}],"about":[{"href":"http:\/\/mezoszemere.hu\/web\/wp-json\/wp\/v2\/types\/page"}],"author":[{"embeddable":true,"href":"http:\/\/mezoszemere.hu\/web\/wp-json\/wp\/v2\/users\/2"}],"replies":[{"embeddable":true,"href":"http:\/\/mezoszemere.hu\/web\/wp-json\/wp\/v2\/comments?post=1819"}],"version-history":[{"count":6,"href":"http:\/\/mezoszemere.hu\/web\/wp-json\/wp\/v2\/pages\/1819\/revisions"}],"predecessor-version":[{"id":1888,"href":"http:\/\/mezoszemere.hu\/web\/wp-json\/wp\/v2\/pages\/1819\/revisions\/1888"}],"wp:attachment":[{"href":"http:\/\/mezoszemere.hu\/web\/wp-json\/wp\/v2\/media?parent=1819"}],"curies":[{"name":"wp","href":"https:\/\/api.w.org\/{rel}","templated":true}]}}