{"id":1915,"date":"2022-04-23T19:08:21","date_gmt":"2022-04-23T18:08:21","guid":{"rendered":"http:\/\/mezoszemere.hu\/web\/?page_id=1915"},"modified":"2022-10-02T17:09:51","modified_gmt":"2022-10-02T16:09:51","slug":"adatvedelem","status":"publish","type":"page","link":"http:\/\/mezoszemere.hu\/web\/adatvedelem\/","title":{"rendered":"Adatv\u00e9delem"},"content":{"rendered":"<p><strong>Tisztelt L\u00e1togat\u00f3!<\/strong><\/p>\n<p>A szem\u00e9lyes adatok kezel\u00e9s\u00e9vel kapcsolatban ezen az oldalon tal\u00e1lhatja meg a legsz\u00fcks\u00e9gesebb inform\u00e1ci\u00f3kat.<\/p>\n<p>Mez\u0151szemere K\u00f6zs\u00e9gi \u00d6nkorm\u00e1nyzat adatv\u00e9delmi tisztvisel\u0151je: SMARTLEX Solutions Kft.<\/p>\n<p>El\u00e9rhet\u0151s\u00e9g: dpo@smartlex.hu<\/p>\n<p><strong>Adatkezel\u00e9si t\u00e1j\u00e9koztat\u00f3k:<\/strong><\/p>\n<p><a href=\"http:\/\/mezoszemere.hu\/web\/adatkezelesi-tajekoztato-honlapon-megvalosulo-adatkezelesek\/\">Weboldal adatkezel\u00e9si t\u00e1j\u00e9koztat\u00f3ja<\/a><\/p>\n<p><a href=\"http:\/\/mezoszemere.hu\/web\/altalanos-adatkezelesi-tajekoztato\/\">\u00c1ltal\u00e1nos adatkezel\u00e9si t\u00e1j\u00e9koztat\u00f3<\/a><\/p>\n<p><a href=\"http:\/\/mezoszemere.hu\/web\/adatkezelesi-tajekoztato-allaspalyazatok\/\">\u00c1ll\u00e1sp\u00e1ly\u00e1zatok beny\u00fajt\u00e1s\u00e1val \u00f6sszef\u00fcgg\u0151 adatkezel\u00e9si t\u00e1j\u00e9koztat\u00f3k<\/a><\/p>\n","protected":false},"excerpt":{"rendered":"<p>Tisztelt L\u00e1togat\u00f3! A szem\u00e9lyes adatok kezel\u00e9s\u00e9vel kapcsolatban ezen az oldalon tal\u00e1lhatja meg a legsz\u00fcks\u00e9gesebb inform\u00e1ci\u00f3kat. Mez\u0151szemere K\u00f6zs\u00e9gi \u00d6nkorm\u00e1nyzat adatv\u00e9delmi tisztvisel\u0151je: SMARTLEX Solutions Kft. El\u00e9rhet\u0151s\u00e9g: dpo@smartlex.hu Adatkezel\u00e9si t\u00e1j\u00e9koztat\u00f3k: Weboldal adatkezel\u00e9si t\u00e1j\u00e9koztat\u00f3ja &hellip; <\/p>\n","protected":false},"author":2,"featured_media":0,"parent":0,"menu_order":0,"comment_status":"closed","ping_status":"closed","template":"","meta":{"ngg_post_thumbnail":0,"footnotes":""},"class_list":["post-1915","page","type-page","status-publish","hentry"],"_links":{"self":[{"href":"http:\/\/mezoszemere.hu\/web\/wp-json\/wp\/v2\/pages\/1915","targetHints":{"allow":["GET"]}}],"collection":[{"href":"http:\/\/mezoszemere.hu\/web\/wp-json\/wp\/v2\/pages"}],"about":[{"href":"http:\/\/mezoszemere.hu\/web\/wp-json\/wp\/v2\/types\/page"}],"author":[{"embeddable":true,"href":"http:\/\/mezoszemere.hu\/web\/wp-json\/wp\/v2\/users\/2"}],"replies":[{"embeddable":true,"href":"http:\/\/mezoszemere.hu\/web\/wp-json\/wp\/v2\/comments?post=1915"}],"version-history":[{"count":6,"href":"http:\/\/mezoszemere.hu\/web\/wp-json\/wp\/v2\/pages\/1915\/revisions"}],"predecessor-version":[{"id":2634,"href":"http:\/\/mezoszemere.hu\/web\/wp-json\/wp\/v2\/pages\/1915\/revisions\/2634"}],"wp:attachment":[{"href":"http:\/\/mezoszemere.hu\/web\/wp-json\/wp\/v2\/media?parent=1915"}],"curies":[{"name":"wp","href":"https:\/\/api.w.org\/{rel}","templated":true}]}}