{"id":1919,"date":"2022-04-23T19:11:47","date_gmt":"2022-04-23T18:11:47","guid":{"rendered":"http:\/\/mezoszemere.hu\/web\/?page_id=1919"},"modified":"2025-03-06T18:20:36","modified_gmt":"2025-03-06T17:20:36","slug":"kozerdeku-adatok","status":"publish","type":"page","link":"http:\/\/mezoszemere.hu\/web\/kozerdeku-adatok\/","title":{"rendered":"K\u00f6z\u00e9rdek\u0171 adatok"},"content":{"rendered":"<p><strong>\u00c1LTAL\u00c1NOS K\u00d6ZZ\u00c9T\u00c9TELI LISTA (felt\u00f6lt\u00e9s alatt!)<\/strong><\/p>\n<p><strong>A k\u00f6zfeladatot ell\u00e1t\u00f3 szerv hivatalos neve, sz\u00e9khelye, postai c\u00edme, telefonsz\u00e1ma, elektronikus lev\u00e9lc\u00edme, honlapja, \u00fcgyf\u00e9lszolg\u00e1lat\u00e1nak el\u00e9rhet\u0151s\u00e9gei<\/strong><\/p>\n<p>Mez\u0151szemere K\u00f6zs\u00e9gi \u00d6nkorm\u00e1nyzat<br \/>\nSz\u00e9khely (postac\u00edm):&nbsp;3378 Mez\u0151szemere, M\u00e1jus 1 \u00fat 36.<br \/>\nTelefon: +36 36\/490-000<br \/>\nE-mail: mezoszemere@mezoszemere.hu<br \/>\nHonlap: mezoszemere.hu<br \/>\nAz \u00f6nkorm\u00e1nyzat k\u00fcl\u00f6n \u00fcgyf\u00e9\u00e9lszolg\u00e1latot nem \u00fczemeltet.<\/p>\n<p><strong>A k\u00f6zfeladatot ell\u00e1t\u00f3 szerv szervezeti fel\u00e9p\u00edt\u00e9se szervezeti egys\u00e9gek megjel\u00f6l\u00e9s\u00e9vel, az egyes szervezeti egys\u00e9gek feladatai<\/strong><\/p>\n<p>Mez\u0151szemere K\u00f6zs\u00e9gi \u00d6nkorm\u00e1nyzat k\u00f6z\u00f6s \u00f6nkorm\u00e1nyzati hivatalt tart fenn, amelynek megnevez\u00e9se: Szihalmi K\u00f6z\u00f6s \u00d6nkorm\u00e1nyzati Hivatal Mez\u0151szemerei Kirendelts\u00e9ge<br \/>\nA hivatal a hivatali sz\u00e9khelyen t\u00fal k\u00e9t, a Kttv. \u00e9rtelm\u00e9ben \u00f6n\u00e1ll\u00f3 szervezeti egys\u00e9gnek nem min\u0151s\u00fcl\u0151 kirendelts\u00e9ggel rendelkezik, Mez\u0151szemere \u00e9s Egerfarmos telep\u00fcl\u00e9seken.<br \/>\nA kirendelts\u00e9g feladata: az \u00f6nkorm\u00e1nyzati hivatali feladatok ell\u00e1t\u00e1sa Mez\u0151szemere k\u00f6zs\u00e9gben.<\/p>\n<p><strong>A k\u00f6zfeladatot ell\u00e1t\u00f3 szerv vezet\u0151inek \u00e9s az egyes szervezeti egys\u00e9gek vezet\u0151inek neve, beoszt\u00e1sa, el\u00e9rhet\u0151s\u00e9ge (telefonsz\u00e1ma, elektronikus lev\u00e9lc\u00edme)<\/strong><\/p>\n<p>Mez\u0151szemere K\u00f6zs\u00e9gi \u00d6nkorm\u00e1nyzat vezet\u0151 tiszts\u00e9gvisel\u0151je Jakab G\u00e1bor polg\u00e1rmester. El\u00e9rhet\u0151s\u00e9ge:&nbsp;+36 36\/490-000;&nbsp;mezoszemere@mezoszemere.hu<br \/>\nA hivatali kirendelts\u00e9g vezet\u0151je Dr. Tiham\u00e9ri Istv\u00e1n kirendelts\u00e9g-vezet\u0151.&nbsp;El\u00e9rhet\u0151s\u00e9ge:&nbsp;+36 36\/490-000;&nbsp;mezoszemere@mezoszemere.hu<\/p>\n<p><strong>A szervezeten bel\u00fcl illet\u00e9kes \u00fcgyf\u00e9lkapcsolati vezet\u0151 neve, el\u00e9rhet\u0151s\u00e9ge (telefonsz\u00e1ma, elektronikus lev\u00e9lc\u00edme) \u00e9s az \u00fcgyf\u00e9lfogad\u00e1si rend<\/strong><\/p>\n<p>A szervezeten bel\u00fcl nem ker\u00fclt kialak\u00edt\u00e1sra \u00fcgyf\u00e9lkapcsolati szervezeti egys\u00e9g.<br \/>\n<a href=\"https:\/\/mezoszemere.hu\/web\/polgarmesterihivatal\/\">Az \u00fcgyf\u00e9lfogad\u00e1si inform\u00e1ci\u00f3kat itt tal\u00e1lja (kattintson!)<\/a><\/p>\n<p><strong>Test\u00fcleti szerv eset\u00e9n a test\u00fclet l\u00e9tsz\u00e1ma, \u00f6sszet\u00e9tele, tagjainak neve, beoszt\u00e1sa, el\u00e9rhet\u0151s\u00e9ge:<\/strong><\/p>\n<p><a href=\"https:\/\/mezoszemere.hu\/web\/kozsegi-onkormanyzat\/\">A k\u00e9pvisel\u0151-test\u00fcleti tagok neve \u00e9s el\u00e9rhet\u0151s\u00e9ge itt \u00e9rhet\u0151 el (kattintson!)<\/a><\/p>\n<p><strong>A k\u00f6zfeladatot ell\u00e1t\u00f3 szerv ir\u00e1ny\u00edt\u00e1sa, fel\u00fcgyelete vagy ellen\u0151rz\u00e9se alatt \u00e1ll\u00f3, vagy al\u00e1rendelts\u00e9g\u00e9ben m\u0171k\u00f6d\u0151 m\u00e1s k\u00f6zfeladatot ell\u00e1t\u00f3 szervek megnevez\u00e9se, \u00e9s 1. pontban meghat\u00e1rozott adatai<\/strong><\/p>\n<p>Az inform\u00e1ci\u00f3 megtal\u00e1lhat\u00f3 a Telep\u00fcl\u00e9s\u00fcnkr\u0151l men\u00fc &#8222;Int\u00e9zm\u00e9nyeink&#8221; men\u00fcpontj\u00e1ban<\/p>\n<p><strong>A k\u00f6zfeladatot ell\u00e1t\u00f3 szerv t\u00f6bbs\u00e9gi tulajdon\u00e1ban \u00e1ll\u00f3, illetve r\u00e9szv\u00e9tel\u00e9vel m\u0171k\u00f6d\u0151 gazd\u00e1lkod\u00f3 szervezet neve, sz\u00e9khelye, el\u00e9rhet\u0151s\u00e9ge (postai c\u00edme, telefonsz\u00e1ma elektronikus lev\u00e9lc\u00edme), tev\u00e9kenys\u00e9gi k\u00f6re, k\u00e9pvisel\u0151j\u00e9nek neve, a k\u00f6zfeladatot ell\u00e1t\u00f3 szerv r\u00e9szesed\u00e9s\u00e9nek m\u00e9rt\u00e9ke<\/strong><\/p>\n<p>Felt\u00f6lt\u00e9s alatt!<\/p>\n<p><strong>A k\u00f6zfeladatot ell\u00e1t\u00f3 szerv \u00e1ltal alap\u00edtott k\u00f6zalap\u00edtv\u00e1nyok neve, sz\u00e9khelye, el\u00e9rhet\u0151s\u00e9ge (postai c\u00edme, telefonsz\u00e1ma, elektronikus lev\u00e9lc\u00edme), alap\u00edt\u00f3 okirata, kezel\u0151 szerv\u00e9nek tagjai<\/strong><\/p>\n<p>Fel\u00f6lt\u00e9s alatt!<\/p>\n<p>A k\u00f6zfeladatot ell\u00e1t\u00f3 szerv \u00e1ltal alap\u00edtott k\u00f6lts\u00e9gvet\u00e9si szerv neve, sz\u00e9khelye, a k\u00f6lts\u00e9gvet\u00e9si szervet alap\u00edt\u00f3 jogszab\u00e1ly megjel\u00f6l\u00e9se, illetve az azt alap\u00edt\u00f3 hat\u00e1rozat, a k\u00f6lts\u00e9gvet\u00e9si szerv alap\u00edt\u00f3 okirata, vezet\u0151je, honlapj\u00e1nak el\u00e9rhet\u0151s\u00e9ge, m\u0171k\u00f6d\u00e9si enged\u00e9lye<\/p>\n<p>Felt\u00f6lt\u00e9s alatt!<\/p>\n<p><strong>A k\u00f6zfeladatot ell\u00e1t\u00f3 szerv \u00e1ltal alap\u00edtott lapok neve, a szerkeszt\u0151s\u00e9g \u00e9s kiad\u00f3 neve \u00e9s c\u00edme, valamint a f\u0151szerkeszt\u0151 neve<\/strong><\/p>\n<p>Felt\u00f6lt\u00e9s alatt!<\/p>\n<p><strong>A k\u00f6zfeladatot ell\u00e1t\u00f3 szerv felettes, illetve fel\u00fcgyeleti szerv\u00e9nek, hat\u00f3s\u00e1gi d\u00f6nt\u00e9sei tekintet\u00e9ben a fellebbez\u00e9s elb\u00edr\u00e1l\u00e1s\u00e1ra jogosult szervnek, ennek hi\u00e1ny\u00e1ban a k\u00f6zfeladatot ell\u00e1t\u00f3 szerv felett t\u00f6rv\u00e9nyess\u00e9gi ellen\u0151rz\u00e9st gyakorl\u00f3 szervnek az 1. pontban meghat\u00e1rozott adatai<\/strong><\/p>\n<p>T\u00f6rv\u00e9nyess\u00e9g fel\u00fcgyeleti jogk\u00f6r gyakorl\u00e1s\u00e1ra \u00f6nkorm\u00e1nyzatunk felett a Heves V\u00e1rmegyei Korm\u00e1nyhivatal gyakorol.<\/p>\n<p>A korm\u00e1nyhivatal el\u00e9rhet\u0151s\u00e9geit megtal\u00e1lja itt:&nbsp;<\/p>\n<p><a href=\"https:\/\/kormanyhivatalok.hu\/kormanyhivatalok\/heves\">https:\/\/kormanyhivatalok.hu\/kormanyhivatalok\/heves<\/a><\/p>\n<p><strong>A k\u00f6zfeladatot ell\u00e1t\u00f3 szerv feladat\u00e1t, hat\u00e1sk\u00f6r\u00e9t \u00e9s alaptev\u00e9kenys\u00e9g\u00e9t meghat\u00e1roz\u00f3, a szervre vonatkoz\u00f3 alapvet\u0151 jogszab\u00e1lyok, k\u00f6zjogi szervezetszab\u00e1lyoz\u00f3 eszk\u00f6z\u00f6k, valamint a szervezeti \u00e9s m\u0171k\u00f6d\u00e9si szab\u00e1lyzat vagy \u00fcgyrend, \u2013 ha azzal rendelkezik \u2013 az adatv\u00e9delmi \u00e9s adatbiztons\u00e1gi szab\u00e1lyzat hat\u00e1lyos \u00e9s teljes sz\u00f6vege<\/strong><\/p>\n<p>A m\u0171k\u00f6d\u00e9st \u00e9s a tev\u00e9kenys\u00e9get alapvet\u0151en <a href=\"https:\/\/njt.hu\/jogszabaly\/2011-4301-02-00\">Magyarorsz\u00e1g Alapt\u00f6rv\u00e9nye<\/a> \u00e9s <a href=\"https:\/\/njt.hu\/jogszabaly\/2011-189-00-00\">a Magyarorsz\u00e1g helyi \u00f6nkorm\u00e1nyzatair\u00f3l sz\u00f3l\u00f3 2011. \u00e9vi CLXXXXIX. t\u00f6rv\u00e9ny<\/a> hat\u00e1rozz\u00e1k meg.<\/p>\n<p>Az \u00f6nkorm\u00e1nyzat szervezeti \u00e9s m\u0171k\u00f6d\u00e9si szab\u00e1lyzata el\u00e9rhet\u0151 itt: <a href=\"https:\/\/or.njt.hu\/eli\/380524\/r\/2024\/5\">SZMSZ<\/a><\/p>\n<p>Az adatv\u00e9delmi \u00e9s adatbiztons\u00e1gi szab\u00e1lyzat el\u00e9rhet\u0151 itt:&nbsp;<\/p>\n<p><strong>A helyi \u00f6nkorm\u00e1nyzat \u00f6nk\u00e9nt v\u00e1llalt feladatai<\/strong><\/p>\n<p>A helyi \u00f6nkorm\u00e1nyzatnak nincsenek \u00f6nk\u00e9nt v\u00e1llalt feladatai.<\/p>\n<p><strong>\u00c1llamigazgat\u00e1si, \u00f6nkorm\u00e1nyzati, \u00e9s egy\u00e9b hat\u00f3s\u00e1gi \u00fcgyekben \u00fcgyfajt\u00e1nk\u00e9nt \u00e9s elj\u00e1r\u00e1st\u00edpusonk\u00e9nt a hat\u00e1sk\u00f6rrel rendelkez\u0151 szerv megnevez\u00e9se (&#8230;) <\/strong><\/p>\n<p><a href=\"https:\/\/mezoszemere.hu\/web\/polgarmesterihivatal\/\">Az \u00fcgyint\u00e9z\u00e9si infrom\u00e1ci\u00f3kat ide kattintva tal\u00e1lja meg<\/a>.<\/p>\n<p><strong>A k\u00f6zfeladatot ell\u00e1t\u00f3 szerv \u00e1ltal ny\u00fajtott vagy k\u00f6lts\u00e9gvet\u00e9s\u00e9b\u0151l finansz\u00edrozott k\u00f6zszolg\u00e1ltat\u00e1sok megnevez\u00e9se, tartalma, a k\u00f6zszolg\u00e1ltat\u00e1sok ig\u00e9nybev\u00e9tel\u00e9nek rendje, a k\u00f6zszolg\u00e1ltat\u00e1s\u00e9rt fizetend\u0151 d\u00edj m\u00e9rt\u00e9ke, az abb\u00f3l adott kedvezm\u00e9nyek<\/strong><\/p>\n<p>Felt\u00f6lt\u00e9s alatt!<\/p>\n<p><strong>A k\u00f6zfeladatot ell\u00e1t\u00f3 szerv nyilv\u00e1nos kiadv\u00e1nyainak c\u00edme, t\u00e9m\u00e1ja, a hozz\u00e1f\u00e9r\u00e9s m\u00f3dja, a kiadv\u00e1ny ingyeness\u00e9ge, illetve a k\u00f6lts\u00e9gt\u00e9r\u00edt\u00e9s m\u00e9rt\u00e9ke<\/strong><\/p>\n<p>Felt\u00f6lt\u00e9s alatt!<\/p>\n<p><strong>A test\u00fcleti szerv d\u00f6nt\u00e9sei el\u0151k\u00e9sz\u00edt\u00e9s\u00e9nek rendje, az \u00e1llampolg\u00e1ri k\u00f6zrem\u0171k\u00f6d\u00e9s (v\u00e9lem\u00e9nyez\u00e9s) m\u00f3dja, elj\u00e1r\u00e1si szab\u00e1lyai, a test\u00fcleti szerv \u00fcl\u00e9seinek helye, ideje, tov\u00e1bb\u00e1 nyilv\u00e1noss\u00e1ga, d\u00f6nt\u00e9sei, \u00fcl\u00e9s\u00e9nek jegyz\u0151k\u00f6nyvei, illetve \u00f6sszefoglal\u00f3i; a test\u00fcleti szerv szavaz\u00e1s\u00e1nak adatai, ha ezt jogszab\u00e1ly nem korl\u00e1tozza<\/strong><\/p>\n<p>Az el\u0151k\u00e9sz\u00edt\u00e9s rendj\u00e9t \u00e9s a v\u00e9lem\u00e9nyez\u00e9s szab\u00e1lyait <a href=\"https:\/\/or.njt.hu\/eli\/380524\/r\/2024\/5\">SZMSZ-\u00fcnkben tal\u00e1lja meg<\/a><\/p>\n<p><a href=\"https:\/\/or.njt.hu\/onkorm\/-:-:523:-:-:1:-:-:-\/1\/10\">Rendeleteinket itt \u00e9ri el<\/a><\/p>\n<p>A k\u00e9pvisel\u0151-test\u00fcleti <a href=\"https:\/\/mezoszemere.hu\/web\/jegyzokonyvek\/\">jegyz\u0151k\u00f6nyvek itt tekinthet\u0151k meg<\/a>.<\/p>\n<p><strong>A t\u00f6rv\u00e9ny alapj\u00e1n k\u00f6zz\u00e9teend\u0151 jogszab\u00e1lytervezetek \u00e9s kapcsol\u00f3d\u00f3 dokumentumok; a helyi \u00f6nkorm\u00e1nyzat k\u00e9pvisel\u0151-test\u00fclet\u00e9nek nyilv\u00e1nos \u00fcl\u00e9s\u00e9re beny\u00fajtott el\u0151terjeszt\u00e9sek a beny\u00fajt\u00e1s id\u0151pontj\u00e1t\u00f3l<\/strong><\/p>\n<p>Felt\u00f6l\u00e9s alatt!<\/p>\n<p><strong> A k\u00f6zfeladatot ell\u00e1t\u00f3 szerv \u00e1ltal k\u00f6zz\u00e9tett hirdetm\u00e9nyek, k\u00f6zlem\u00e9nyek<\/strong><\/p>\n<p>Hirdetm\u00e9nyeinket itt tal\u00e1lja:&nbsp;<a href=\"https:\/\/hirdetmenyek.gov.hu\">https:\/\/hirdetmenyek.gov.hu<\/a>. A keres\u0151mez\u0151ben \u00e1ll\u00edtsa be az \u00e9rt\u00e9ket Mez\u0151szemer\u00e9re!<\/p>\n<p><strong>A k\u00f6zfeladatot ell\u00e1t\u00f3 szerv \u00e1ltal ki\u00edrt p\u00e1ly\u00e1zatok szakmai le\u00edr\u00e1sa, azok eredm\u00e9nyei \u00e9s indokol\u00e1suk<\/strong><\/p>\n<p><a href=\"https:\/\/mezoszemere.hu\/web\/category\/palyazatok\/\">Az inform\u00e1ci\u00f3kat megtal\u00e1lja ide kattintva!<\/a><\/p>\n<p><strong>A k\u00f6zfeladatot ell\u00e1t\u00f3 szervn\u00e9l v\u00e9gzett alaptev\u00e9kenys\u00e9ggel kapcsolatos vizsg\u00e1latok, ellen\u0151rz\u00e9sek nyilv\u00e1nos meg\u00e1llap\u00edt\u00e1sai<\/strong><\/p>\n<p>Felt\u00f6lt\u00e9s alatt!<\/p>\n<p><strong>A k\u00f6z\u00e9rdek\u0171 adatok megismer\u00e9s\u00e9re ir\u00e1nyul\u00f3 ig\u00e9nyek int\u00e9z\u00e9s\u00e9nek rendje, az illet\u00e9kes szervezeti egys\u00e9g neve, el\u00e9rhet\u0151s\u00e9ge, az inform\u00e1ci\u00f3s jogokkal foglalkoz\u00f3 szem\u00e9ly neve<\/strong><\/p>\n<p>Felt\u00f6lt\u00e9s alatt!<\/p>\n<p><strong>A k\u00f6zfeladatot ell\u00e1t\u00f3 szerv \u00e9ves k\u00f6lts\u00e9gvet\u00e9se, sz\u00e1mviteli t\u00f6rv\u00e9ny szerint besz\u00e1mol\u00f3ja vagy \u00e9ves k\u00f6lts\u00e9gvet\u00e9s besz\u00e1mol\u00f3ja<\/strong><\/p>\n<p><a href=\"https:\/\/or.njt.hu\/eli\/380524\/r\/2025\/1\">2025. \u00e9vi k\u00f6lts\u00e9gvet\u00e9si rendelet<\/a><\/p>\n<p><a href=\"https:\/\/or.njt.hu\/eli\/380524\/r\/2024\/3\">2023. \u00e9vi z\u00e1rsz\u00e1mad\u00e1sr\u00f3l sz\u00f3l\u00f3 rendelet<\/a><\/p>\n<p><strong>A k\u00f6zfeladatot ell\u00e1t\u00f3 szervn\u00e9l foglalkoztatottak l\u00e9tsz\u00e1m\u00e1ra \u00e9s szem\u00e9lyi juttat\u00e1saira vonatkoz\u00f3 \u00f6sszes\u00edtett adatok, illetve \u00f6sszes\u00edtve a vezet\u0151k \u00e9s vezet\u0151 tiszts\u00e9gvisel\u0151k illetm\u00e9nye, munkab\u00e9re, \u00e9s rendszeres juttat\u00e1sai, valamint k\u00f6lts\u00e9gt\u00e9r\u00edt\u00e9se, az egy\u00e9b alkalmazottaknak ny\u00fajtott juttat\u00e1sok fajt\u00e1ja \u00e9s m\u00e9rt\u00e9ke \u00f6sszes\u00edtve<\/strong><\/p>\n<p>Felt\u00f6lt\u00e9s alatt!<\/p>\n<p><strong> A k\u00f6zfeladatot ell\u00e1t\u00f3 szerv \u00e1ltal ny\u00fajtott, az \u00e1llamh\u00e1ztart\u00e1sr\u00f3l sz\u00f3l\u00f3 t\u00f6rv\u00e9ny szerinti k\u00f6lts\u00e9gvet\u00e9si t\u00e1mogat\u00e1sok kedvezm\u00e9nyezettjeinek nev\u00e9re, a t\u00e1mogat\u00e1s c\u00e9lj\u00e1ra, \u00f6sszeg\u00e9re, tov\u00e1bb\u00e1 a t\u00e1mogat\u00e1si program megval\u00f3s\u00edt\u00e1si hely\u00e9re vonatkoz\u00f3 adatok, kiv\u00e9ve, ha a k\u00f6zz\u00e9t\u00e9tel el\u0151tt a k\u00f6lts\u00e9gvet\u00e9si t\u00e1mogat\u00e1st visszavonj\u00e1k vagy arr\u00f3l a kedvezm\u00e9nyezett lemond<\/strong><\/p>\n<p>Felt\u00f6lt\u00e9s alatt!<\/p>\n<p><strong>Az \u00e1llamh\u00e1ztart\u00e1s p\u00e9nzeszk\u00f6zei felhaszn\u00e1l\u00e1s\u00e1val, az \u00e1llamh\u00e1ztart\u00e1shoz tartoz\u00f3 vagyonnal t\u00f6rt\u00e9n\u0151 gazd\u00e1lkod\u00e1ssal \u00f6sszef\u00fcgg\u0151, \u00f6tmilli\u00f3 forintot el\u00e9r\u0151 vagy azt meghalad\u00f3 \u00e9rt\u00e9k\u0171 \u00e1rubeszerz\u00e9sre, \u00e9p\u00edt\u00e9si beruh\u00e1z\u00e1sra, szolg\u00e1ltat\u00e1s megrendel\u00e9sre, vagyon\u00e9rt\u00e9kes\u00edt\u00e9sre, vagyonhasznos\u00edt\u00e1sra, vagyon vagy vagyoni \u00e9rt\u00e9k\u0171 jog \u00e1tad\u00e1s\u00e1ra, valamint koncesszi\u00f3ba ad\u00e1sra vonatkoz\u00f3 szerz\u0151d\u00e9sek megnevez\u00e9se (t\u00edpusa), t\u00e1rgya, a szerz\u0151d\u00e9st k\u00f6t\u0151 felek neve, a szerz\u0151d\u00e9s \u00e9rt\u00e9ke, hat\u00e1rozott id\u0151re k\u00f6t\u00f6tt szerz\u0151d\u00e9s eset\u00e9ben annak id\u0151tartama, valamint az eml\u00edtett adatok v\u00e1ltoz\u00e1sai, a v\u00e9delmi \u00e9s biztons\u00e1gi c\u00e9l\u00fa beszerz\u00e9sek adatai \u00e9s a min\u0151s\u00edtett adatok, tov\u00e1bb\u00e1 a k\u00f6zbeszerz\u00e9sekr\u0151l sz\u00f3l\u00f3 2015. \u00e9vi CXLIII. t\u00f6rv\u00e9ny 9. \u00a7 (1) bekezd\u00e9s b) pontja szerinti beszerz\u00e9sek \u00e9s az azok eredm\u00e9nyek\u00e9nt k\u00f6t\u00f6tt szerz\u0151d\u00e9sek adatai kiv\u00e9tel\u00e9vel<\/strong><\/p>\n<p>Felt\u00f6lt\u00e9s alatt!<\/p>\n<p><strong>A koncesszi\u00f3r\u00f3l sz\u00f3l\u00f3 t\u00f6rv\u00e9nyben meghat\u00e1rozott nyilv\u00e1nos adatok (p\u00e1ly\u00e1zati ki\u00edr\u00e1sok, p\u00e1ly\u00e1z\u00f3k adatai, az elb\u00edr\u00e1l\u00e1sr\u00f3l k\u00e9sz\u00edtett eml\u00e9keztet\u0151k, p\u00e1ly\u00e1zat eredm\u00e9nye)<\/strong><\/p>\n<p>Felt\u00f6lt\u00e9s alatt!<\/p>\n<p><strong>A k\u00f6zfeladatot ell\u00e1t\u00f3 szerv \u00e1ltal nem alapfeladatai ell\u00e1t\u00e1s\u00e1ra (\u00edgy k\u00fcl\u00f6n\u00f6sen egyes\u00fclet t\u00e1mogat\u00e1s\u00e1ra, foglalkoztatottai szakmai \u00e9s munkav\u00e1llal\u00f3i \u00e9rdek-k\u00e9pviseleti szervei sz\u00e1m\u00e1ra, foglalkoztatottjai, ell\u00e1tottjai oktat\u00e1si, kultur\u00e1lis, szoci\u00e1lis \u00e9s sporttev\u00e9kenys\u00e9get seg\u00edt\u0151 szervezet t\u00e1mogat\u00e1s\u00e1ra, alap\u00edtv\u00e1nyok \u00e1ltal ell\u00e1tott feladatokkal \u00f6sszef\u00fcgg\u0151 kifizet\u00e9sre) ford\u00edtott, \u00f6tmilli\u00f3 forintot meghalad\u00f3 kifizet\u00e9sek<\/strong><\/p>\n<p>Felt\u00f6lt\u00e9s alatt!<\/p>\n<p><strong>Az Eur\u00f3pai Uni\u00f3 t\u00e1mogat\u00e1s\u00e1val megval\u00f3sul\u00f3 fejleszt\u00e9sek le\u00edr\u00e1sa, az azokra vonatkoz\u00f3 szerz\u0151d\u00e9sek<\/strong><\/p>\n<p><a href=\"https:\/\/mezoszemere.hu\/web\/category\/palyazatok\/\">Az inform\u00e1ci\u00f3kat megtal\u00e1lja ide kattintva!<\/a><\/p>\n<p><strong> K\u00f6zbeszerz\u00e9si inform\u00e1ci\u00f3k (\u00e9ves terv, \u00f6sszegz\u00e9s az aj\u00e1nlatok elb\u00edr\u00e1l\u00e1s\u00e1r\u00f3l, a megk\u00f6t\u00f6tt szerz\u0151d\u00e9sekr\u0151l)<\/strong><\/p>\n<p>Felt\u00f6lt\u00e9s alatt!<\/p>\n","protected":false},"excerpt":{"rendered":"<p>\u00c1LTAL\u00c1NOS K\u00d6ZZ\u00c9T\u00c9TELI LISTA (felt\u00f6lt\u00e9s alatt!) A k\u00f6zfeladatot ell\u00e1t\u00f3 szerv hivatalos neve, sz\u00e9khelye, postai c\u00edme, telefonsz\u00e1ma, elektronikus lev\u00e9lc\u00edme, honlapja, \u00fcgyf\u00e9lszolg\u00e1lat\u00e1nak el\u00e9rhet\u0151s\u00e9gei Mez\u0151szemere K\u00f6zs\u00e9gi \u00d6nkorm\u00e1nyzat Sz\u00e9khely (postac\u00edm):&nbsp;3378 Mez\u0151szemere, M\u00e1jus 1 \u00fat 36. &hellip; <\/p>\n","protected":false},"author":2,"featured_media":0,"parent":0,"menu_order":0,"comment_status":"closed","ping_status":"closed","template":"","meta":{"ngg_post_thumbnail":0,"footnotes":""},"class_list":["post-1919","page","type-page","status-publish","hentry"],"_links":{"self":[{"href":"http:\/\/mezoszemere.hu\/web\/wp-json\/wp\/v2\/pages\/1919","targetHints":{"allow":["GET"]}}],"collection":[{"href":"http:\/\/mezoszemere.hu\/web\/wp-json\/wp\/v2\/pages"}],"about":[{"href":"http:\/\/mezoszemere.hu\/web\/wp-json\/wp\/v2\/types\/page"}],"author":[{"embeddable":true,"href":"http:\/\/mezoszemere.hu\/web\/wp-json\/wp\/v2\/users\/2"}],"replies":[{"embeddable":true,"href":"http:\/\/mezoszemere.hu\/web\/wp-json\/wp\/v2\/comments?post=1919"}],"version-history":[{"count":7,"href":"http:\/\/mezoszemere.hu\/web\/wp-json\/wp\/v2\/pages\/1919\/revisions"}],"predecessor-version":[{"id":2522,"href":"http:\/\/mezoszemere.hu\/web\/wp-json\/wp\/v2\/pages\/1919\/revisions\/2522"}],"wp:attachment":[{"href":"http:\/\/mezoszemere.hu\/web\/wp-json\/wp\/v2\/media?parent=1919"}],"curies":[{"name":"wp","href":"https:\/\/api.w.org\/{rel}","templated":true}]}}