{"id":2004,"date":"2022-04-24T11:02:20","date_gmt":"2022-04-24T10:02:20","guid":{"rendered":"http:\/\/mezoszemere.hu\/web\/?page_id=2004"},"modified":"2022-04-30T21:23:32","modified_gmt":"2022-04-30T20:23:32","slug":"adatkezelesi-tajekoztato-allaspalyazatok","status":"publish","type":"page","link":"http:\/\/mezoszemere.hu\/web\/adatkezelesi-tajekoztato-allaspalyazatok\/","title":{"rendered":"Adatkezel\u00e9si t\u00e1j\u00e9koztat\u00f3 &#8211; \u00e1ll\u00e1sp\u00e1ly\u00e1zatok"},"content":{"rendered":"<p>&nbsp;<\/p>\n<p><strong>\u00c1LL\u00c1SP\u00c1LY\u00c1ZATOKKAL \u00d6SSZEF\u00dcGG\u0150 \u00d6SSZEVONT ADATKEZEL\u00c9SI T\u00c1J\u00c9KOZTAT\u00d3 | Mez\u0151szemere K\u00f6zs\u00e9gi \u00d6nkorm\u00e1nyzat \u00e9s k\u00f6lts\u00e9gvet\u00e9si szervei<\/strong><\/p>\n<p>[Amennyiben a t\u00e1j\u00e9koztat\u00f3t megismerte \u00e9s annak ismeret\u00e9ben tov\u00e1bbra is fenntartja beny\u00fajt\u00e1si sz\u00e1nd\u00e9k\u00e1t, \u00fagy k\u00e9rj\u00fck a k\u00f6vetkez\u0151 nyilatkozatot t\u00f6ltse le \u00e9s kit\u00f6ltve csatolja p\u00e1ly\u00e1zati anyag\u00e1hoz: <a href=\"http:\/\/mezoszemere.hu\/web\/wp-content\/uploads\/2022\/04\/HOZZ\u00c1J\u00c1RUL\u00d3-NYILATKOZA1.pdf\">LET\u00d6LHET\u0150 NYILATKOZAT<\/a>]<\/p>\n<p>AZ ADATKEZEL\u00c9SI T\u00c1J\u00c9KOZTAT\u00d3 ELK\u00c9SZ\u00cdT\u00c9S\u00c9NEK C\u00c9LJA<\/p>\n<p style=\"text-align: justify;\">A t\u00e1j\u00e9koztat\u00e1s c\u00e9lja, hogy e dokumentumban bemutassuk az \u00e9rintetteknek Mez\u0151szemere K\u00f6zs\u00e9gi \u00d6nkorm\u00e1nyzat, valamint k\u00f6lts\u00e9gvet\u00e9si szervei, mint adatkezel\u0151k \u00e1ll\u00e1sp\u00e1ly\u00e1zatok kezel\u00e9s\u00e9vel \u00f6sszef\u00fcgg\u0151 adatkezel\u00e9si tev\u00e9kenys\u00e9gei sor\u00e1n az adatkezel\u0151 tudom\u00e1s\u00e1ra jutott szem\u00e9lyes adatok kezel\u00e9s\u00e9t, tov\u00e1bb\u00e1 rendelkez\u00e9s\u00fckre bocs\u00e1suk az adatkezel\u00e9s legfontosabb jellemz\u0151ire, k\u00f6r\u00fclm\u00e9nyeire vonatkoz\u00f3 inform\u00e1ci\u00f3kat.<\/p>\n<p style=\"text-align: justify;\">\u00c9rintett b\u00e1rki lehet, akinek szem\u00e9lyes adatait az \u00e1ll\u00e1sp\u00e1lyzattal \u00f6sszef\u00fcgg\u00e9sben Mez\u0151szemere K\u00f6zs\u00e9gi \u00d6nkorm\u00e1nyzat vagy annak valamely k\u00f6lts\u00e9gvet\u00e9si szerve kezeli.<\/p>\n<p style=\"text-align: justify;\">A t\u00e1j\u00e9koztat\u00f3 a term\u00e9szetes szem\u00e9lyeknek a szem\u00e9lyes adatok kezel\u00e9se tekintet\u00e9ben t\u00f6rt\u00e9n\u0151 v\u00e9delm\u00e9r\u0151l \u00e9s az ilyen adatok szabad \u00e1raml\u00e1s\u00e1r\u00f3l, valamint a 95\/46\/EK rendelet hat\u00e1lyon k\u00edv\u00fcl helyez\u00e9s\u00e9r\u0151l sz\u00f3l\u00f3, az Eur\u00f3pai Parlament \u00e9s a Tan\u00e1cs (EU) 2016\/679 rendelete (a tov\u00e1bbiakban: \u00e1ltal\u00e1nos adatv\u00e9delmi rendelet vagy GDPR), valamint az inform\u00e1ci\u00f3s \u00f6nrendelkez\u00e9si jogr\u00f3l \u00e9s az inform\u00e1ci\u00f3szabads\u00e1gr\u00f3l sz\u00f3l\u00f3 2011. \u00e9vi CXII. t\u00f6rv\u00e9ny (a tov\u00e1bbiakban: az Infotv.) rendelkez\u00e9seinek megfelel\u0151en k\u00e9sz\u00fclt el. A fogalmak \u00e9rtelmez\u00e9s\u00e9n\u00e9l a fenti jogszab\u00e1lyokban foglalt \u00e9rtelmez\u0151 rendelkez\u00e9sek az ir\u00e1nyad\u00f3ak.<\/p>\n<p style=\"text-align: justify;\">A GDPR sz\u00f6vege megtekinthet\u0151 itt: <a href=\"https:\/\/eur-lex.europa.eu\/legal-content\/HU\/TXT\/HTML\/?uri=CELEX:32016R0679\">https:\/\/eur-lex.europa.eu\/legal-content\/HU\/TXT\/HTML\/?uri=CELEX:32016R0679<\/a><\/p>\n<p style=\"text-align: justify;\">KI KEZELI A SZEM\u00c9LYES ADATOKAT?<\/p>\n<p style=\"text-align: justify;\">Az e t\u00e1j\u00e9koztat\u00f3ban \u00e9s a kapcsol\u00f3d\u00f3 egyedi adatkezel\u00e9si t\u00e1j\u00e9koztat\u00f3k vonatkoz\u00e1s\u00e1ban adatkezel\u0151nek Mez\u0151szemere K\u00f6zs\u00e9gi \u00d6nkorm\u00e1nyzat (a tov\u00e1bbiakban: az Adatkezel\u0151), az \u00f6nkorm\u00e1nyzat ir\u00e1ny\u00edt\u00e1sa al\u00e1 tartoz\u00f3, vagy az \u00f6nkorm\u00e1nyzat alap\u00edt\u00e1s\u00e1val m\u0171k\u00f6d\u0151 k\u00f6lts\u00e9gvet\u00e9si szervek eset\u00e9n a p\u00e1ly\u00e1zatot ki\u00edr\u00f3 k\u00f6lts\u00e9gvet\u00e9si szerv min\u0151s\u00fcl.<\/p>\n<p style=\"text-align: justify;\">Adatkezel\u0151 lehet:<\/p>\n<p><strong>Mez\u0151szemere K\u00f6zs\u00e9gi \u00d6nkorm\u00e1nyzat<\/strong> (3378 Mez\u0151szemere, M\u00e1jus 1. \u00fat 36.; k\u00e9pviseli: Jakab G\u00e1bor polg\u00e1rmester)<\/p>\n<p style=\"text-align: justify;\">El\u00e9rhet\u0151s\u00e9ge: 06\/36\/490-000<\/p>\n<p style=\"text-align: justify;\"><span style=\"font-size: 1rem;\">Adatv\u00e9delmi tisztvisel\u0151je (DPO): SMARTLEX Solutions Kft. (e-mail:&nbsp;<\/span>dpo@smartlex.hu)<\/p>\n<p><strong>Mez\u0151szemerei \u00d3voda<\/strong> ( 3378 Mez\u0151szemere, Somogyi B\u00e9la \u00fat 2.; k\u00e9pviseli: Szab\u00f3n\u00e9 T\u00f6r\u00f6k Erika int\u00e9zm\u00e9nyvezet\u0151)<\/p>\n<p>El\u00e9rhet\u0151s\u00e9ge:&nbsp;&nbsp;06\/36\/490-155<\/p>\n<p>DPO:&nbsp;<span style=\"font-size: 1rem;\">SMARTLEX Solutions Kft. (e-mail:&nbsp;<\/span>dpo@smartlex.hu)<\/p>\n<p><strong>Gondoz\u00e1si K\u00f6zpont<\/strong> (3378 Mez\u0151szemere, Somogyi B\u00e9la \u00fat 4.; k\u00e9pviseli: T\u00e1pai Anna int\u00e9zm\u00e9nyvezet\u0151)<\/p>\n<p>El\u00e9rhet\u0151s\u00e9ge:&nbsp;06\/36\/490-009<\/p>\n<p>DPO:&nbsp;<span style=\"font-size: 1rem;\">SMARTLEX Solutions Kft. (e-mail:&nbsp;<\/span>dpo@smartlex.hu)<\/p>\n<p style=\"text-align: justify;\"><strong>Szihalmi K\u00f6z\u00f6s \u00d6nkorm\u00e1nyzati Hivatal<\/strong> (3377 Szihalom, Hunyadi J\u00e1nos \u00fat 78.; k\u00e9pviseli: Sz\u00e9ll G\u00e1born\u00e9 Blask\u00f3 Erzs\u00e9bet jegyz\u0151, mez\u0151szemerei \u00fcgyekben: Dr. Lipt\u00e1k T\u00fcnde kirendelts\u00e9gvezet\u0151)<\/p>\n<p>El\u00e9rhet\u0151s\u00e9ge: jegyzo@mezoszemere.hu<\/p>\n<p>DPO: Dr. Pet\u0151 Bal\u00e1zs (e-mail: info@petobalazs.hu)<\/p>\n<p style=\"text-align: justify;\"><em>Az Adatkezel\u0151 szem\u00e9lyes adatok megismer\u00e9s\u00e9re jogosult munkat\u00e1rsair\u00f3l, illetve az adattov\u00e1bb\u00edt\u00e1sok c\u00edmzettjeir\u0151l lentebb olvashat.<\/em><\/p>\n<p>AZ ADATKEZEL\u00c9SI TEV\u00c9KENYS\u00c9G C\u00c9LJA<\/p>\n<p>Toborz\u00e1s, \u00faj jogviszony l\u00e9tes\u00edt\u00e9se \u00e9rdek\u00e9ben<\/p>\n<p>AZ ADATKEZEL\u00c9SI TEV\u00c9KENYS\u00c9G JOGALAPJA<\/p>\n<p style=\"text-align: justify;\">Az adatkezel\u00e9s jogalapja a GDPR 6. cikk (1) bekezd\u00e9s\u00e9nek a) pontja [az \u00e9rintett \u00f6nk\u00e9ntes hozz\u00e1j\u00e1rul\u00e1sa szem\u00e9lyes adatai kezel\u00e9s\u00e9hez]. Amennyiben az \u00e9rintett adatainak meg\u0151rz\u00e9s\u00e9t k\u00e9ri, \u00fagy erre ir\u00e1nyul\u00f3 k\u00fcl\u00f6n \u00f6nk\u00e9ntes hozz\u00e1j\u00e1rul\u00e1st kell tennie [GDPR 6. cikk (1) bekezd\u00e9s\u00e9nek a) pontja]. Tekintettel arra, hogy az \u00f6nkorm\u00e1nyzat hivatala kiz\u00e1r\u00f3lag k\u00f6zfeladatot ell\u00e1t\u00f3 szervezetnek min\u0151s\u00fcl, az adatkezel\u00e9si tev\u00e9kenys\u00e9g jogalapja az e szervezet \u00e1ltal ki\u00edrt \u00e1ll\u00e1sp\u00e1ly\u00e1zatok eset\u00e9ben a GDPR. 6. cikk (1) bekezd\u00e9s\u00e9nek e) pontja lesz, amely az el\u0151z\u0151 jogalapokat mag\u00e1ba olvasztja (ld. NAIH 2018. \u00e9vi besz\u00e1mol\u00f3ja).<\/p>\n<p>MILYEN SZEM\u00c9LYES ADATOK KEZEL\u00c9S\u00c9RE KER\u00dcL SOR?<\/p>\n<p style=\"text-align: justify;\">Az \u00e1ll\u00e1shirdet\u00e9sre jelentkez\u0151 temr\u00e9szetes szem\u00e9ly neve, sz\u00fclet\u00e9si helye \u00e9s ideje, anyja sz\u00fclet\u00e9si neve, v\u00e9gzetts\u00e9gre, k\u00e9pes\u00edt\u00e9sekre, el\u0151z\u0151 munkahelyekre vonatkoz\u00f3 adatok, illetve minden olyan m\u00e1s szem\u00e9lyes adat, amelyet a jelentkez\u0151 az \u00f6n\u00e9letrajzban vagy annak mell\u00e9kletek\u00e9nt megad.<\/p>\n<p>KI F\u00c9R HOZZ\u00c1 A KEZELT SZEM\u00c9LYES ADATOKHOZ?<\/p>\n<p style=\"text-align: justify;\">Meghirdetett (k\u00f6zz\u00e9tett) \u00e1ll\u00e1shelyre val\u00f3 jelentkez\u00e9s eset\u00e9n a p\u00e1ly\u00e1zat kezel\u00e9s\u00e9ben \u00e9s a kiv\u00e1laszt\u00e1si folyamatban r\u00e9szt vev\u0151 szem\u00e9lyek (jellemz\u0151en: az adott szervezet vezet\u0151je, mint munk\u00e1ltat\u00f3i jogok gyakorl\u00f3ja, tov\u00e1bb\u00e1 a toborz\u00e1si feladatokat ell\u00e1t\u00f3 dolgoz\u00f3). Az \u00f6nkorm\u00e1nyzat hivatala r\u00e9sz\u00e9re beny\u00fajtott p\u00e1ly\u00e1zat, valamint az int\u00e9zm\u00e9nyvezet\u0151i p\u00e1ly\u00e1zatok elb\u00edr\u00e1l\u00e1sa sor\u00e1n a szem\u00e9lyes adatokhoz a polg\u00e1rmester (ut\u00f3bbi esetben a k\u00e9pvisel\u0151-test\u00fclet is) hozz\u00e1f\u00e9r. Nem meghirdetett \u00e1ll\u00e1shely eset\u00e9n az adatokat a k\u00fcldem\u00e9ny c\u00edmzettje ismeri meg, aki tov\u00e1bb\u00edthatja a k\u00fcldem\u00e9nyt a munk\u00e1ltat\u00f3i jogk\u00f6r gyakorl\u00f3j\u00e1hoz<\/p>\n<p>MEDDIG TART A SZEM\u00c9LYES ADATOK KEZEL\u00c9SE?<\/p>\n<p style=\"text-align: justify;\">A meghirdetett \u00e1ll\u00e1shelyre t\u00f6rt\u00e9n\u0151 jelentkez\u00e9s eset\u00e9n, amennyiben nem a jelentkez\u0151 nyeri el az adott poz\u00edci\u00f3t, \u00fagy valamennyi, \u00e1ltala megk\u00fcld\u00f6tt dokumentumot halad\u00e9ktalanul vissza kell r\u00e9sz\u00e9re juttatni, illetve gondoskodni kell arr\u00f3l, hogy a kapcsol\u00f3d\u00f3 elektronikus \u00e1llom\u00e1nyok is t\u00f6rl\u00e9sre ker\u00fcljenek. A fenti elj\u00e1r\u00e1srend ir\u00e1nyad\u00f3 arra az esetre is, ha az \u00f6n\u00e9letrajz (p\u00e1ly\u00e1zat) meghirdetett \u00e1ll\u00e1shelyt\u0151l f\u00fcggetlen\u00fcl ker\u00fclt megk\u00fcld\u00e9sre \u00e9s a munk\u00e1ltat\u00f3i jogk\u00f6r gyakorl\u00f3ja nem k\u00edv\u00e1nja alkalmazni a jelentkez\u0151t (vagy jogszab\u00e1lyi rendelkez\u00e9s \u00e9rtelm\u00e9ben p\u00e1ly\u00e1zati elj\u00e1r\u00e1s n\u00e9lk\u00fcl nem alkalmazhatja). A fentiek al\u00f3l kiv\u00e9telt k\u00e9pez az az eset, ha a jelentkez\u0151 \u00f6nk\u00e9ntes, \u00edr\u00e1sos nyilatkozatot mell\u00e9kel a p\u00e1ly\u00e1zati anyaghoz, amelyben kifejezetten hozz\u00e1j\u00e1rul adatai kezel\u00e9s\u00e9hez (\u0151rz\u00e9s\u00e9hez) egy k\u00e9s\u0151bbi id\u0151pontban meg\u00fcresed\u0151 vagy l\u00e9trej\u00f6v\u0151 \u00e1ll\u00e1shely bet\u00f6lt\u00e9se c\u00e9lj\u00e1b\u00f3l. Az adatkezel\u00e9s id\u0151tartama ez esetben sem haladhatja meg az egy \u00e9vet.<\/p>\n<p>MILYEN K\u00dcLS\u0150 SZOLG\u00c1LTAT\u00d3 (ADATFELDOLGOZ\u00d3) IG\u00c9NYBEV\u00c9TEL\u00c9RE KER\u00dcL SOR?<\/p>\n<p style=\"text-align: justify;\">Az adatkezel\u00e9si m\u0171velet sor\u00e1n adatfeldolgoz\u00f3 ig\u00e9nybev\u00e9tel\u00e9re alapvet\u0151en nem ker\u00fcl sor. A k\u00f6zalkalmazotti p\u00e1ly\u00e1zati felh\u00edv\u00e1st az \u00f6nkorm\u00e1nyzat k\u00f6zz\u00e9teszi a BM www.kozigallas.hu oldal\u00e1n is. Amennyiben az \u00e1ll\u00e1sp\u00e1ly\u00e1zat beny\u00fajt\u00e1sa e-mailben t\u00f6rt\u00e9nik, \u00fagy a t\u00e1rhelyszolg\u00e1ltat\u00f3 adatfeldolgoz\u00f3nak tekintend\u0151. T\u00e1rhelyszolg\u00e1ltat\u00f3:<\/p>\n<p>Data Center Solutions Kft.<br \/>\n3300 Eger, Kod\u00e1ly Zolt\u00e1n \u00fat 6.<br \/>\nAd\u00f3sz\u00e1m: 25728617-2-10<br \/>\ninfo@dchosting.hu<\/p>\n<p style=\"text-align: justify;\">A SZEM\u00c9LYES ADATOK KEZEL\u00c9SE SOR\u00c1N AZ ADATKEZEL\u0150 \u00c1LTAL FONTOSNAK TARTOTT ELVEK:<\/p>\n<p style=\"text-align: justify;\">Adatkezel\u0151 az adatkezel\u00e9si tev\u00e9kenys\u00e9g sor\u00e1n tiszteletben tartja az \u00e9rintettek szem\u00e9lyhez f\u0171z\u0151d\u0151 jogait, amelynek sor\u00e1n azokat a hat\u00e1lyos jogszab\u00e1lyi el\u0151\u00edr\u00e1sok figyelembev\u00e9tel\u00e9vel kezeli. Erre tekintettel garant\u00e1lja a GDPR-ben \u00e9s az Infotv-ben, mindezeken t\u00fal pedig a konkr\u00e9t adatkezel\u00e9seket \u00e9rint\u0151 \u00e1gazati jogszab\u00e1lyokban foglaltak \u00e9rv\u00e9nyre juttat\u00e1s\u00e1t.<\/p>\n<p style=\"text-align: justify;\">Adatai biztons\u00e1g\u00e1t a k\u00f6vetkez\u0151k szerint garant\u00e1ljuk: minden szem\u00e9lyes adat a lehets\u00e9ges \u00e9s sz\u00fcks\u00e9ges technikai \u00e9s szervez\u00e9si int\u00e9zked\u00e9ssel r\u00e9szes\u00fcl v\u00e9delemben. Ennek sor\u00e1n k\u00fcl\u00f6n\u00f6sen nagy figyelmet ford\u00edtunk a szem\u00e9lyes adatok bizalmass\u00e1g\u00e1nak (confidentiality), s\u00e9rtetlens\u00e9g\u00e9nek (integrity) \u00e9s rendelkez\u00e9sre \u00e1ll\u00e1s\u00e1nak (availability) biztos\u00edt\u00e1sa \u00e9rdek\u00e9ben (\u00fan. CIA-elv).<\/p>\n<p style=\"text-align: justify;\">AZ ADATKEZEL\u0150 \u00c1LTAL KEZELT SZEM\u00c9LYES ADATOKKAL KAPCSOLATOS \u00c9RINTETTI JOGOK<\/p>\n<p style=\"text-align: justify;\">Amennyiben Adatkezel\u0151 az \u00d6n szem\u00e9lyes adatait kezeli, \u00fagy azzal \u00f6sszef\u00fcgg\u00e9sben a k\u00f6vetkez\u0151 jogok illetik meg:<\/p>\n<p style=\"text-align: justify;\">T\u00e1j\u00e9koztat\u00e1shoz \u00e9s hozz\u00e1f\u00e9r\u00e9shez val\u00f3 jog:<\/p>\n<p style=\"text-align: justify;\">\u00c9rintettk\u00e9nt \u00d6n jogosult arra, hogy az Adatkezel\u0151t\u0151l inform\u00e1ci\u00f3t kapjon arra vonatkoz\u00f3an, hogy folyamatban van-e szem\u00e9lyes adatainak kezel\u00e9se. Amennyiben az adatkezel\u00e9s folyamatban van, \u00fagy jogosult arra is, hogy hozz\u00e1f\u00e9r\u00e9st kapjon<\/p>\n<p style=\"text-align: justify;\">a kezelt szem\u00e9lyes adatokhoz,<br \/>\naz kezelt adatok kateg\u00f3ri\u00e1ihoz,<br \/>\naz adatkezel\u00e9s(ek) c\u00e9ljaihoz,<br \/>\naz adatkezel\u00e9s(ek) c\u00edmzettjeihez vagy a c\u00edmzettek kateg\u00f3ri\u00e1ihoz, akikkel a szem\u00e9lyes adatokat az adatkezel\u0151 k\u00f6z\u00f6lte, vagy k\u00f6z\u00f6lni fogja, valamint<br \/>\na szem\u00e9lyes adatok tervezett t\u00e1rol\u00e1s\u00e1nak id\u0151tartam\u00e1hoz, vagy \u2013 amennyiben ez nem lehets\u00e9ges \u2013 az id\u0151tartam meghat\u00e1roz\u00e1s\u00e1nak szempontjaihoz.<br \/>\nA fentieken t\u00fal jogosult arra, hogy az adatkezel\u0151t\u0151l t\u00e1j\u00e9koztat\u00e1st kapjon arr\u00f3l, hogy k\u00e9relmezheti az \u00d6nre vonatkoz\u00f3 szem\u00e9lyes adatok helyesb\u00edt\u00e9s\u00e9t, t\u00f6rl\u00e9s\u00e9t vagy kezel\u00e9s\u00e9nek korl\u00e1toz\u00e1s\u00e1t \u00e9s tiltakozhat az ilyen szem\u00e9lyes adatok kezel\u00e9se ellen, tov\u00e1bb\u00e1 az adatkezel\u0151 t\u00e1j\u00e9koztassa a fel\u00fcgyeleti hat\u00f3s\u00e1ghoz c\u00edmzett panasz beny\u00fajt\u00e1si jog\u00e1r\u00f3l.<\/p>\n<p style=\"text-align: justify;\">Helyesb\u00edt\u00e9shez val\u00f3 jog: Az \u00e9rintett jogosult arra, hogy k\u00e9r\u00e9s\u00e9re Adatkezel\u0151 indokolatlan k\u00e9sedelem n\u00e9lk\u00fcl helyesb\u00edtse a r\u00e1 vonatkoz\u00f3 pontatlan szem\u00e9lyes adatokat, tov\u00e1bb\u00e1 az adatkezel\u00e9s c\u00e9lj\u00e1nak figyelembev\u00e9tel\u00e9vel jogosult arra, hogy k\u00e9rje a hi\u00e1nyos szem\u00e9lyes adatok \u2013 egyebek mellett kieg\u00e9sz\u00edt\u0151 nyilatkozat \u00fatj\u00e1n t\u00f6rt\u00e9n\u0151 \u2013 kieg\u00e9sz\u00edt\u00e9s\u00e9t.<\/p>\n<p style=\"text-align: justify;\">T\u00f6rl\u00e9shez val\u00f3 jog: Az \u00e9rintett jogosult arra, hogy k\u00e9r\u00e9s\u00e9re az Adatkezel\u0151 indokolatlan k\u00e9sedelem n\u00e9lk\u00fcl t\u00f6r\u00f6lje a r\u00e1 vonatkoz\u00f3, hozz\u00e1j\u00e1rul\u00e1s alapj\u00e1n kezelt szem\u00e9lyes adatokat.<\/p>\n<p style=\"text-align: justify;\">Adatkezel\u00e9s korl\u00e1toz\u00e1s\u00e1hoz val\u00f3 jog: Az \u00e9rintett jogosult arra, hogy k\u00e9r\u00e9s\u00e9re az Adatkezel\u0151 korl\u00e1tozza az adatkezel\u00e9st, amennyiben<\/p>\n<p style=\"text-align: justify;\">az \u00e9rintett vitatja a szem\u00e9lyes adatok pontoss\u00e1g\u00e1t, vagy<br \/>\naz adatkezel\u00e9s jogellenes<br \/>\n\u00e9s<\/p>\n<p style=\"text-align: justify;\">az \u00e9rintett ellenzi az adatok t\u00f6rl\u00e9s\u00e9t, ehelyett k\u00e9ri azok felhaszn\u00e1l\u00e1s\u00e1nak korl\u00e1toz\u00e1s\u00e1t.<\/p>\n<p style=\"text-align: justify;\">Ha az Adatkezel\u0151nek m\u00e1r nincs sz\u00fcks\u00e9ge az \u00e9rintett szem\u00e9lyes adatokra az adatkezel\u00e9s c\u00e9lj\u00e1b\u00f3l, azonban az \u00e9rintett ig\u00e9nyli azokat jogi ig\u00e9nyek el\u0151terjeszt\u00e9s\u00e9hez, \u00e9rv\u00e9nyes\u00edt\u00e9s\u00e9hez vagy v\u00e9delm\u00e9hez akkor (ha az \u00e9rintett tiltakozott az adatkezel\u00e9s ellen) a korl\u00e1toz\u00e1s arra az id\u0151tartamra vonatkozik, am\u00edg meg\u00e1llap\u00edt\u00e1sra nem ker\u00fcl, hogy az adatkezel\u0151 jogos indokai els\u0151bbs\u00e9get \u00e9lveznek-e az \u00e9rintett jogos indokaival szemben.<\/p>\n<p style=\"text-align: justify;\">Tiltakoz\u00e1shoz val\u00f3 jog: Az \u00e9rintett jogosult arra, hogy a saj\u00e1t helyzet\u00e9vel kapcsolatos okokb\u00f3l b\u00e1rmikor tiltakozzon szem\u00e9lyes adatainak a kezel\u00e9se ellen abban az esetben, ha az adatkezel\u00e9s<\/p>\n<p style=\"text-align: justify;\">az adatkezel\u0151, vagy<br \/>\negy harmadik f\u00e9l<br \/>\njogos \u00e9rdekeinek \u00e9rv\u00e9nyes\u00edt\u00e9s\u00e9hez sz\u00fcks\u00e9ges. Az Adatkezel\u0151 a tiltakoz\u00e1s alapj\u00e1n az adatkezel\u00e9st nem sz\u00fcnteti meg, ha az adatkezel\u00e9st olyan k\u00e9nyszer\u00edt\u0151 erej\u0171 jogos okok indokolj\u00e1k, amelyek els\u0151bbs\u00e9get \u00e9lveznek az \u00e9rintett \u00e9rdekeivel, jogaival \u00e9s szabads\u00e1gaival szemben, vagy amelyek jogi ig\u00e9nyek el\u0151terjeszt\u00e9s\u00e9hez, \u00e9rv\u00e9nyes\u00edt\u00e9s\u00e9hez vagy v\u00e9delm\u00e9hez kapcsol\u00f3dnak.<\/p>\n<p style=\"text-align: justify;\">Adathordozhat\u00f3s\u00e1ghoz val\u00f3 jog: Az \u00e9rintett jogosult a r\u00e1 vonatkoz\u00f3, \u00e1ltala az Adatkezel\u0151 rendelkez\u00e9s\u00e9re bocs\u00e1tott szem\u00e9lyes adatokat tagolt, sz\u00e9les k\u00f6rben haszn\u00e1lt, g\u00e9ppel olvashat\u00f3 form\u00e1tumban megkapni, tov\u00e1bb\u00e1 jogosult arra, hogy ezeket az adatokat egy m\u00e1sik adatkezel\u0151nek tov\u00e1bb\u00edtsa an\u00e9lk\u00fcl, hogy ezt akad\u00e1lyozn\u00e1 az Adatkezel\u0151, amelynek a szem\u00e9lyes adatokat a rendelkez\u00e9s\u00e9re bocs\u00e1totta,<\/p>\n<p style=\"text-align: justify;\">ha az adatkezel\u00e9s az \u00e9rintett hozz\u00e1j\u00e1rul\u00e1s\u00e1n vagy a szem\u00e9lyes adatok k\u00fcl\u00f6nleges kateg\u00f3ri\u00e1inak egy vagy t\u00f6bb konkr\u00e9t c\u00e9lb\u00f3l t\u00f6rt\u00e9n\u0151 kezel\u00e9s\u00e9hez megadott hozz\u00e1j\u00e1rul\u00e1s\u00e1n, vagy szerz\u0151d\u00e9sen alapul<\/p>\n<p style=\"text-align: justify;\">\u00e9s az adatkezel\u00e9s automatiz\u00e1lt m\u00f3don t\u00f6rt\u00e9nik.<\/p>\n<p style=\"text-align: justify;\">Amennyiben \u00e9rintett \u00e9lni k\u00edv\u00e1n a fenti jogosults\u00e1gaival, \u00fagy az azok v\u00e9grehajt\u00e1s\u00e1ra nyitva \u00e1ll\u00f3 teljes\u00edt\u00e9si hat\u00e1rid\u0151 (felt\u00e9ve, ha hosszabb\u00edt\u00e1sra nem ker\u00fcl sor) a k\u00e9relem, k\u00e9r\u00e9s be\u00e9rkez\u00e9s\u00e9t k\u00f6vet\u0151 legfeljebb egy h\u00f3nap.<\/p>\n<p style=\"text-align: justify;\">AZ ADATKEZEL\u0150 \u00c1LTAL KEZELT SZEM\u00c9LYES ADATOKKAL \u00d6SSZEF\u00dcGG\u0150 JOGORVOSLATI LEHET\u0150S\u00c9GEK<br \/>\nAmennyiben s\u00e9relmesnek v\u00e9li azt, ahogy az Adatkezel\u0151 a szem\u00e9lyes adatait kezeli, javasoljuk, hogy el\u0151sz\u00f6r keressen meg benn\u00fcnket panasz\u00e1val, amelyet minden esetben megvizsg\u00e1lunk \u00e9s mindent megtesz\u00fcnk az\u00e9rt, hogy megfelel\u0151en kezelj\u00fck azt. Ha a panasza ellen\u00e9re tov\u00e1bbra is s\u00e9relmezi azt, ahogy az Adatkezel\u0151 kezeli az \u00d6n szem\u00e9lyes adatait, vagy nem k\u00edv\u00e1n n\u00e1lunk panaszt tenni, \u00fagy az al\u00e1bbi jogorvoslati lehet\u0151s\u00e9gei vannak:<\/p>\n<p style=\"text-align: justify;\">A fel\u00fcgyeleti hat\u00f3s\u00e1gn\u00e1l t\u00f6rt\u00e9n\u0151 panaszt\u00e9telhez val\u00f3 jog<\/p>\n<p style=\"text-align: justify;\">Az egy\u00e9b k\u00f6zigazgat\u00e1si vagy b\u00edr\u00f3s\u00e1gi jogorvoslatok s\u00e9relme n\u00e9lk\u00fcl \u00d6n jogosult arra, hogy amennyiben \u00e1ll\u00e1spontja szerint az Adatkezel\u0151 vagy az \u00e1ltala megb\u00edzott Adatfeldolgoz\u00f3 tev\u00e9kenys\u00e9g\u00e9vel vagy mulaszt\u00e1s\u00e1val jogs\u00e9rt\u00e9st k\u00f6vetett el, vagy annak vesz\u00e9ly\u00e9t id\u00e9zte el\u0151, \u00fagy panaszt tegyen a Nemzeti Adatv\u00e9delmi \u00e9s Inform\u00e1ci\u00f3szabads\u00e1g Hat\u00f3s\u00e1gn\u00e1l (a tov\u00e1bbiakban: Fel\u00fcgyeleti Hat\u00f3s\u00e1g).<\/p>\n<p style=\"text-align: justify;\">A Nemzeti Adatv\u00e9delmi \u00e9s Inform\u00e1ci\u00f3szabads\u00e1g Hat\u00f3s\u00e1g el\u00e9rhet\u0151s\u00e9gei:<\/p>\n<p style=\"text-align: justify;\">1363 Budapest, Pf.:9.<\/p>\n<p style=\"text-align: justify;\">1055 Budapest, Falk Miksa utca 9-11<\/p>\n<p style=\"text-align: justify;\">Tel.: 06 1\/391-1400<\/p>\n<p style=\"text-align: justify;\">Fax: 06 1\/391-1410<\/p>\n<p style=\"text-align: justify;\">Az adatkezel\u0151vel vagy az adatfeldolgoz\u00f3val szembeni hat\u00e9kony b\u00edr\u00f3s\u00e1gi jogorvoslathoz val\u00f3 jog<\/p>\n<p style=\"text-align: justify;\">A rendelkez\u00e9sre \u00e1ll\u00f3 k\u00f6zigazgat\u00e1si vagy nem b\u00edr\u00f3s\u00e1gi \u00fatra tartoz\u00f3 jogorvoslatok \u2013 k\u00f6zt\u00fck a fel\u00fcgyeleti hat\u00f3s\u00e1gn\u00e1l t\u00f6rt\u00e9n\u0151 panaszt\u00e9telhez val\u00f3 jog \u2212 s\u00e9relme n\u00e9lk\u00fcl \u00d6n hat\u00e9kony b\u00edr\u00f3s\u00e1gi jogorvoslatra jogosult, ha meg\u00edt\u00e9l\u00e9se szerint a szem\u00e9lyes adatai kezel\u00e9s\u00e9vel \u00f6sszef\u00fcgg\u0151 jogait megs\u00e9rtett\u00e9k. A per elb\u00edr\u00e1l\u00e1sa t\u00f6rv\u00e9nysz\u00e9k hat\u00e1sk\u00f6r\u00e9be tartozik. \u00d6n d\u00f6nthet \u00fagy, hogy a pert a lak\u00f3helye vagy a tart\u00f3zkod\u00e1si helye szerinti t\u00f6rv\u00e9nysz\u00e9k el\u0151tt ind\u00edtja meg.<\/p>\n<p style=\"text-align: justify;\">A t\u00f6rv\u00e9nysz\u00e9kek list\u00e1j\u00e1t a <a href=\"http:\/\/birosag.hu\/torvenyszekek\">http:\/\/birosag.hu\/torvenyszekek<\/a> webc\u00edm alatt \u00e9rheti el.<\/p>\n<p style=\"text-align: justify;\">Mez\u0151szemere, 2022. \u00e1prilis 24.<\/p>\n<p>&nbsp;<\/p>\n<p>&nbsp;<\/p>\n","protected":false},"excerpt":{"rendered":"<p>&nbsp; \u00c1LL\u00c1SP\u00c1LY\u00c1ZATOKKAL \u00d6SSZEF\u00dcGG\u0150 \u00d6SSZEVONT ADATKEZEL\u00c9SI T\u00c1J\u00c9KOZTAT\u00d3 | Mez\u0151szemere K\u00f6zs\u00e9gi \u00d6nkorm\u00e1nyzat \u00e9s k\u00f6lts\u00e9gvet\u00e9si szervei [Amennyiben a t\u00e1j\u00e9koztat\u00f3t megismerte \u00e9s annak ismeret\u00e9ben tov\u00e1bbra is fenntartja beny\u00fajt\u00e1si sz\u00e1nd\u00e9k\u00e1t, \u00fagy k\u00e9rj\u00fck a k\u00f6vetkez\u0151 nyilatkozatot &hellip; <\/p>\n","protected":false},"author":2,"featured_media":0,"parent":0,"menu_order":0,"comment_status":"closed","ping_status":"closed","template":"","meta":{"ngg_post_thumbnail":0,"footnotes":""},"class_list":["post-2004","page","type-page","status-publish","hentry"],"_links":{"self":[{"href":"http:\/\/mezoszemere.hu\/web\/wp-json\/wp\/v2\/pages\/2004","targetHints":{"allow":["GET"]}}],"collection":[{"href":"http:\/\/mezoszemere.hu\/web\/wp-json\/wp\/v2\/pages"}],"about":[{"href":"http:\/\/mezoszemere.hu\/web\/wp-json\/wp\/v2\/types\/page"}],"author":[{"embeddable":true,"href":"http:\/\/mezoszemere.hu\/web\/wp-json\/wp\/v2\/users\/2"}],"replies":[{"embeddable":true,"href":"http:\/\/mezoszemere.hu\/web\/wp-json\/wp\/v2\/comments?post=2004"}],"version-history":[{"count":5,"href":"http:\/\/mezoszemere.hu\/web\/wp-json\/wp\/v2\/pages\/2004\/revisions"}],"predecessor-version":[{"id":2031,"href":"http:\/\/mezoszemere.hu\/web\/wp-json\/wp\/v2\/pages\/2004\/revisions\/2031"}],"wp:attachment":[{"href":"http:\/\/mezoszemere.hu\/web\/wp-json\/wp\/v2\/media?parent=2004"}],"curies":[{"name":"wp","href":"https:\/\/api.w.org\/{rel}","templated":true}]}}