{"id":2028,"date":"2022-04-29T10:24:12","date_gmt":"2022-04-29T09:24:12","guid":{"rendered":"http:\/\/mezoszemere.hu\/web\/?page_id=2028"},"modified":"2026-03-27T19:33:08","modified_gmt":"2026-03-27T18:33:08","slug":"jegyzokonyvek","status":"publish","type":"page","link":"http:\/\/mezoszemere.hu\/web\/jegyzokonyvek\/","title":{"rendered":"Jegyz\u0151k\u00f6nyvek"},"content":{"rendered":"\n<p><span style=\"font-family: arial, helvetica, sans-serif;\">2026. \u00e9vi jegyz\u0151k\u00f6nyvek<\/span><\/p>\n\n\n\n<p><a href=\"http:\/\/mezoszemere.hu\/web\/wp-content\/uploads\/2026\/03\/Jegyzokonyv-2026.-marcius-11.-rendkivuli-nyIlt.pdf\">2026.03.11.<\/a><\/p>\n\n\n\n<p><a href=\"http:\/\/mezoszemere.hu\/web\/wp-content\/uploads\/2026\/02\/Jegyzokonyv-2026.-februar-12.pdf\">2026.02.12.<\/a><\/p>\n\n\n\n<p><a href=\"https:\/\/mezoszemere.hu\/web\/jegyzokonyv-2026-januar-26\/\" data-type=\"post\" data-id=\"2681\">2026.01.26.<\/a><\/p>\n\n\n\n<blockquote class=\"wp-block-quote is-layout-flow wp-block-quote-is-layout-flow\">\n<p><span style=\"font-family: arial, helvetica, sans-serif;\">2025. \u00e9vi jegyz\u0151k\u00f6nyvek<\/span><\/p>\n<\/blockquote>\n\n\n\n<p><a href=\"http:\/\/mezoszemere.hu\/web\/wp-content\/uploads\/2025\/12\/Kozmeghallgatas-Jegyzokonyve-2025.-december-08.pdf\">2025.12.08. k\u00f6zmeghallgat\u00e1s<\/a><\/p>\n\n\n\n<p><a href=\"http:\/\/mezoszemere.hu\/web\/wp-content\/uploads\/2025\/12\/Jegyzokonyv-2025.-december-08.pdf\">2025.12.08.<\/a><\/p>\n\n\n\n<p><a href=\"http:\/\/mezoszemere.hu\/web\/wp-content\/uploads\/2025\/12\/Jegyzokonyv-2025.-november-24.pdf\">2025.11.24.<\/a><\/p>\n\n\n\n<p><a href=\"http:\/\/mezoszemere.hu\/web\/wp-content\/uploads\/2025\/11\/Jegyzokonyv-2025.-november-10.-rendkivuli.pdf\">2025.11.10.<\/a><\/p>\n\n\n\n<p><a href=\"http:\/\/mezoszemere.hu\/web\/wp-content\/uploads\/2025\/11\/Jegyzokonyv-2025.-oktober-28.pdf\">2025.10.28.<\/a><\/p>\n\n\n\n<p><a href=\"http:\/\/mezoszemere.hu\/web\/wp-content\/uploads\/2025\/10\/Jegyzokonyv-2025.-szeptember-29.pdf\">2025.09.29.<\/a><\/p>\n\n\n\n<p><a href=\"http:\/\/mezoszemere.hu\/web\/wp-content\/uploads\/2025\/09\/Jegyzokonyv-2025.09.01.pdf\">2025.09.01.<\/a><\/p>\n\n\n\n<p><a href=\"http:\/\/mezoszemere.hu\/web\/wp-content\/uploads\/2025\/08\/Jegyzokonyv-2025.-julius-28.pdf\">2025.07.28.<\/a><\/p>\n\n\n\n<p><a href=\"http:\/\/mezoszemere.hu\/web\/wp-content\/uploads\/2025\/07\/Jegyzokonyv-2025.-junius-30-nyilt.pdf\">2025.06.30.<\/a><\/p>\n\n\n\n<p><a href=\"http:\/\/mezoszemere.hu\/web\/wp-content\/uploads\/2025\/06\/Jegyzokonyv-rendkivuli-2025.06.10.pdf\">2025.06.10.<\/a><\/p>\n\n\n\n<p><a href=\"http:\/\/mezoszemere.hu\/web\/wp-content\/uploads\/2025\/06\/Jegyzokonyv-2025.05.26.pdf\">2025.05.26.<\/a><\/p>\n\n\n\n<p><a href=\"http:\/\/mezoszemere.hu\/web\/wp-content\/uploads\/2025\/05\/2025.-aprilis-28.-Jegyzokonyv.pdf\">2025.04.28.<\/a><\/p>\n\n\n\n<p><a href=\"https:\/\/mezoszemere.hu\/web\/jegyzokonyv-2025-aprilis-8\/\">2025.04.08.<\/a><\/p>\n\n\n\n<p><a href=\"http:\/\/mezoszemere.hu\/web\/jegyzokonyv-2025-februar-26\/\">2025.02.26.<\/a><\/p>\n\n\n\n<p><a href=\"http:\/\/mezoszemere.hu\/web\/jegyzokonyv-2025-februar-13\/\">2025.02.13<\/a><\/p>\n\n\n\n<p><a href=\"http:\/\/mezoszemere.hu\/web\/wp-content\/uploads\/2025\/02\/Jegyz\u0151k\u00f6nyv-2025.01.27.-Ny\u00edlt-rendes.pdf\">2025.01.27.<\/a><\/p>\n\n\n\n<p>&nbsp;<\/p>\n\n\n\n<blockquote class=\"wp-block-quote is-layout-flow wp-block-quote-is-layout-flow\">\n<p><span style=\"font-family: arial, helvetica, sans-serif;\">2024. \u00e9vi jegyz\u0151k\u00f6nyvek<\/span><\/p>\n<\/blockquote>\n\n\n\n<p><a href=\"http:\/\/mezoszemere.hu\/web\/wp-content\/uploads\/2025\/01\/Jegyz\u0151k\u00f6nyv-2024.-december-09.pdf\">2024.12.09.<\/a><\/p>\n\n\n\n<p><a href=\"http:\/\/mezoszemere.hu\/web\/wp-content\/uploads\/2025\/01\/2024.-november-25.ny\u00edlt-test\u00fcleti-\u00fcl\u00e9s-jegyz\u0151k\u00f6nyve.pdf\">2024.12.09.<\/a> (k\u00f6zmeghallgat\u00e1s)<\/p>\n\n\n\n<p><a href=\"http:\/\/mezoszemere.hu\/web\/wp-content\/uploads\/2025\/01\/2024.-november-25.ny\u00edlt-test\u00fcleti-\u00fcl\u00e9s-jegyz\u0151k\u00f6nyve.pdf\">2024.11.27.<\/a><\/p>\n\n\n\n<p><a href=\"http:\/\/mezoszemere.hu\/web\/wp-content\/uploads\/2025\/01\/2024.-november-25.ny\u00edlt-test\u00fcleti-\u00fcl\u00e9s-jegyz\u0151k\u00f6nyve.pdf\">2024.11.25.<\/a><\/p>\n\n\n\n<p><a href=\"http:\/\/mezoszemere.hu\/web\/wp-content\/uploads\/2024\/11\/Jegyz\u0151k\u00f6nyv-2024.-november-14.pdf\">2024.11.14.<\/a> (rendk\u00edv\u00fcli)<\/p>\n\n\n\n<p><a href=\"http:\/\/mezoszemere.hu\/web\/wp-content\/uploads\/2024\/11\/Jegyz\u0151k\u00f6nyv-2024.-okt\u00f3ber-28.-rendes-ny\u00edlt.pdf\">2024.10.28.<\/a><\/p>\n\n\n\n<p><a href=\"http:\/\/mezoszemere.hu\/web\/jegyzokonyv-2024-10-18\/\">2024.10.18.<\/a><\/p>\n\n\n\n<p><a href=\"http:\/\/mezoszemere.hu\/web\/jegyzokonyv-2024-oktober-10-alakulo-ules\/\">2024.10.10.<\/a><\/p>\n\n\n\n<p><a href=\"http:\/\/mezoszemere.hu\/web\/jegyzokonyv-2024-szeptember-23\/\">2024.09.23.<\/a><\/p>\n\n\n\n<p><a href=\"http:\/\/mezoszemere.hu\/web\/wp-content\/uploads\/2024\/09\/Jegyz\u0151k\u00f6nyv-2024.augusztus-29.pdf\">2024.08.29.<\/a><\/p>\n\n\n\n<p><a href=\"http:\/\/mezoszemere.hu\/web\/jegyzokonyv-2024-julius-29\/\">2024.07.29.<\/a><\/p>\n\n\n\n<p><a href=\"http:\/\/mezoszemere.hu\/web\/wp-content\/uploads\/2024\/08\/Jegyz\u0151k\u00f6nyv-2024-j\u00fanius-24.pdf\">2024.06.24.<\/a><\/p>\n\n\n\n<p><a href=\"http:\/\/mezoszemere.hu\/web\/wp-content\/uploads\/2024\/06\/Jegyz\u0151k\u00f6nyv-rendk\u00edv\u00fcli-2024.-j\u00fanius-05..pdf\">2024.06.05.<\/a><\/p>\n\n\n\n<p><a href=\"http:\/\/mezoszemere.hu\/web\/wp-content\/uploads\/2024\/06\/Jegy\u0151k\u00f6nyv-2024.m\u00e1jus-28.pdf\">2024.05.28.<\/a><\/p>\n\n\n\n<p><a href=\"http:\/\/mezoszemere.hu\/web\/wp-content\/uploads\/2024\/06\/Jegyz\u0151k\u00f6nyv-2024.-\u00e1prilis-30.pdf\">2024.04.30.<\/a><\/p>\n\n\n\n<p><a href=\"http:\/\/mezoszemere.hu\/web\/wp-content\/uploads\/2024\/05\/Jegyz\u0151k\u00f6nyv-2024.-m\u00e1rcius-27..pdf\">2024. 03.27.<\/a><\/p>\n\n\n\n<p><a href=\"http:\/\/mezoszemere.hu\/web\/wp-content\/uploads\/2024\/05\/Jegyz\u0151k\u00f6nyv-2024.m\u00e1rcious-25.pdf\">2024. 03.25.<\/a><\/p>\n\n\n\n<p><a href=\"http:\/\/mezoszemere.hu\/web\/wp-content\/uploads\/2024\/05\/2024.-m\u00e1ricus-18.-Jegyz\u0151k\u00f6nyv.pdf\">2024. 03.18.<\/a><\/p>\n\n\n\n<p><a href=\"http:\/\/mezoszemere.hu\/web\/jegyzokonyv-2024-02-26\/\">2024. 02. 26.<\/a><\/p>\n\n\n\n<p><a href=\"http:\/\/mezoszemere.hu\/web\/jegyzokonyv-2024-februar-14\/\">2024. 02. 14.<\/a><\/p>\n\n\n\n<p><a href=\"http:\/\/mezoszemere.hu\/web\/jegyzokonyv-2024-januar-29\/\">2024. 01. 29.<\/a><\/p>\n\n\n\n<blockquote class=\"wp-block-quote is-layout-flow wp-block-quote-is-layout-flow\">\n<p><span style=\"font-family: arial, helvetica, sans-serif;\">2023. \u00e9vi jegyz\u0151k\u00f6nyvek<\/span><\/p>\n<\/blockquote>\n\n\n\n<p><a href=\"http:\/\/mezoszemere.hu\/web\/jegyzokonyv-2023-12-14-kozmeghallgatas\/\">2023. 12. 14, K\u00f6zmeghallgat\u00e1s<\/a><\/p>\n\n\n\n<p><a href=\"http:\/\/mezoszemere.hu\/web\/jegyzokonyv-2023-december-7\/\">2023. 12. 07.<\/a><\/p>\n\n\n\n<p><a href=\"http:\/\/mezoszemere.hu\/web\/wp-content\/uploads\/2024\/01\/Jegyz\u0151k\u00f6nyv-2023.11.28.pdf\">2023. 11. 28.<\/a><\/p>\n\n\n\n<p><a href=\"http:\/\/mezoszemere.hu\/web\/jegyzokonyv-2023-oktober-31\/\">2023. 10. 31.<\/a><\/p>\n\n\n\n<p><a href=\"http:\/\/mezoszemere.hu\/web\/jegyzokonyv-2023-oktober-30\/\">2023. 10. 30.<\/a><\/p>\n\n\n\n<p><a href=\"http:\/\/mezoszemere.hu\/web\/wp-content\/uploads\/2023\/11\/Jegyz\u0151k\u00f6nyv-2023.-okt\u00f3ber-04..pdf\">2023. 10. 04.<\/a><\/p>\n\n\n\n<p><a href=\"http:\/\/mezoszemere.hu\/web\/wp-content\/uploads\/2023\/10\/Jegyz\u0151k\u00f6nyv-2023.szeptember-27..pdf\">2023. 09. 27.<\/a><\/p>\n\n\n\n<p><a href=\"http:\/\/mezoszemere.hu\/web\/wp-content\/uploads\/2023\/10\/Jegyz\u0151k\u00f6nyv-2023.-szeptember-25..pdf\">2023. 09. 25.<\/a><\/p>\n\n\n\n<p><a href=\"http:\/\/mezoszemere.hu\/web\/2023-augusztus-28-jegyzokonyv\/\">2023. 08. 18.<\/a><\/p>\n\n\n\n<p><a href=\"http:\/\/mezoszemere.hu\/web\/wp-content\/uploads\/2023\/08\/Jegyz\u0151k\u00f6nyv-2023.-j\u00falius-31.-nyilt.pdf\">2023. 07. 31.<\/a><\/p>\n\n\n\n<p><a href=\"http:\/\/mezoszemere.hu\/web\/wp-content\/uploads\/2023\/07\/2023.-j\u00fanius-26.-rendes-test\u00fcleti-\u00fcl\u00e9s-jegyz\u0151k\u00f6nyv.pdf\">2023. 06. 26.<\/a><\/p>\n\n\n\n<p><a href=\"http:\/\/mezoszemere.hu\/web\/wp-content\/uploads\/2023\/06\/Jegyz\u0151k\u00f6nyv-2023.j\u00fanius-02-ny\u00edlt.pdf\">2023. 06. 02.<\/a><\/p>\n\n\n\n<p><a href=\"http:\/\/mezoszemere.hu\/web\/wp-content\/uploads\/2023\/06\/Jegyz\u0151k\u00f6nyv-2023.-m\u00e1jus-22..pdf\">2023. 05. 22.<\/a><\/p>\n\n\n\n<p><a href=\"http:\/\/mezoszemere.hu\/web\/wp-content\/uploads\/2023\/05\/2023.-04.-27.pdf\">2023. 04. 27.<\/a><\/p>\n\n\n\n<p><a href=\"http:\/\/mezoszemere.hu\/web\/wp-content\/uploads\/2023\/05\/2023.-03.-27.pdf\">2023. 03. 27.<\/a><\/p>\n\n\n\n<p><a href=\"http:\/\/mezoszemere.hu\/web\/wp-content\/uploads\/2023\/02\/Jegyz\u0151k\u00f6nyv-2023-febru\u00e1r-1.pdf\">2023. 02. 01.<\/a><\/p>\n\n\n\n<p><a href=\"http:\/\/mezoszemere.hu\/web\/wp-content\/uploads\/2023\/03\/2023.-02.-13.pdf\">2023. 02. 13.<\/a><\/p>\n\n\n\n<p><a href=\"http:\/\/mezoszemere.hu\/web\/wp-content\/uploads\/2023\/03\/2023.-02.-27.pdf\">2023. 02. 27.<\/a><\/p>\n\n\n\n<blockquote class=\"wp-block-quote is-layout-flow wp-block-quote-is-layout-flow\">\n<p><span style=\"font-family: arial, helvetica, sans-serif;\">2022. \u00e9vi jegyz\u0151k\u00f6nyvek<\/span><\/p>\n<\/blockquote>\n\n\n\n<p><a href=\"http:\/\/mezoszemere.hu\/web\/jegyzokonyv-2022-december-19-kozmeghallgatas\/\">2022. 12. 19. k\u00f6zmeghallgat\u00e1s<\/a><\/p>\n\n\n\n<p><a href=\"http:\/\/mezoszemere.hu\/web\/wp-content\/uploads\/2022\/12\/Jegyz\u0151k\u00f6nyv-2022.november-28.pdf\">2022. 11. 28.<\/a><\/p>\n\n\n\n<p><a href=\"http:\/\/mezoszemere.hu\/web\/wp-content\/uploads\/2022\/11\/Jegyz\u0151k\u00f6nyv-2022.11.07.pdf&quot; title=&quot;Jegyz\u0151k\u00f6nyv 2022.11.07\">2022. 11. 07.<\/a><\/p>\n\n\n\n<p><a href=\"http:\/\/mezoszemere.hu\/web\/wp-content\/uploads\/2022\/11\/Jegyz\u0151k\u00f6nyv-2022.-okt\u00f3ber-26..pdf\">2022. 10. 26.<\/a><\/p>\n\n\n\n<p><a href=\"http:\/\/mezoszemere.hu\/web\/jegyzokonyv-2022-10-10\/\">2022. 10. 10.<\/a><\/p>\n\n\n\n<p><a href=\"http:\/\/mezoszemere.hu\/web\/jegyzokonyv-2022-09-26\/\">2022. 09. 26.<\/a><\/p>\n\n\n\n<p><a href=\"http:\/\/mezoszemere.hu\/web\/wp-content\/uploads\/2022\/10\/Jegyz\u0151k\u00f6nyv-2022.09.19.pdf\">2022. 09. 19.<\/a><\/p>\n\n\n\n<p><a href=\"http:\/\/mezoszemere.hu\/web\/wp-content\/uploads\/2022\/10\/Jegyz\u0151k\u00f6nyv-2022.09.06.pdf\">2022. 09. 06.<\/a><\/p>\n\n\n\n<p><a href=\"http:\/\/mezoszemere.hu\/web\/jegyzokonyv-2022-07-25\/\">2022. 07. 25.<\/a><\/p>\n\n\n\n<p><a href=\"http:\/\/mezoszemere.hu\/web\/jegyzokonyv-2022-07-07\/\">2022. 07. 07.<\/a><\/p>\n\n\n\n<p><a href=\"http:\/\/mezoszemere.hu\/web\/jegyzokonyv-2022-06-27\/\">2022. 06. 27.<\/a><\/p>\n\n\n\n<p><a href=\"http:\/\/mezoszemere.hu\/web\/wp-content\/uploads\/2022\/07\/Jegyz\u0151k\u00f6nyv-2022-m\u00e1jus-30.pdf\">2022. 05. 30.<\/a><\/p>\n\n\n\n<p><a href=\"http:\/\/mezoszemere.hu\/web\/jegyzokonyv-2022-05-05\/\">2022. 05. 05.<\/a><\/p>\n\n\n\n<p><a href=\"http:\/\/mezoszemere.hu\/web\/jegyzokonyv-2022-04-25\/\">2022. 04. 25<\/a>.<\/p>\n\n\n\n<p><a href=\"http:\/\/mezoszemere.hu\/web\/jegyzokonyv-2022-03-28\/\">2022. 03. 28.<\/a><\/p>\n\n\n\n<p><span style=\"font-family: arial, helvetica, sans-serif;\"><a href=\"http:\/\/mezoszemere.hu\/web\/wp-content\/uploads\/2022\/04\/Jegyz\u0151k\u00f6nyv-2022-m\u00e1rcius-04.pdf\">2022. 03. 04.<\/a><\/span><\/p>\n\n\n\n<p><span style=\"font-family: arial, helvetica, sans-serif;\"><a href=\"http:\/\/mezoszemere.hu\/web\/jegyzokonyv-2022-februar-28\/\">2022. 02. 28.<\/a><\/span><\/p>\n\n\n\n<p><span style=\"font-family: arial, helvetica, sans-serif;\"><a href=\"http:\/\/mezoszemere.hu\/web\/jegyzokonyv-2022-02-15\/\">2022. 02. 15.<\/a><\/span><\/p>\n\n\n\n<p><span style=\"font-family: arial, helvetica, sans-serif;\"><a href=\"http:\/\/mezoszemere.hu\/web\/jegyzokonyv-2022-01-31\/\">2022. 01. 31.<\/a><\/span><\/p>\n\n\n\n<p><span style=\"font-family: arial, helvetica, sans-serif;\"><a href=\"http:\/\/mezoszemere.hu\/web\/jegyzokonyv-2022-01-06-nyilt\/\">2022. 01. 06.<\/a><\/span><\/p>\n\n\n\n<blockquote class=\"wp-block-quote is-layout-flow wp-block-quote-is-layout-flow\">\n<p><span style=\"font-family: arial, helvetica, sans-serif;\">2021. \u00e9vi jegyz\u0151k\u00f6nyvek<\/span><\/p>\n<\/blockquote>\n\n\n\n<p><span style=\"font-family: arial, helvetica, sans-serif;\"><a href=\"http:\/\/mezoszemere.hu\/web\/2021-december-09-jegyzokonyv\/\">2021. 12. 09.<\/a><\/span><\/p>\n\n\n\n<p><span style=\"font-family: arial, helvetica, sans-serif;\"><a href=\"http:\/\/mezoszemere.hu\/web\/jegyzokonyv-2021-oktober-28\/\">2021. 10. 28.<\/a><\/span><\/p>\n\n\n\n<p><span style=\"font-family: arial, helvetica, sans-serif;\"><a href=\"http:\/\/mezoszemere.hu\/web\/jegyzokonyv-2021-10-25\/\">2021. 10. 25.<\/a><\/span><\/p>\n\n\n\n<p><span style=\"font-family: arial, helvetica, sans-serif;\"><a href=\"http:\/\/mezoszemere.hu\/web\/jegyzokonyv2021-10-08\/\">2021. 10. 08.<\/a><\/span><\/p>\n\n\n\n<p><span style=\"font-family: arial, helvetica, sans-serif;\"><a href=\"http:\/\/mezoszemere.hu\/web\/jegyzokonyv-2021-10-04-nyilt\/\">2021. 10. 04.<\/a><\/span><\/p>\n\n\n\n<p><span style=\"font-family: arial, helvetica, sans-serif;\"><a href=\"http:\/\/mezoszemere.hu\/web\/jegyzokonyv-2021-09-23-2\/\">2021. 09.&nbsp;23.<\/a><\/span><\/p>\n\n\n\n<p><span style=\"font-family: arial, helvetica, sans-serif;\"><a href=\"http:\/\/mezoszemere.hu\/web\/jegyzokonyv-2021-08-23\/\"><span style=\"font-size: 1rem;\">2021. 08. 23.<\/span><\/a><\/span><\/p>\n\n\n\n<p><span style=\"font-family: arial, helvetica, sans-serif;\"><a href=\"http:\/\/mezoszemere.hu\/web\/jegyzokonyv-2021-07-26-nyilt\/\">2021. 07. 26.<\/a><\/span><\/p>\n\n\n\n<p><span style=\"font-family: arial, helvetica, sans-serif;\"><a href=\"http:\/\/mezoszemere.hu\/web\/jegyzokonyv-2021-junius-22-nyilt-soron-kivuli\/\">2021. 06. 22.<\/a><\/span><\/p>\n\n\n\n<p><span style=\"font-family: arial, helvetica, sans-serif;\"><a href=\"http:\/\/mezoszemere.hu\/web\/jegyzokonyv-2021-06-16-nyilt\/\">2021. 06. 16.<\/a><\/span><\/p>\n\n\n\n<blockquote class=\"wp-block-quote is-layout-flow wp-block-quote-is-layout-flow\">\n<p>2020. \u00e9vi jegyz\u0151k\u00f6nyvek<\/p>\n<\/blockquote>\n\n\n\n<p><span style=\"font-family: arial, helvetica, sans-serif;\"><a href=\"http:\/\/mezoszemere.hu\/web\/jegyzokonyv-2020-10-16-rendkivuli\/\">2020. 10. 16.<\/a><\/span><\/p>\n\n\n\n<p><span style=\"font-family: arial, helvetica, sans-serif;\"><a href=\"http:\/\/mezoszemere.hu\/web\/jegyzokonyv-2020-09-28\/\">2020. 09. 28.<\/a><\/span><\/p>\n\n\n\n<p><span style=\"font-family: arial, helvetica, sans-serif;\"><a href=\"http:\/\/mezoszemere.hu\/web\/jegyzokonyv-2020-09-07\/\">2020. 09. 07.<\/a><\/span><\/p>\n\n\n\n<p><span style=\"font-family: arial, helvetica, sans-serif;\"><a href=\"http:\/\/mezoszemere.hu\/web\/jegyzokonyv-2020-08-26\/\">2020. 08. 26.<\/a><\/span><\/p>\n\n\n\n<p><span style=\"font-family: arial, helvetica, sans-serif;\"><a href=\"http:\/\/mezoszemere.hu\/web\/jegyzokonyv-2020-07-27\/\">2020. 07. 27.<\/a><\/span><\/p>\n\n\n\n<p><span style=\"font-family: arial, helvetica, sans-serif;\"><a href=\"http:\/\/mezoszemere.hu\/web\/jegyzokonyv-2020-07-20\/\">2020. 07. 20.<\/a><\/span><\/p>\n\n\n\n<p><span style=\"font-family: arial, helvetica, sans-serif;\"><a href=\"http:\/\/mezoszemere.hu\/web\/jegyzokonyv-2020-07-09\/\">2020. 07. 09.<\/a><\/span><\/p>\n\n\n\n<p><span style=\"font-family: arial, helvetica, sans-serif;\"><a href=\"http:\/\/mezoszemere.hu\/web\/testuleti-ules-2019-03-11\/\">2020. 03. 11.<\/a><\/span><\/p>\n\n\n\n<p><span style=\"font-family: arial, helvetica, sans-serif;\"><a href=\"http:\/\/mezoszemere.hu\/web\/2020-02-24-jegyzokonyv\/\">2020. 02. 24.<\/a><\/span><\/p>\n\n\n\n<p><span style=\"font-family: arial, helvetica, sans-serif;\"><a href=\"http:\/\/mezoszemere.hu\/web\/1145-2\/\">2020. 02. 11.<\/a><\/span><\/p>\n\n\n\n<p><span style=\"font-family: arial, helvetica, sans-serif;\"><a href=\"http:\/\/mezoszemere.hu\/web\/jegyzokonyv-2020-01-07\/\">2020. 01. 07.<\/a><\/span><\/p>\n\n\n\n<blockquote class=\"wp-block-quote is-layout-flow wp-block-quote-is-layout-flow\">\n<p>2019. \u00e9vi jegyz\u0151k\u00f6nyvek<\/p>\n<\/blockquote>\n\n\n\n<p><span style=\"font-family: arial, helvetica, sans-serif;\"><a href=\"http:\/\/mezoszemere.hu\/web\/jegyzokonyv-2019-12-02\/\">2019. 12. 02.<\/a><\/span><\/p>\n\n\n\n<p><span style=\"font-family: arial, helvetica, sans-serif;\"><a href=\"http:\/\/mezoszemere.hu\/web\/2019-11-07-rendkivuli-testuleti-ules\/\">2019. 11. 07.<\/a><\/span><\/p>\n\n\n\n<p><span style=\"font-family: arial, helvetica, sans-serif;\"><a href=\"http:\/\/mezoszemere.hu\/web\/2019-11-04-rendkivuli-testuleti-ules\/\">2019. 11. 04.<\/a><\/span><\/p>\n\n\n\n<p><span style=\"font-family: arial, helvetica, sans-serif;\"><a href=\"http:\/\/mezoszemere.hu\/web\/2019-10-21-alakulo-ules-jegyzokonyv\/\">2019. 10. 21.<\/a><\/span><\/p>\n\n\n\n<p><span style=\"font-family: arial, helvetica, sans-serif;\"><a href=\"http:\/\/mezoszemere.hu\/web\/2019-09-30-rendkivuli-nyilt-testuleti-ules\/\">2019. 09. 30.<\/a><\/span><\/p>\n\n\n\n<p><span style=\"font-family: arial, helvetica, sans-serif;\"><a href=\"http:\/\/mezoszemere.hu\/web\/2019-09-18-rendkivuli-nyilt-testuleti-ules\/\">2019. 09. 18.<\/a><\/span><\/p>\n\n\n\n<p><span style=\"font-family: arial, helvetica, sans-serif;\"><a href=\"http:\/\/mezoszemere.hu\/web\/2019-08-21rendkivuli-nyilt-testuleti-ules\/\">2019. 08. 21.<\/a><\/span><\/p>\n\n\n\n<p><span style=\"font-family: arial, helvetica, sans-serif;\"><a href=\"http:\/\/mezoszemere.hu\/web\/2019-07-23-rendkivuli-testuleti-ules\/\">2019. 07. 23.<\/a><\/span><\/p>\n\n\n\n<p><span style=\"font-family: arial, helvetica, sans-serif;\"><a href=\"http:\/\/mezoszemere.hu\/web\/2019-07-02-rendkivuli-nyilt-testuleti-ules\/\">2019. 07. 02.<\/a><\/span><\/p>\n\n\n\n<p><span style=\"font-family: arial, helvetica, sans-serif;\"><a href=\"http:\/\/mezoszemere.hu\/web\/testuleti-ules-2019-06-03\/\">2019. 06. 03.<\/a><\/span><\/p>\n\n\n\n<p><span style=\"font-family: arial, helvetica, sans-serif;\"><a href=\"http:\/\/mezoszemere.hu\/web\/testuleti-ules-2019-05-21-rendkivuli\/\">2019. 05. 21.<\/a><\/span><\/p>\n\n\n\n<p><span style=\"font-family: arial, helvetica, sans-serif;\"><a href=\"http:\/\/mezoszemere.hu\/web\/testuleti-ules-2019-05-17\/\">2019. 05. 17.<\/a><\/span><\/p>\n\n\n\n<p><span style=\"font-family: arial, helvetica, sans-serif;\"><a href=\"http:\/\/mezoszemere.hu\/web\/testuleti-ules-2019-05-13\/\">2019. 05. 13.<\/a><\/span><\/p>\n\n\n\n<p><span style=\"font-family: arial, helvetica, sans-serif;\"><a href=\"http:\/\/mezoszemere.hu\/web\/testuleti-ules-2019-04-29\/\">2019. 04. 29.<\/a><\/span><\/p>\n\n\n\n<p><span style=\"font-family: arial, helvetica, sans-serif;\"><a href=\"http:\/\/mezoszemere.hu\/web\/testuleti-ules-2019-03-12-rendkivuli\/\">2019. 03. 12.&nbsp;<\/a><\/span><\/p>\n\n\n\n<p><span style=\"font-family: arial, helvetica, sans-serif;\"><a href=\"http:\/\/mezoszemere.hu\/web\/testuleti-ules-2019-03-11\/\">2019. 03. 11.<\/a><\/span><\/p>\n\n\n\n<p><span style=\"font-family: arial, helvetica, sans-serif;\"><a href=\"http:\/\/mezoszemere.hu\/web\/testuleti-ules-2019-02-15\/\">2019. 02. 15.<\/a><\/span><\/p>\n\n\n\n<p><span style=\"font-family: arial, helvetica, sans-serif;\"><a href=\"http:\/\/mezoszemere.hu\/web\/testuleti-ules-2019-02-08\/\">2019. 02. 08.<\/a><\/span><\/p>\n\n\n\n<p><span style=\"font-family: arial, helvetica, sans-serif;\"><a href=\"http:\/\/mezoszemere.hu\/web\/testuleti-ules-2019-01-28\/\">2019. 01. 28.<\/a><\/span><\/p>\n\n\n\n<blockquote class=\"wp-block-quote is-layout-flow wp-block-quote-is-layout-flow\">\n<p>2018. \u00e9vi jegyz\u0151k\u00f6nyvek<\/p>\n<\/blockquote>\n\n\n\n<p><span style=\"font-family: arial, helvetica, sans-serif;\"><a href=\"http:\/\/mezoszemere.hu\/web\/2018-december-18-jegyzokonyv\/\">2018. 12. 18.<\/a><\/span><\/p>\n\n\n\n<p><span style=\"font-family: arial, helvetica, sans-serif;\"><a href=\"http:\/\/mezoszemere.hu\/web\/2018-december-13-nyilt\/\">2018. 12. 13.<\/a><\/span><\/p>\n\n\n\n<p><span style=\"font-family: arial, helvetica, sans-serif;\"><a href=\"http:\/\/mezoszemere.hu\/web\/wp-content\/uploads\/2019\/01\/2018.-november-12-nyilt-jkv..pdf\">2018. 11. 12.<\/a><\/span><\/p>\n\n\n\n<p><span style=\"font-family: arial, helvetica, sans-serif;\"><a href=\"http:\/\/mezoszemere.hu\/web\/2018-oktober-17-rendkivuli\/\">2018. 10. 17.<\/a><\/span><\/p>\n\n\n\n<p><span style=\"font-family: arial, helvetica, sans-serif;\"><a href=\"http:\/\/mezoszemere.hu\/web\/2018-oktober-15-rendkivuli\/\">2018. 10. 15.<\/a><\/span><\/p>\n\n\n\n<p><span style=\"font-family: arial, helvetica, sans-serif;\"><a href=\"http:\/\/mezoszemere.hu\/web\/wp-content\/uploads\/2018\/11\/2018.10.15.2-jkv..pdf\">2018. 10. 15.&nbsp;<\/a><\/span><\/p>\n\n\n\n<p><span style=\"font-family: arial, helvetica, sans-serif;\"><a href=\"http:\/\/mezoszemere.hu\/web\/2018-oktober-8\/\">2018. 10. 08.<\/a><\/span><\/p>\n\n\n\n<p><span style=\"font-family: arial, helvetica, sans-serif;\"><a href=\"http:\/\/mezoszemere.hu\/web\/2018-szeptember-26-rendkivuli\/\">2018. 09. 26.<\/a><\/span><\/p>\n\n\n\n<p><span style=\"font-family: arial, helvetica, sans-serif;\"><a href=\"http:\/\/mezoszemere.hu\/web\/2018-szeptember-3\/\">2018. 09. 03.&nbsp;<\/a><\/span><\/p>\n\n\n\n<p><span style=\"font-family: arial, helvetica, sans-serif;\"><a href=\"http:\/\/mezoszemere.hu\/web\/2018-augusztus-21-rendkivuli\/\">2018. 08. 21.<\/a><\/span><\/p>\n\n\n\n<p><span style=\"font-family: arial, helvetica, sans-serif;\"><a href=\"http:\/\/mezoszemere.hu\/web\/2018-augusztus-16\/\">2018. 08. 16.<\/a><\/span><\/p>\n\n\n\n<p><span style=\"font-family: arial, helvetica, sans-serif;\"><a href=\"http:\/\/mezoszemere.hu\/web\/2018-augusztus-16\/\">2018. 08. 16.<\/a><\/span><\/p>\n\n\n\n<p><span style=\"font-family: arial, helvetica, sans-serif;\"><a href=\"http:\/\/mezoszemere.hu\/web\/2018-julius-23\/\">2018. 07. 23.<\/a><\/span><\/p>\n\n\n\n<p><span style=\"font-family: arial, helvetica, sans-serif;\"><a href=\"http:\/\/mezoszemere.hu\/web\/2018-junius-4\/\">2018. 06. 04.<\/a><\/span><\/p>\n\n\n\n<p><span style=\"font-family: arial, helvetica, sans-serif;\"><a href=\"http:\/\/mezoszemere.hu\/web\/2018-majus-7\/\">2018. 05. 07.<\/a><\/span><\/p>\n\n\n\n<p><span style=\"font-family: arial, helvetica, sans-serif;\"><a href=\"http:\/\/mezoszemere.hu\/web\/2018-aprilis-24\/\">2018. 04. 24.<\/a><\/span><\/p>\n\n\n\n<blockquote class=\"wp-block-quote is-layout-flow wp-block-quote-is-layout-flow\">\n<p>2017. \u00e9vi jegyz\u0151k\u00f6nyvek<\/p>\n<\/blockquote>\n\n\n\n<p><span style=\"font-family: arial, helvetica, sans-serif;\"><a href=\"http:\/\/mezoszemere.hu\/web\/2017-december-13\/\">2017. 12. 13.<\/a><\/span><\/p>\n\n\n\n<p>&nbsp;<\/p>\n\n\n\n<p>&nbsp;<\/p>\n","protected":false},"excerpt":{"rendered":"<p>2026. \u00e9vi jegyz\u0151k\u00f6nyvek 2026.03.11. 2026.02.12. 2026.01.26. 2025. \u00e9vi jegyz\u0151k\u00f6nyvek 2025.12.08. k\u00f6zmeghallgat\u00e1s 2025.12.08. 2025.11.24. 2025.11.10. 2025.10.28. 2025.09.29. 2025.09.01. 2025.07.28. 2025.06.30. 2025.06.10. 2025.05.26. 2025.04.28. 2025.04.08. 2025.02.26. 2025.02.13 2025.01.27. &nbsp; 2024. \u00e9vi jegyz\u0151k\u00f6nyvek &hellip; <\/p>\n","protected":false},"author":2,"featured_media":0,"parent":0,"menu_order":0,"comment_status":"closed","ping_status":"closed","template":"","meta":{"ngg_post_thumbnail":0,"footnotes":""},"class_list":["post-2028","page","type-page","status-publish","hentry"],"_links":{"self":[{"href":"http:\/\/mezoszemere.hu\/web\/wp-json\/wp\/v2\/pages\/2028","targetHints":{"allow":["GET"]}}],"collection":[{"href":"http:\/\/mezoszemere.hu\/web\/wp-json\/wp\/v2\/pages"}],"about":[{"href":"http:\/\/mezoszemere.hu\/web\/wp-json\/wp\/v2\/types\/page"}],"author":[{"embeddable":true,"href":"http:\/\/mezoszemere.hu\/web\/wp-json\/wp\/v2\/users\/2"}],"replies":[{"embeddable":true,"href":"http:\/\/mezoszemere.hu\/web\/wp-json\/wp\/v2\/comments?post=2028"}],"version-history":[{"count":61,"href":"http:\/\/mezoszemere.hu\/web\/wp-json\/wp\/v2\/pages\/2028\/revisions"}],"predecessor-version":[{"id":2703,"href":"http:\/\/mezoszemere.hu\/web\/wp-json\/wp\/v2\/pages\/2028\/revisions\/2703"}],"wp:attachment":[{"href":"http:\/\/mezoszemere.hu\/web\/wp-json\/wp\/v2\/media?parent=2028"}],"curies":[{"name":"wp","href":"https:\/\/api.w.org\/{rel}","templated":true}]}}