{"id":2090,"date":"2022-10-02T17:08:43","date_gmt":"2022-10-02T16:08:43","guid":{"rendered":"http:\/\/mezoszemere.hu\/web\/?page_id=2090"},"modified":"2022-10-02T17:08:43","modified_gmt":"2022-10-02T16:08:43","slug":"altalanos-adatkezelesi-tajekoztato","status":"publish","type":"page","link":"http:\/\/mezoszemere.hu\/web\/altalanos-adatkezelesi-tajekoztato\/","title":{"rendered":"\u00c1ltal\u00e1nos adatkezel\u00e9si t\u00e1j\u00e9koztat\u00f3"},"content":{"rendered":"<h3>\u00c1LTAL\u00c1NOS ADATKEZEL\u00c9SI T\u00c1J\u00c9KOZTAT\u00d3 | Mez\u0151szemere K\u00f6zs\u00e9gi \u00d6nkorm\u00e1nyzat<\/h3>\n<h5>AZ ADATKEZEL\u00c9SI T\u00c1J\u00c9KOZTAT\u00d3 ELK\u00c9SZ\u00cdT\u00c9S\u00c9NEK C\u00c9LJA<\/h5>\n<p style=\"text-align: justify;\">A t\u00e1j\u00e9koztat\u00e1s c\u00e9lja, hogy e dokumentumban bemutassuk az \u00e9rintetteknek Mez\u0151szemere K\u00f6zs\u00e9gi \u00d6nkorm\u00e1nyzat, mint adatkezel\u0151 adatkezel\u00e9si tev\u00e9kenys\u00e9ge sor\u00e1n az adatkezel\u0151 tudom\u00e1s\u00e1ra jutott szem\u00e9lyes adatok kezel\u00e9s\u00e9t, tov\u00e1bb\u00e1 rendelkez\u00e9s\u00fckre bocs\u00e1jtsuk az adatkezel\u00e9s legfontosabb jellemz\u0151ire, k\u00f6r\u00fclm\u00e9nyeire vonatkoz\u00f3 inform\u00e1ci\u00f3kat.<\/p>\n<p>A t\u00e1j\u00e9koztat\u00f3 a term\u00e9szetes szem\u00e9lyeknek a szem\u00e9lyes adatok kezel\u00e9se tekintet\u00e9ben t\u00f6rt\u00e9n\u0151 v\u00e9delm\u00e9r\u0151l \u00e9s az ilyen adatok szabad \u00e1raml\u00e1s\u00e1r\u00f3l, valamint a 95\/46\/EK rendelet hat\u00e1lyon k\u00edv\u00fcl helyez\u00e9s\u00e9r\u0151l sz\u00f3l\u00f3, az Eur\u00f3pai Parlament \u00e9s a Tan\u00e1cs (EU) 2016\/679 rendelete (a tov\u00e1bbiakban: \u00e1ltal\u00e1nos adatv\u00e9delmi rendelet vagy GDPR) rendelkez\u00e9seinek megfelel\u0151en k\u00e9sz\u00fclt el. A fogalmak \u00e9rtelmez\u00e9s\u00e9n\u00e9l a fenti jogszab\u00e1lyokban foglalt \u00e9rtelmez\u0151 rendelkez\u00e9sek az ir\u00e1nyad\u00f3ak. A GDPR sz\u00f6vege megtekinthet\u0151 itt: https:\/\/eur-lex.europa.eu\/legal-content\/HU\/TXT\/HTML\/?uri=CELEX:32016R0679&nbsp;<\/p>\n<p style=\"text-align: justify;\"><strong>Ki az \u00e9rintett?<\/strong><\/p>\n<p style=\"text-align: justify;\">B\u00e1rki \u00e9rintett lehet, akinek szem\u00e9lyes adatait az \u00f6nkorm\u00e1nyzat kezeli.<\/p>\n<p style=\"text-align: justify;\"><strong>Mi a t\u00e1j\u00e9koztat\u00e1s c\u00e9lja?<\/strong><\/p>\n<p style=\"text-align: justify;\">A t\u00e1j\u00e9koztat\u00e1s c\u00e9lja, hogy e dokumentumban bemutassuk az \u00e9rintetteknek a www.mezoszemere.hu\/web weboldalon kereszt\u00fcl megval\u00f3sul\u00f3 adatkezel\u00e9si tev\u00e9kenys\u00e9g\u00fcnk sor\u00e1n tudom\u00e1sunkra jutott szem\u00e9lyes adatok kezel\u00e9s\u00e9t, tov\u00e1bb\u00e1 rendelkez\u00e9s\u00fckre bocs\u00e1ssuk az adatkezel\u00e9s legfontosabb jellemz\u0151ire, k\u00f6r\u00fclm\u00e9nyeire vonatkoz\u00f3 inform\u00e1ci\u00f3kat.<\/p>\n<p style=\"text-align: justify;\">A t\u00e1j\u00e9koztat\u00f3 a term\u00e9szetes szem\u00e9lyeknek a szem\u00e9lyes adatok kezel\u00e9se tekintet\u00e9ben t\u00f6rt\u00e9n\u0151 v\u00e9delm\u00e9r\u0151l \u00e9s az ilyen adatok szabad \u00e1raml\u00e1s\u00e1r\u00f3l, valamint a 95\/46\/EK rendelet hat\u00e1lyon k\u00edv\u00fcl helyez\u00e9s\u00e9r\u0151l sz\u00f3l\u00f3, az Eur\u00f3pai Parlament \u00e9s a Tan\u00e1cs (EU) 2016\/679 rendelete (a tov\u00e1bbiakban: \u00e1ltal\u00e1nos adatv\u00e9delmi rendelet vagy GDPR), valamint az inform\u00e1ci\u00f3s \u00f6nrendelkez\u00e9si jogr\u00f3l \u00e9s az inform\u00e1ci\u00f3szabads\u00e1gr\u00f3l sz\u00f3l\u00f3 2011. \u00e9vi CXII. t\u00f6rv\u00e9ny (a tov\u00e1bbiakban: az Infotv.) rendelkez\u00e9seinek megfelel\u0151en k\u00e9sz\u00fclt el. A fogalmak \u00e9rtelmez\u00e9s\u00e9n\u00e9l a fenti jogszab\u00e1lyokban foglalt \u00e9rtelmez\u0151 rendelkez\u00e9sek az ir\u00e1nyad\u00f3ak.<\/p>\n<h5>KI KEZELI A SZEM\u00c9LYES ADATOKAT?<\/h5>\n<p style=\"text-align: justify;\">A www.mezoszemere.hu\/web oldalon megval\u00f3sul\u00f3 adatkezel\u00e9sek vonatkoz\u00e1s\u00e1ban adatkezel\u0151nek Mez\u0151szemere K\u00f6zs\u00e9gi \u00d6nkorm\u00e1nyzat (a tov\u00e1bbiakban: az Adatkezel\u0151) min\u0151s\u00fcl.<\/p>\n<p><strong>Adatkezel\u0151<\/strong><\/p>\n<p>&nbsp;&nbsp;&nbsp;&nbsp;&nbsp;&nbsp;&nbsp;&nbsp;&nbsp;&nbsp;&nbsp;&nbsp;&nbsp;&nbsp;&nbsp;&nbsp;&nbsp;&nbsp;&nbsp;&nbsp;&nbsp;&nbsp;&nbsp;&nbsp;&nbsp;&nbsp;&nbsp;&nbsp;&nbsp;&nbsp;&nbsp;&nbsp; Sz\u00e9khelye: 3378 Mez\u0151szemere, M\u00e1jus 1. \u00fat 36.<\/p>\n<p>&nbsp;&nbsp;&nbsp;&nbsp;&nbsp;&nbsp;&nbsp;&nbsp;&nbsp;&nbsp;&nbsp;&nbsp;&nbsp;&nbsp;&nbsp;&nbsp;&nbsp;&nbsp;&nbsp;&nbsp;&nbsp;&nbsp;&nbsp;&nbsp;&nbsp;&nbsp;&nbsp;&nbsp;&nbsp;&nbsp;&nbsp;&nbsp; El\u00e9rhet\u0151s\u00e9ge: 06\/36\/490-000<\/p>\n<p>&nbsp;&nbsp;&nbsp;&nbsp;&nbsp;&nbsp;&nbsp;&nbsp;&nbsp;&nbsp;&nbsp;&nbsp;&nbsp;&nbsp;&nbsp;&nbsp;&nbsp;&nbsp;&nbsp;&nbsp;&nbsp;&nbsp;&nbsp;&nbsp;&nbsp;&nbsp;&nbsp;&nbsp;&nbsp;&nbsp;&nbsp;&nbsp; T\u00f6rzssz\u00e1ma: 380 524<\/p>\n<p>&nbsp;&nbsp;&nbsp;&nbsp;&nbsp;&nbsp;&nbsp;&nbsp;&nbsp;&nbsp;&nbsp;&nbsp;&nbsp;&nbsp;&nbsp;&nbsp;&nbsp;&nbsp;&nbsp;&nbsp;&nbsp;&nbsp;&nbsp;&nbsp;&nbsp;&nbsp;&nbsp;&nbsp;&nbsp;&nbsp;&nbsp;&nbsp; K\u00e9pvisel\u0151je: Jakab G\u00e1bor polg\u00e1rmester<\/p>\n<p>&nbsp;&nbsp;&nbsp;&nbsp;&nbsp;&nbsp;&nbsp;&nbsp;&nbsp;&nbsp;&nbsp;&nbsp;&nbsp;&nbsp;&nbsp;&nbsp;&nbsp;&nbsp;&nbsp;&nbsp;&nbsp;&nbsp;&nbsp;&nbsp;&nbsp;&nbsp;&nbsp;&nbsp;&nbsp;&nbsp;&nbsp;&nbsp; Adatv\u00e9delmi tisztvisel\u0151je (DPO): SMARTLEX Solutions Kft.<\/p>\n<p>&nbsp;&nbsp;&nbsp;&nbsp;&nbsp;&nbsp;&nbsp;&nbsp;&nbsp;&nbsp;&nbsp;&nbsp;&nbsp;&nbsp;&nbsp;&nbsp;&nbsp;&nbsp;&nbsp;&nbsp;&nbsp;&nbsp;&nbsp;&nbsp;&nbsp;&nbsp;&nbsp;&nbsp;&nbsp;&nbsp;&nbsp;&nbsp; DPO el\u00e9rhet\u0151s\u00e9ge: dpo@smartlex.hu<\/p>\n<h5>A SZEM\u00c9LYES ADATOK KEZEL\u00c9SE SOR\u00c1N AZ ADATKEZEL\u0150 \u00c1LTAL FONTOSNAK TARTOTT ELVEK<\/h5>\n<p style=\"text-align: justify;\">Adatkezel\u0151 az adatkezel\u00e9si tev\u00e9kenys\u00e9g sor\u00e1n tiszteletben tartja az \u00e9rintettek szem\u00e9lyhez f\u0171z\u0151d\u0151 jogait, amelynek sor\u00e1n azokat a hat\u00e1lyos jogszab\u00e1lyi el\u0151\u00edr\u00e1sok figyelembev\u00e9tel\u00e9vel kezeli. Erre tekintettel garant\u00e1lja a GDPR-ben \u00e9s az Infotv-ben, mindezeken t\u00fal pedig a konkr\u00e9t adatkezel\u00e9seket \u00e9rint\u0151 \u00e1gazati jogszab\u00e1lyokban foglaltak \u00e9rv\u00e9nyre juttat\u00e1s\u00e1t.<\/p>\n<p style=\"text-align: justify;\">Adatai biztons\u00e1g\u00e1t a k\u00f6vetkez\u0151k szerint garant\u00e1ljuk: minden szem\u00e9lyes adat a lehets\u00e9ges \u00e9s sz\u00fcks\u00e9ges technikai \u00e9s szervez\u00e9si int\u00e9zked\u00e9ssel r\u00e9szes\u00fcl v\u00e9delemben. Ennek sor\u00e1n k\u00fcl\u00f6n\u00f6sen nagy figyelmet ford\u00edtunk a szem\u00e9lyes adatok bizalmass\u00e1g\u00e1nak (<strong><u>c<\/u><\/strong>onfidentiality), s\u00e9rtetlens\u00e9g\u00e9nek (<strong><u>i<\/u><\/strong>ntegrity) \u00e9s rendelkez\u00e9sre \u00e1ll\u00e1s\u00e1nak (<strong><u>a<\/u><\/strong>vailability) biztos\u00edt\u00e1sa \u00e9rdek\u00e9ben (\u00fan. CIA-elv).<\/p>\n<h5 style=\"text-align: left;\"><strong>AZ ADATKEZEL\u0150 \u00c1LTAL KEZELT SZEM\u00c9LYES ADATOKKAL KAPCSOLATOS \u00c9RINTETTI JOGOK<\/strong><\/h5>\n<p style=\"text-align: justify;\">Amennyiben Adatkezel\u0151 az \u00d6n szem\u00e9lyes adatait kezeli, \u00fagy azzal \u00f6sszef\u00fcgg\u00e9sben a k\u00f6vetkez\u0151 jogok illetik meg:<\/p>\n<p style=\"text-align: justify;\"><strong>T\u00e1j\u00e9koztat\u00e1shoz<\/strong><strong>&nbsp;\u00e9s hozz\u00e1f\u00e9r\u00e9shez val\u00f3 jog<\/strong><u>:<\/u><\/p>\n<p style=\"text-align: justify;\">\u00c9rintettk\u00e9nt \u00d6n jogosult arra, hogy az Adatkezel\u0151t\u0151l inform\u00e1ci\u00f3t kapjon arra vonatkoz\u00f3an, hogy folyamatban van-e szem\u00e9lyes adatainak kezel\u00e9se. Amennyiben az adatkezel\u00e9s folyamatban van, \u00fagy jogosult arra is, hogy hozz\u00e1f\u00e9r\u00e9st kapjon<\/p>\n<ol style=\"text-align: justify;\">\n<li>a kezelt szem\u00e9lyes adatokhoz,<\/li>\n<li>az kezelt adatok kateg\u00f3ri\u00e1ihoz,<\/li>\n<li>az adatkezel\u00e9s(ek) c\u00e9ljaihoz,<\/li>\n<li>az adatkezel\u00e9s(ek) c\u00edmzettjeihez vagy a c\u00edmzettek kateg\u00f3ri\u00e1ihoz, akikkel a szem\u00e9lyes adatokat az adatkezel\u0151 k\u00f6z\u00f6lte, vagy k\u00f6z\u00f6lni fogja, valamint<\/li>\n<li>a szem\u00e9lyes adatok tervezett t\u00e1rol\u00e1s\u00e1nak id\u0151tartam\u00e1hoz, vagy \u2013 amennyiben ez nem lehets\u00e9ges \u2013 az id\u0151tartam meghat\u00e1roz\u00e1s\u00e1nak szempontjaihoz.<\/li>\n<\/ol>\n<p style=\"text-align: justify;\">A fentieken t\u00fal jogosult arra, hogy az adatkezel\u0151t\u0151l t\u00e1j\u00e9koztat\u00e1st kapjon arr\u00f3l, hogy k\u00e9relmezheti az \u00d6nre vonatkoz\u00f3 szem\u00e9lyes adatok helyesb\u00edt\u00e9s\u00e9t, t\u00f6rl\u00e9s\u00e9t vagy kezel\u00e9s\u00e9nek korl\u00e1toz\u00e1s\u00e1t \u00e9s tiltakozhat az ilyen szem\u00e9lyes adatok kezel\u00e9se ellen, tov\u00e1bb\u00e1 az adatkezel\u0151 t\u00e1j\u00e9koztassa a fel\u00fcgyeleti hat\u00f3s\u00e1ghoz c\u00edmzett panasz beny\u00fajt\u00e1si jog\u00e1r\u00f3l.<\/p>\n<p style=\"text-align: justify;\"><strong>Helyesb\u00edt\u00e9shez val\u00f3 jog<\/strong>: Az \u00e9rintett jogosult arra, hogy k\u00e9r\u00e9s\u00e9re Adatkezel\u0151 indokolatlan k\u00e9sedelem n\u00e9lk\u00fcl helyesb\u00edtse a r\u00e1 vonatkoz\u00f3 pontatlan szem\u00e9lyes adatokat, tov\u00e1bb\u00e1 az adatkezel\u00e9s c\u00e9lj\u00e1nak figyelembev\u00e9tel\u00e9vel jogosult arra, hogy k\u00e9rje a hi\u00e1nyos szem\u00e9lyes adatok \u2013 egyebek mellett kieg\u00e9sz\u00edt\u0151 nyilatkozat \u00fatj\u00e1n t\u00f6rt\u00e9n\u0151 \u2013&nbsp;<strong>kieg\u00e9sz\u00edt\u00e9s\u00e9t<\/strong>.<\/p>\n<p style=\"text-align: justify;\"><strong>T\u00f6rl\u00e9shez val\u00f3 jog<\/strong>: Az \u00e9rintett jogosult arra, hogy k\u00e9r\u00e9s\u00e9re az Adatkezel\u0151 indokolatlan k\u00e9sedelem n\u00e9lk\u00fcl t\u00f6r\u00f6lje a r\u00e1 vonatkoz\u00f3, hozz\u00e1j\u00e1rul\u00e1s alapj\u00e1n kezelt szem\u00e9lyes adatokat.<\/p>\n<p style=\"text-align: justify;\"><strong>Adatkezel\u00e9s korl\u00e1toz\u00e1s\u00e1hoz val\u00f3 jog<\/strong>: Az \u00e9rintett jogosult arra, hogy k\u00e9r\u00e9s\u00e9re az Adatkezel\u0151 korl\u00e1tozza az adatkezel\u00e9st, amennyiben<\/p>\n<ol style=\"text-align: justify;\">\n<li>az \u00e9rintett vitatja a szem\u00e9lyes adatok pontoss\u00e1g\u00e1t,&nbsp;<u>vagy<\/u><\/li>\n<li>az adatkezel\u00e9s jogellenes<\/li>\n<\/ol>\n<p style=\"text-align: justify;\"><u>\u00e9s<\/u><\/p>\n<p style=\"text-align: justify;\">az \u00e9rintett ellenzi az adatok t\u00f6rl\u00e9s\u00e9t, ehelyett k\u00e9ri azok felhaszn\u00e1l\u00e1s\u00e1nak korl\u00e1toz\u00e1s\u00e1t.<\/p>\n<p style=\"text-align: justify;\">Ha az Adatkezel\u0151nek m\u00e1r nincs sz\u00fcks\u00e9ge az \u00e9rintett szem\u00e9lyes adatokra az adatkezel\u00e9s c\u00e9lj\u00e1b\u00f3l, azonban az \u00e9rintett ig\u00e9nyli azokat jogi ig\u00e9nyek el\u0151terjeszt\u00e9s\u00e9hez, \u00e9rv\u00e9nyes\u00edt\u00e9s\u00e9hez vagy v\u00e9delm\u00e9hez akkor (ha az \u00e9rintett tiltakozott az adatkezel\u00e9s ellen) a korl\u00e1toz\u00e1s arra az id\u0151tartamra vonatkozik, am\u00edg meg\u00e1llap\u00edt\u00e1sra nem ker\u00fcl, hogy az adatkezel\u0151 jogos indokai els\u0151bbs\u00e9get \u00e9lveznek-e az \u00e9rintett jogos indokaival szemben.<\/p>\n<p style=\"text-align: justify;\"><strong>Tiltakoz\u00e1shoz val\u00f3 jog<\/strong>: Az \u00e9rintett jogosult arra, hogy a saj\u00e1t helyzet\u00e9vel kapcsolatos okokb\u00f3l b\u00e1rmikor tiltakozzon szem\u00e9lyes adatainak a kezel\u00e9se ellen abban az esetben, ha az adatkezel\u00e9s<\/p>\n<ol style=\"text-align: justify;\">\n<li>az adatkezel\u0151, vagy<\/li>\n<li>egy harmadik f\u00e9l<\/li>\n<\/ol>\n<p style=\"text-align: justify;\">jogos \u00e9rdekeinek \u00e9rv\u00e9nyes\u00edt\u00e9s\u00e9hez sz\u00fcks\u00e9ges. Az Adatkezel\u0151 a tiltakoz\u00e1s alapj\u00e1n az adatkezel\u00e9st nem sz\u00fcnteti meg, ha az adatkezel\u00e9st olyan k\u00e9nyszer\u00edt\u0151 erej\u0171 jogos okok indokolj\u00e1k, amelyek els\u0151bbs\u00e9get \u00e9lveznek az \u00e9rintett \u00e9rdekeivel, jogaival \u00e9s szabads\u00e1gaival szemben, vagy amelyek jogi ig\u00e9nyek el\u0151terjeszt\u00e9s\u00e9hez, \u00e9rv\u00e9nyes\u00edt\u00e9s\u00e9hez vagy v\u00e9delm\u00e9hez kapcsol\u00f3dnak.<\/p>\n<p style=\"text-align: justify;\"><strong><u>Adathordozhat\u00f3s\u00e1ghoz val\u00f3 jog<\/u><\/strong><strong>:&nbsp;<\/strong>Az \u00e9rintett jogosult a r\u00e1 vonatkoz\u00f3, \u00e1ltala az Adatkezel\u0151 rendelkez\u00e9s\u00e9re bocs\u00e1tott szem\u00e9lyes adatokat tagolt, sz\u00e9les k\u00f6rben haszn\u00e1lt, g\u00e9ppel olvashat\u00f3 form\u00e1tumban megkapni, tov\u00e1bb\u00e1 jogosult arra, hogy ezeket az adatokat egy m\u00e1sik adatkezel\u0151nek tov\u00e1bb\u00edtsa an\u00e9lk\u00fcl, hogy ezt akad\u00e1lyozn\u00e1 az Adatkezel\u0151, amelynek a szem\u00e9lyes adatokat a rendelkez\u00e9s\u00e9re bocs\u00e1totta,<\/p>\n<p style=\"text-align: justify;\"><strong><u>ha<\/u><\/strong>&nbsp;az adatkezel\u00e9s az \u00e9rintett hozz\u00e1j\u00e1rul\u00e1s\u00e1n vagy a szem\u00e9lyes adatok k\u00fcl\u00f6nleges kateg\u00f3ri\u00e1inak egy vagy t\u00f6bb konkr\u00e9t c\u00e9lb\u00f3l t\u00f6rt\u00e9n\u0151 kezel\u00e9s\u00e9hez megadott hozz\u00e1j\u00e1rul\u00e1s\u00e1n, vagy szerz\u0151d\u00e9sen alapul<\/p>\n<p style=\"text-align: justify;\"><strong><u>\u00e9s<\/u><\/strong>&nbsp;az adatkezel\u00e9s automatiz\u00e1lt m\u00f3don t\u00f6rt\u00e9nik.<\/p>\n<p style=\"text-align: justify;\"><strong>Amennyiben \u00e9rintett \u00e9lni k\u00edv\u00e1n a fenti jogosults\u00e1gaival, \u00fagy az azok v\u00e9grehajt\u00e1s\u00e1ra nyitva \u00e1ll\u00f3 teljes\u00edt\u00e9si hat\u00e1rid\u0151 (felt\u00e9ve, ha hosszabb\u00edt\u00e1sra nem ker\u00fcl sor) a k\u00e9relem, k\u00e9r\u00e9s be\u00e9rkez\u00e9s\u00e9t k\u00f6vet\u0151 legfeljebb egy h\u00f3nap.<\/strong><\/p>\n<h5 style=\"text-align: left;\"><strong>AZ ADATKEZEL\u0150 \u00c1LTAL KEZELT SZEM\u00c9LYES ADATOKKAL \u00d6SSZEF\u00dcGG\u0150 JOGORVOSLATI LEHET\u0150S\u00c9GEK<\/strong><\/h5>\n<p style=\"text-align: justify;\">Amennyiben s\u00e9relmesnek v\u00e9li azt, ahogy az Adatkezel\u0151 a szem\u00e9lyes adatait kezeli, javasoljuk, hogy el\u0151sz\u00f6r keressen meg benn\u00fcnket panasz\u00e1val, amelyet minden esetben megvizsg\u00e1lunk \u00e9s mindent megtesz\u00fcnk az\u00e9rt, hogy megfelel\u0151en kezelj\u00fck azt. Ha a panasza ellen\u00e9re tov\u00e1bbra is s\u00e9relmezi azt, ahogy a T\u00e1rsas\u00e1g kezeli az \u00d6n szem\u00e9lyes adatait, vagy nem k\u00edv\u00e1n n\u00e1lunk panaszt tenni, \u00fagy az al\u00e1bbi jogorvoslati lehet\u0151s\u00e9gei vannak:<\/p>\n<p style=\"text-align: justify;\"><strong>A fel\u00fcgyeleti hat\u00f3s\u00e1gn\u00e1l t\u00f6rt\u00e9n\u0151 panaszt\u00e9telhez val\u00f3 jog<\/strong><\/p>\n<p style=\"text-align: justify;\">Az egy\u00e9b k\u00f6zigazgat\u00e1si vagy b\u00edr\u00f3s\u00e1gi jogorvoslatok s\u00e9relme n\u00e9lk\u00fcl \u00d6n jogosult arra, hogy amennyiben \u00e1ll\u00e1spontja szerint az Adatkezel\u0151 vagy az \u00e1ltala megb\u00edzott Adatfeldolgoz\u00f3 tev\u00e9kenys\u00e9g\u00e9vel vagy mulaszt\u00e1s\u00e1val jogs\u00e9rt\u00e9st k\u00f6vetett el, vagy annak vesz\u00e9ly\u00e9t id\u00e9zte el\u0151, \u00fagy panaszt tegyen a Nemzeti Adatv\u00e9delmi \u00e9s Inform\u00e1ci\u00f3szabads\u00e1g Hat\u00f3s\u00e1gn\u00e1l (a tov\u00e1bbiakban: Fel\u00fcgyeleti Hat\u00f3s\u00e1g).<\/p>\n<p style=\"text-align: justify;\"><em>A Nemzeti Adatv\u00e9delmi \u00e9s Inform\u00e1ci\u00f3szabads\u00e1g Hat\u00f3s\u00e1g el\u00e9rhet\u0151s\u00e9gei:<\/em><\/p>\n<p style=\"text-align: justify;\">1363 Budapest, Pf.:9.<\/p>\n<p style=\"text-align: justify;\">1055 Budapest, Falk Miksa utca 9-11<\/p>\n<p style=\"text-align: justify;\">Tel.: 06 1\/391-1400<\/p>\n<p style=\"text-align: justify;\">Fax: 06 1\/391-1410<\/p>\n<p><strong>Az adatkezel\u0151vel vagy az adatfeldolgoz\u00f3val szembeni hat\u00e9kony b\u00edr\u00f3s\u00e1gi jogorvoslathoz val\u00f3 jog<\/strong><\/p>\n<p style=\"text-align: justify;\">A rendelkez\u00e9sre \u00e1ll\u00f3 k\u00f6zigazgat\u00e1si vagy nem b\u00edr\u00f3s\u00e1gi \u00fatra tartoz\u00f3 jogorvoslatok \u2013 k\u00f6zt\u00fck a fel\u00fcgyeleti hat\u00f3s\u00e1gn\u00e1l t\u00f6rt\u00e9n\u0151 panaszt\u00e9telhez val\u00f3 jog \u2212 s\u00e9relme n\u00e9lk\u00fcl \u00d6n hat\u00e9kony b\u00edr\u00f3s\u00e1gi jogorvoslatra jogosult, ha meg\u00edt\u00e9l\u00e9se szerint a szem\u00e9lyes adatai kezel\u00e9s\u00e9vel \u00f6sszef\u00fcgg\u0151 jogait megs\u00e9rtett\u00e9k. A per elb\u00edr\u00e1l\u00e1sa t\u00f6rv\u00e9nysz\u00e9k hat\u00e1sk\u00f6r\u00e9be tartozik. \u00d6n d\u00f6nthet \u00fagy, hogy a pert a lak\u00f3helye vagy a tart\u00f3zkod\u00e1si helye szerinti t\u00f6rv\u00e9nysz\u00e9k el\u0151tt ind\u00edtja meg.<\/p>\n<p>A t\u00f6rv\u00e9nysz\u00e9kek list\u00e1j\u00e1t a&nbsp;<a href=\"http:\/\/birosag.hu\/torvenyszekek\"><strong>http:\/\/birosag.hu\/torvenyszekek<\/strong><\/a>&nbsp;webc\u00edm alatt \u00e9rheti el.<\/p>\n<p>Mez\u0151szemere, 2022. \u00e1prilis 24.<\/p>\n","protected":false},"excerpt":{"rendered":"<p>\u00c1LTAL\u00c1NOS ADATKEZEL\u00c9SI T\u00c1J\u00c9KOZTAT\u00d3 | Mez\u0151szemere K\u00f6zs\u00e9gi \u00d6nkorm\u00e1nyzat AZ ADATKEZEL\u00c9SI T\u00c1J\u00c9KOZTAT\u00d3 ELK\u00c9SZ\u00cdT\u00c9S\u00c9NEK C\u00c9LJA A t\u00e1j\u00e9koztat\u00e1s c\u00e9lja, hogy e dokumentumban bemutassuk az \u00e9rintetteknek Mez\u0151szemere K\u00f6zs\u00e9gi \u00d6nkorm\u00e1nyzat, mint adatkezel\u0151 adatkezel\u00e9si tev\u00e9kenys\u00e9ge sor\u00e1n az &hellip; <\/p>\n","protected":false},"author":2,"featured_media":0,"parent":0,"menu_order":0,"comment_status":"closed","ping_status":"closed","template":"","meta":{"ngg_post_thumbnail":0,"footnotes":""},"class_list":["post-2090","page","type-page","status-publish","hentry"],"_links":{"self":[{"href":"http:\/\/mezoszemere.hu\/web\/wp-json\/wp\/v2\/pages\/2090","targetHints":{"allow":["GET"]}}],"collection":[{"href":"http:\/\/mezoszemere.hu\/web\/wp-json\/wp\/v2\/pages"}],"about":[{"href":"http:\/\/mezoszemere.hu\/web\/wp-json\/wp\/v2\/types\/page"}],"author":[{"embeddable":true,"href":"http:\/\/mezoszemere.hu\/web\/wp-json\/wp\/v2\/users\/2"}],"replies":[{"embeddable":true,"href":"http:\/\/mezoszemere.hu\/web\/wp-json\/wp\/v2\/comments?post=2090"}],"version-history":[{"count":1,"href":"http:\/\/mezoszemere.hu\/web\/wp-json\/wp\/v2\/pages\/2090\/revisions"}],"predecessor-version":[{"id":2091,"href":"http:\/\/mezoszemere.hu\/web\/wp-json\/wp\/v2\/pages\/2090\/revisions\/2091"}],"wp:attachment":[{"href":"http:\/\/mezoszemere.hu\/web\/wp-json\/wp\/v2\/media?parent=2090"}],"curies":[{"name":"wp","href":"https:\/\/api.w.org\/{rel}","templated":true}]}}