{"id":2124,"date":"2022-12-12T12:12:19","date_gmt":"2022-12-12T11:12:19","guid":{"rendered":"http:\/\/mezoszemere.hu\/web\/?page_id=2124"},"modified":"2022-12-12T12:12:19","modified_gmt":"2022-12-12T11:12:19","slug":"felhivas-targyalason-valo-reszvetelre","status":"publish","type":"page","link":"http:\/\/mezoszemere.hu\/web\/felhivas-targyalason-valo-reszvetelre\/","title":{"rendered":"Felh\u00edv\u00e1s t\u00e1rgyal\u00e1son val\u00f3 r\u00e9szv\u00e9telre"},"content":{"rendered":"<p>a Mez\u0151szemere K\u00f6zs\u00e9gi \u00d6nkorm\u00e1nyzat tulajdon\u00e1ban \u00e1ll\u00f3, Mez\u0151szemere, k\u00fclter\u00fclet 035\/31 hrsz alatti ingatlan tulajdon\u00e1nak \u00e9rt\u00e9kes\u00edt\u00e9se t\u00e1rgy\u00e1ban<\/p>\n<ol>\n<li><strong> Ki\u00edr\u00f3<\/strong><\/li>\n<\/ol>\n<p><strong>&nbsp;<\/strong>A ki\u00edr\u00f3: Mez\u0151szemere K\u00f6zs\u00e9gi \u00d6nkorm\u00e1nyzat (3378 Mez\u0151szemere, M\u00e1jus 1 \u00fat 36., az \u201e<strong>\u00d6nkorm\u00e1nyzat<\/strong>\u201d). Az \u00e1rt\u00e1rgyal\u00e1s ki\u00edr\u00e1s\u00e1ra az \u00d6nkorm\u00e1nyzat K\u00e9pvisel\u0151-test\u00fclete 87\/2022 (XI. 28.) sz\u00e1m\u00fa hat\u00e1rozata alapj\u00e1n ker\u00fclt sor, figyelemmel a Mez\u0151szemere K\u00f6zs\u00e9g K\u00e9pvisel\u0151-test\u00fclet\u00e9nek 6\/2013 (IV.05) sz\u00e1m\u00fa, az \u00d6nkorm\u00e1nyzat vagyon\u00e1r\u00f3l \u00e9s vagyongazd\u00e1lkod\u00e1s szab\u00e1lyair\u00f3l sz\u00f3l\u00f3 \u00d6nkorm\u00e1nyzati rendelet\u00e9re. Az \u00e1rt\u00e1rgyal\u00e1s lebonyol\u00edt\u00e1s\u00e1val az \u00d6nkorm\u00e1nyzat a K\u00e1lm\u00e1n \u00e9s T\u00e1rsai \u00dcgyv\u00e9di Irod\u00e1t (1124 Budapest, F\u00fcrj u. 2.) b\u00edzta meg.<\/p>\n<ol start=\"2\">\n<li><strong> A \u00e1rt\u00e1rgyal\u00e1s<\/strong> <strong>c\u00e9lja \u00e9s jellege<\/strong><\/li>\n<\/ol>\n<p>2.1 C\u00e9lja: az \u00d6nkorm\u00e1nyzat tulajdon\u00e1ban \u00e1ll\u00f3, lent megjel\u00f6lt ingatlan (az \u201e<strong>Ingatlan<\/strong>\u201d) tulajdonjog\u00e1nak \u00e9rt\u00e9kes\u00edt\u00e9se.<\/p>\n<p>2.2 Jellege: nyilv\u00e1nos.<\/p>\n<p>2.3 Az \u00e1rt\u00e1rgyal\u00e1sason r\u00e9szt vehet b\u00e1rmely jelen felh\u00edv\u00e1s alapj\u00e1n \u00e9rv\u00e9nyes regisztr\u00e1ci\u00f3t v\u00e9grehajt\u00f3 belf\u00f6ldi vagy k\u00fclf\u00f6ldi term\u00e9szetes szem\u00e9ly \u00e9s olyan jogi szem\u00e9ly, jogi szem\u00e9lyis\u00e9g n\u00e9lk\u00fcli gazdas\u00e1gi t\u00e1rsas\u00e1g, amely a nemzeti vagyonr\u00f3l sz\u00f3l\u00f3 2011. \u00e9vi CXCVI. t\u00f6rv\u00e9ny (a \u201e<strong>Nemzeti Vagyon tv<\/strong>.\u201d) 3. \u00a7&nbsp;(1) bekezd\u00e9se alapj\u00e1n \u00e1tl\u00e1that\u00f3 szervezetnek min\u0151s\u00fcl, \u00e9s a Nemzeti Vagyon tv. 3. \u00a7&nbsp;(1) bekezd\u00e9s ba) alpontja szerinti t\u00e9nyleges tulajdonos\u00e1r\u00f3l nyilatkozatot tesz.<\/p>\n<p>2.4 Az \u00e1rt\u00e1rgyal\u00e1sas nyelve: magyar.<\/p>\n<ol start=\"3\">\n<li><strong> Az \u00e1rt\u00e1rgyal\u00e1s<\/strong> <strong>t\u00e1rgy\u00e1t k\u00e9pez\u0151 Ingatlan alapvet\u0151 adatai<\/strong><\/li>\n<\/ol>\n<p>Az Ingatlan c\u00edme: Mez\u0151szemere k\u00fclter\u00fclet.<\/p>\n<p>Az Ingatlan helyrajzi sz\u00e1ma: 035\/31 hrsz.<\/p>\n<p>Az Ingatlan megnevez\u00e9se: sz\u00e1nt\u00f3<\/p>\n<p>Az Ingatlan ter\u00fclete: 16 ha 8008 m<sup>2<\/sup><\/p>\n<p>Az Ingatlan minimum \u00e1ra: 289.814 EUR vagy annak forint ellen\u00e9rt\u00e9ke.<\/p>\n<p>Tov\u00e1bbi inform\u00e1ci\u00f3kat az Ingatlan \u00e1rt\u00e1rgyal\u00e1s\u00e1hoz kapcsol\u00f3d\u00f3 befektet\u0151i t\u00e1j\u00e9koztat\u00f3 tartalmazza.<\/p>\n<ol start=\"4\">\n<li><strong> Elj\u00e1r\u00e1s<\/strong><\/li>\n<\/ol>\n<p><strong>&nbsp;<\/strong>4.1 Az \u00e1rt\u00e1rgyal\u00e1son az vehet r\u00e9szt, aki a regisztr\u00e1ci\u00f3s elj\u00e1r\u00e1s sor\u00e1n \u00e9rv\u00e9nyes regisztr\u00e1ci\u00f3t hajt v\u00e9gre, a regisztr\u00e1ci\u00f3 tartalm\u00e1t \u00e9s k\u00f6telez\u0151 mell\u00e9kleteit, valamint az \u00e1rt\u00e1rgyal\u00e1s menet\u00e9t a befektet\u0151i t\u00e1j\u00e9koztat\u00f3 tartalmazza.<\/p>\n<p>4.2. \u00c1rt\u00e1rgyal\u00e1sra akkor ker\u00fcl sor, amennyiben t\u00f6bb \u00e9rv\u00e9nyes regisztr\u00e1ci\u00f3 \u00e9rkezik, kiz\u00e1r\u00f3lag egy \u00e9rv\u00e9nyes regisztr\u00e1ci\u00f3 eset\u00e9ben az abban megaj\u00e1nlott a licit aj\u00e1nlat \u00f6sszege min\u0151s\u00fcl az el\u00e9rt legmagasabb v\u00e9tel\u00e1rnak.<\/p>\n<p>4.3. Az \u00e1rt\u00e1rgyal\u00e1s sor\u00e1n licit\u00e1l\u00e1s \u00fatj\u00e1n az Ingatlan vonatkoz\u00e1s\u00e1ban a legmagasabb v\u00e9tel\u00e1rat felaj\u00e1nl\u00f3 \u00e1rverez\u0151 a v\u00e9tel\u00e1rat az \u00d6nkorm\u00e1nyzattal k\u00f6t\u00f6tt el\u0151szerz\u0151d\u00e9sben (a \u201e<strong>Szerz\u0151d\u00e9s<\/strong>\u201d) meghat\u00e1rozott m\u00f3don fizeti meg.<\/p>\n<ol start=\"5\">\n<li><strong> A befektet\u0151i t\u00e1j\u00e9koztat\u00f3 beszerz\u00e9s\u00e9nek helye, m\u00f3dja, ideje \u00e9s k\u00f6lts\u00e9ge<\/strong><\/li>\n<\/ol>\n<p><strong>&nbsp;<\/strong>5.1 Az \u00e1rt\u00e1rgyal\u00e1sra t\u00f6rt\u00e9n\u0151 felh\u00edv\u00e1s 2022. december 12. napja \u00e9s 2022. december 20. napja k\u00f6z\u00f6tt ker\u00fcl meghirdet\u00e9sre. A befektet\u0151i t\u00e1j\u00e9koztat\u00f3 a K\u00e1lm\u00e1n \u00e9s T\u00e1rsai \u00dcgyv\u00e9di Irod\u00e1ban (1124 Budapest, F\u00fcrj u. 2.), 200.000 Ft +\u00c1FA befizet\u00e9se ellen\u00e9ben vehet\u0151 \u00e1t 2022. december 12. napja \u00e9s 2022. december 20. napja k\u00f6z\u00f6tt, munkanapokon 10-16 \u00f3ra k\u00f6z\u00f6tt. A befizet\u00e9s \u00e1tutal\u00e1ssal t\u00f6rt\u00e9nik az Ingatlan c\u00edm\u00e9nek megjel\u00f6l\u00e9s\u00e9vel a UniCredit Bank Hungary Zrt.-n\u00e9l vezetett 10918001-00000097-12540004 sz\u00e1m\u00fa banksz\u00e1ml\u00e1ra.<\/p>\n<p>5.2 A befektet\u0151i t\u00e1j\u00e9koztat\u00f3t megv\u00e1s\u00e1rl\u00f3 a befektet\u00e9si t\u00e1j\u00e9koztat\u00f3 v\u00e9tel\u00e1r\u00e1nak visszat\u00e9r\u00edt\u00e9s\u00e9re nem tarthat ig\u00e9nyt \u00e9s a regisztr\u00e1lt \u00e1rverez\u0151 aj\u00e1nlat\u00e1val kapcsolatban semmilyen jogc\u00edmen nem terjeszthet el\u0151 k\u00f6vetel\u00e9st az \u00d6nkorm\u00e1nyzat, illetve az \u00e1rt\u00e1rgyal\u00e1s lebonyol\u00edt\u00f3ja fel\u00e9.<\/p>\n<p>5.3 Az \u00e1rt\u00e1rgyal\u00e1son csak olyan szem\u00e9ly jogosult r\u00e9szt venni, aki a befektet\u0151i t\u00e1j\u00e9koztat\u00f3t megv\u00e1s\u00e1rolta. A megv\u00e1s\u00e1rolt befektet\u0151i t\u00e1j\u00e9koztat\u00f3 m\u00e1sra nem ruh\u00e1zhat\u00f3 \u00e1t. A befektet\u0151i t\u00e1j\u00e9koztat\u00f3 megv\u00e1s\u00e1rl\u00e1s\u00e1t igazol\u00f3 bizonylatot (vagy annak hiteles m\u00e1solat\u00e1t) a regisztr\u00e1ci\u00f3hoz csatolni kell.<\/p>\n<p>5.&nbsp; A meghatalmazott k\u00f6teles k\u00f6zokirattal, vagy teljes bizony\u00edt\u00f3 erej\u0171 mag\u00e1nokirattal igazolni k\u00e9pviseleti jogosults\u00e1g\u00e1t, illetve annak m\u00e9rt\u00e9k\u00e9t.<\/p>\n<p>5.5 A befektet\u0151i t\u00e1j\u00e9koztat\u00f3 az \u00e9rdekelt befektet\u0151nek titoktart\u00e1si nyilatkozat al\u00e1\u00edr\u00e1sa ut\u00e1n ker\u00fcl \u00e1tad\u00e1sra.<\/p>\n<p>5.6. Az \u00d6nkorm\u00e1nyzat fenntartja jog\u00e1t arra, hogy az \u00e1rt\u00e1rgyal\u00e1s sor\u00e1n a jelen befektet\u0151i t\u00e1j\u00e9koztat\u00f3ban, illetve annak r\u00e9szek\u00e9nt az \u00e1rt\u00e1rgyal\u00e1sra t\u00f6rt\u00e9n\u0151 felh\u00edv\u00e1sban szerepl\u0151 felt\u00e9teleket egy alkalommal m\u00f3dos\u00edtsa.<\/p>\n<ol start=\"6\">\n<li><strong> A regisztr\u00e1ci\u00f3k beny\u00fajt\u00e1s\u00e1nak helye, m\u00f3dja \u00e9s ideje<\/strong><\/li>\n<\/ol>\n<p><strong>&nbsp;<\/strong>6.1 A regisztr\u00e1ci\u00f3kat a K\u00e1lm\u00e1n \u00e9s T\u00e1rsai \u00dcgyv\u00e9di Irod\u00e1ban (1124 Budapest, F\u00fcrj u. 2.) kell beny\u00fajtani az Ingatlan c\u00edm\u00e9nek kiz\u00e1r\u00f3lagos felt\u00fcntet\u00e9s\u00e9vel, z\u00e1rt, c\u00e9gjelz\u00e9s n\u00e9lk\u00fcli bor\u00edt\u00e9kban, n\u00e9gy p\u00e9ld\u00e1nyban (egy eredeti \u00e9s k\u00e9t m\u00e1solati p\u00e9ld\u00e1nyban pap\u00edr alapon \u00e9s egy elektronikus, USB-re \u00edrt m\u00e1solati p\u00e9ld\u00e1nyban), magyar nyelven, szem\u00e9lyesen, illetve meghatalmazott \u00fatj\u00e1n \u00fagy, hogy a regisztr\u00e1ci\u00f3s dokument\u00e1ci\u00f3 a regisztr\u00e1ci\u00f3 beny\u00fajt\u00e1s\u00e1ra nyitva \u00e1ll\u00f3 hat\u00e1rid\u0151n bel\u00fcl meg\u00e9rkezzen. A k\u00f6teles az eredeti p\u00e9ld\u00e1nyt megjel\u00f6lni \u201eEredeti\u201d fel\u00edr\u00e1ssal. Ha a regisztr\u00e1ci\u00f3k k\u00f6z\u00f6tt elt\u00e9r\u00e9s ad\u00f3dik, az \u00edgy megjel\u00f6lt regisztr\u00e1ci\u00f3ban foglaltak az ir\u00e1nyad\u00f3k. A m\u00e1solati p\u00e9ld\u00e1nyok bor\u00edt\u00f3j\u00e1n az al\u00e1bbi egyez\u00e9si z\u00e1rad\u00e9kot k\u00f6telez\u0151 felt\u00fcntetni: \u201eaz eredetivel mindenben megegyez\u0151nek min\u0151s\u00fcl\u201d.<\/p>\n<p>6.2 A regisztr\u00e1ci\u00f3 beny\u00fajt\u00e1s\u00e1ra nyitva \u00e1ll\u00f3 hat\u00e1rid\u0151 2023. janu\u00e1r 4. napja 10:00. \u00f3ra. A regisztr\u00e1l\u00f3 \u00e1rverez\u0151 a regisztr\u00e1ci\u00f3 beny\u00fajt\u00e1s\u00e1ra nyitva \u00e1ll\u00f3 hat\u00e1rid\u0151 lej\u00e1rt\u00e1ig m\u00f3dos\u00edthatja vagy visszavonhatja regisztr\u00e1ci\u00f3j\u00e1t, ezt k\u00f6vet\u0151en az nem m\u00f3dos\u00edthat\u00f3.<\/p>\n<ol start=\"7\">\n<li><strong> A licit aj\u00e1nlatok \u00e9rt\u00e9kel\u00e9s \u00e9s \u00f6sszes\u00edt\u00e9se<\/strong><\/li>\n<\/ol>\n<p>A 6.2. pontban meghat\u00e1rozott hat\u00e1rid\u0151 alatt be\u00e9rkezett regisztr\u00e1ci\u00f3k \u00f6sszes\u00edt\u00e9s\u00e9re 2023. janu\u00e1r 4. napj\u00e1n 10:00. \u00f3rakor ker\u00fcl sor a K\u00e1lm\u00e1n \u00e9s T\u00e1rsai \u00dcgyv\u00e9di Iroda hivatalos helyis\u00e9g\u00e9ben (1124 Budapest, F\u00fcrj u. 2.). A regisztr\u00e1ci\u00f3k \u00f6sszes\u00edt\u00e9s\u00e9n a regisztr\u00e1lt \u00e1rverez\u0151, vagy az \u00e1ltala erre \u00edr\u00e1sban meghatalmazott szem\u00e9ly vehet r\u00e9szt.<\/p>\n<ol start=\"8\">\n<li><strong> A regisztr\u00e1ci\u00f3k \u00e9rt\u00e9kel\u00e9se, elb\u00edr\u00e1l\u00e1sa <\/strong><\/li>\n<\/ol>\n<p><strong>&nbsp;<\/strong>8.1 Az regisztr\u00e1ci\u00f3k \u00e9rt\u00e9kel\u00e9s\u00e9re \u00e9s elb\u00edr\u00e1l\u00e1s\u00e1ra 2023. janu\u00e1r 6. napj\u00e1n 10:00 \u00f3rakor ker\u00fcl sor a K\u00e1lm\u00e1n \u00e9s T\u00e1rsai \u00dcgyv\u00e9di Iroda hivatalos helyis\u00e9g\u00e9ben (1124 Budapest, F\u00fcrj u. 2.) Dr. Magyari Bence \u00fcgyv\u00e9d vagy Dr. Vad\u00e1sz Anik\u00f3 \u00fcgyv\u00e9d \u00e1ltal, melynek sor\u00e1n meg\u00e1llap\u00edt\u00e1sra ker\u00fclnek az \u00e9rv\u00e9nyes regisztr\u00e1ci\u00f3k.<\/p>\n<p>8.2 Amennyiben meg\u00e1llap\u00edt\u00e1sra ker\u00fcl, hogy t\u00f6bb mint egy \u00e9rv\u00e9nyes regisztr\u00e1ci\u00f3ra ker\u00fclt sor, akkor nyomban megtart\u00e1sra ker\u00fcl az Ingatlan tulajdon\u00e1nak \u00e9rt\u00e9kes\u00edt\u00e9se vonatkoz\u00f3 \u00e1rt\u00e1rgyal\u00e1s (\u00e1rver\u00e9s).<\/p>\n<p>Az \u00e1rt\u00e1rgyal\u00e1s (\u00e1rver\u00e9s) napja \u00e9s id\u0151pontja 2023. janu\u00e1r 6. napj\u00e1n 11:00 \u00f3ra.<\/p>\n<p>Az \u00e1rt\u00e1rgyal\u00e1s (\u00e1rver\u00e9s) helysz\u00edne K\u00e1lm\u00e1n \u00e9s T\u00e1rsai \u00dcgyv\u00e9di Iroda hivatalos helyis\u00e9ge (1124 Budapest, F\u00fcrj u. 2.).<\/p>\n<p>Az \u00e1rt\u00e1rgyal\u00e1st (\u00e1rver\u00e9st) k\u00f6vet\u0151 eredm\u00e9nyhirdet\u00e9s napja \u00e9s id\u0151pontja: 2023. janu\u00e1r 6. napj\u00e1n az \u00e1rt\u00e1rgyal\u00e1st (\u00e1rver\u00e9st) k\u00f6vet\u0151en azonnal.<\/p>\n<p>Az \u00e1rt\u00e1rgyal\u00e1s eredm\u00e9nyhirdet\u00e9s\u00e9nek helysz\u00edne K\u00e1lm\u00e1n \u00e9s T\u00e1rsai \u00dcgyv\u00e9di Iroda hivatalos helyis\u00e9ge (1124 Budapest, F\u00fcrj u. 2.).<\/p>\n<p>Az \u00e1rt\u00e1rgyal\u00e1s (\u00e1rver\u00e9s) menet\u00e9t a befektet\u00e9si t\u00e1j\u00e9koztat\u00f3 <strong>IV. fejezete<\/strong> tartalmazza.<\/p>\n<p>8.3 Amennyiben meg\u00e1llap\u00edt\u00e1sra ker\u00fcl, hogy nincs sz\u00fcks\u00e9g az Ingatlan tulajdon\u00e1nak \u00e9rt\u00e9kes\u00edt\u00e9se vonatkoz\u00f3 \u00e1rt\u00e1rgyal\u00e1sra, \u00fagy az \u00e1rt\u00e1rgyal\u00e1s (\u00e1rver\u00e9s) nyertese az \u00e9rv\u00e9nyes regisztr\u00e1ci\u00f3t v\u00e9grehajt\u00f3 szem\u00e9ly, \u00e9s a v\u00e9tel\u00e1r az abban megaj\u00e1nlott a licit aj\u00e1nlat \u00f6sszege.<\/p>\n<ol start=\"9\">\n<li><strong> Eredm\u00e9nytelen a regisztr\u00e1ci\u00f3s elj\u00e1r\u00e1s, ha<\/strong><\/li>\n<\/ol>\n<p><strong>&nbsp;<\/strong>9.1 nem \u00e9rkezett regisztr\u00e1ci\u00f3,<\/p>\n<p>9.2 kiz\u00e1r\u00f3lag \u00e9rv\u00e9nytelen regisztr\u00e1ci\u00f3 \u00e9rkezett,<\/p>\n<p>9.3 az \u00d6nkorm\u00e1nyzat azt \u00e9rv\u00e9nytelennek nyilv\u00e1n\u00edtotta.<\/p>\n<ol start=\"10\">\n<li><strong> \u00c9rv\u00e9nytelen a licit aj\u00e1nlat, ha<\/strong><\/li>\n<\/ol>\n<p>10.1. az nem felel meg a regisztr\u00e1ci\u00f3s felh\u00edv\u00e1sban, a jogszab\u00e1lyokban vagy a Befektet\u0151i t\u00e1j\u00e9koztat\u00f3ban meghat\u00e1rozott felt\u00e9teleknek,<\/p>\n<p>10.2. azt a regisztr\u00e1ci\u00f3s felh\u00edv\u00e1sban meghat\u00e1rozott, illetve szab\u00e1lyszer\u0171en meghosszabb\u00edtott regisztr\u00e1ci\u00f3s hat\u00e1rid\u0151 lej\u00e1rta ut\u00e1n ny\u00fajtott\u00e1k be,<\/p>\n<p>10.3. a regisztr\u00e1lt \u00e1rverez\u0151 az Ingatlan minimum \u00e1r\u00e1t el nem \u00e9r\u0151 vagy alternat\u00edv (licit) aj\u00e1nlatot tett,<\/p>\n<p>10.4. az \u00e1rverez\u0151 a regisztr\u00e1ci\u00f3t, azaz a licit aj\u00e1nlatot nem \u00edrta al\u00e1 (gazdas\u00e1gi t\u00e1rsas\u00e1g eset\u00e9n c\u00e9gszer\u0171 al\u00e1\u00edr\u00e1s),<\/p>\n<p>10.5. olyan \u00e1rverez\u0151 ny\u00fajtotta be, aki nem jogosult r\u00e9szt venni az \u00e1rt\u00e1rgyal\u00e1son,<\/p>\n<p>10.6. a licit aj\u00e1nlati \u00f6sszeget nem egy\u00e9rtelm\u0171en hat\u00e1rozt\u00e1k meg, vagy azt m\u00e1s aj\u00e1nlathoz k\u00f6t\u00f6tt\u00e9k.<\/p>\n<ol start=\"11\">\n<li><strong> Szerz\u0151d\u00e9s<\/strong><\/li>\n<\/ol>\n<p><strong>&nbsp;<\/strong>11.1 A nyertes \u00e1rverez\u0151vel megk\u00f6tend\u0151 Szerz\u0151d\u00e9s tervezet\u00e9t az \u00d6nkorm\u00e1nyzat k\u00e9sz\u00edti el\u0151.<\/p>\n<p>11.2 A nyertes \u00e1rverez\u0151vel a Szerz\u0151d\u00e9s megk\u00f6t\u00e9s\u00e9re az \u00e1rt\u00e1rgyal\u00e1s (\u00e1rver\u00e9s) lez\u00e1r\u00e1s\u00e1t\u00f3l sz\u00e1m\u00edtott 30 napt\u00e1ri napon bel\u00fcl ker\u00fcl sor.<\/p>\n<p>11.3 Az \u00d6nkorm\u00e1nyzat az Ingatlant mez\u0151gazdas\u00e1gi m\u0171vel\u00e9s al\u00f3l kivett ter\u00fcletk\u00e9nt, azaz \u00fagy k\u00edv\u00e1nja \u00e9rt\u00e9kes\u00edteni, hogy az m\u00e1r nem min\u0151s\u00fcl term\u0151f\u00f6ldnek &#8211; a minimum \u00e1r is ekk\u00e9ppen ker\u00fclt meghat\u00e1roz\u00e1sra. Az \u00d6nkorm\u00e1nyzat k\u00e9sz a nyertes \u00e1rverez\u0151vel egy\u00fcttm\u0171k\u00f6dni \u00e9s a fenti ingatlan-nyilv\u00e1ntart\u00e1si \u00e1llapot el\u00e9r\u00e9s\u00e9hez (a m\u0171vel\u00e9s al\u00f3li kivon\u00e1shoz) az \u00f6nkorm\u00e1nyzat r\u00e9sz\u00e9r\u0151l sz\u00fcks\u00e9ges, a majdani vev\u0151 \u00e1ltal \u00e9szszer\u0171en k\u00e9rt nyilatkozatokat megtenni, az ehhez sz\u00fcks\u00e9ges jogokat (ide\u00e9rtve az ad\u00e1sv\u00e9tel jogc\u00edm\u00e9n t\u00falmutat\u00f3 [pl. r\u00e1\u00e9p\u00edt\u00e9si \u00e9s elidegen\u00edt\u00e9si \u00e9s terhel\u00e9si] jogokat is) biztos\u00edtani, illetve biztos\u00edt\u00e9kot ny\u00fajtani r\u00e9sz\u00e9re, ezzel el\u0151seg\u00edtve, hogy az ingatlan m\u0171vel\u00e9s al\u00f3l kivett ter\u00fcletk\u00e9nt ker\u00fclj\u00f6n felt\u00fcntet\u00e9sre az ingatlan-nyilv\u00e1ntart\u00e1sban.<\/p>\n<p>&nbsp;<\/p>\n<ol start=\"12\">\n<li><strong> Egy\u00e9b k\u00e9rd\u00e9sek<\/strong><\/li>\n<\/ol>\n<p><strong>&nbsp;<\/strong>12.1. A k\u00f6telez\u0151en v\u00e1llalt aj\u00e1nlati k\u00f6t\u00f6tts\u00e9g a regisztr\u00e1ci\u00f3 beny\u00fajt\u00e1s\u00e1ra nyitva \u00e1ll\u00f3 hat\u00e1rid\u0151 lej\u00e1rt\u00e1nak napj\u00e1t k\u00f6vet\u0151 90 napt\u00e1ri nap.<\/p>\n<p>12.2. A nyertes \u00e1rverez\u0151vel megk\u00f6tend\u0151 Szerz\u0151d\u00e9s hat\u00e1lybal\u00e9p\u00e9si felt\u00e9tele a Magyar \u00c1llam, \u00e9s (amennyiben vannak) egy\u00e9b el\u0151v\u00e1s\u00e1rl\u00e1si jogosultak azon nyilatkozatainak k\u00e9zhezv\u00e9tele, amely szerint nevezettek a megk\u00fcld\u00f6tt aj\u00e1nlat ismeret\u00e9ben az \u0151ket megillet\u0151 el\u0151v\u00e1s\u00e1rl\u00e1si joggal \u00e9lni nem k\u00edv\u00e1nnak, vagy a nyilatkozatt\u00e9teli hat\u00e1rid\u0151 eredm\u00e9nytelen eltelte.<\/p>\n<p>12.3. Az \u00d6nkorm\u00e1nyzat fenntartja mag\u00e1nak a jogot, hogy<\/p>\n<p>12.3.1. az \u00e1rt\u00e1rgyal\u00e1st, valamint az ahhoz kapcsol\u00f3d\u00f3 regisztr\u00e1ci\u00f3s elj\u00e1r\u00e1st indokol\u00e1s n\u00e9lk\u00fcl, \u00e9rv\u00e9nyes regisztr\u00e1ci\u00f3 eset\u00e9n is eredm\u00e9nytelennek nyilv\u00e1n\u00edtsa \u00e9s egyik regisztr\u00e1lt \u00e1rverez\u0151vel se k\u00f6ss\u00f6n szerz\u0151d\u00e9st,<\/p>\n<p>12.3.2. a nyertes \u00e1rverez\u0151 visszal\u00e9p\u00e9se eset\u00e9n a kies\u0151 \u00e1rverez\u0151t k\u00f6vet\u0151 legmagasabb aj\u00e1nlatot tev\u0151 \u00e1rverez\u0151, mint soron k\u00f6vetkez\u0151 helyezettj\u00e9vel k\u00f6ss\u00f6n Szerz\u0151d\u00e9st,<\/p>\n<p>12.3.3. sz\u00fcks\u00e9g eset\u00e9n a regisztr\u00e1lt \u00e1rverez\u0151t\u0151l a licit aj\u00e1nlat l\u00e9nyeg\u00e9t nem \u00e9rint\u0151 technikai, formai k\u00e9rd\u00e9sekben, \u00edr\u00e1sban felvil\u00e1gos\u00edt\u00e1st k\u00e9rjen annak r\u00f6gz\u00edt\u00e9s\u00e9vel, hogy a regisztr\u00e1lt \u00e1rverez\u0151 ezzel kapcsolatos \u00edr\u00e1sbeli v\u00e1lasza semmilyen form\u00e1ban nem eredm\u00e9nyezheti az \u00e1rt\u00e1rgyal\u00e1sra t\u00f6rt\u00e9n\u0151 felh\u00edv\u00e1sban megfogalmazott felt\u00e9telek olyan megv\u00e1ltoz\u00e1s\u00e1t, amely az \u00e9rt\u00e9kel\u00e9s sor\u00e1n a be\u00e9rkezett licit aj\u00e1nlatok sorrendj\u00e9t m\u00f3dos\u00edtan\u00e1,<\/p>\n<p>12.3.4. felh\u00edv\u00e1s\u00e1t a regisztr\u00e1ci\u00f3 beny\u00fajt\u00e1s\u00e1ra nyitva \u00e1ll\u00f3 hat\u00e1rid\u0151 el\u0151tt visszavonja, amelyr\u0151l a felh\u00edv\u00e1s visszavon\u00e1s\u00e1nak k\u00f6zl\u00e9s\u00e9vel a regisztr\u00e1ci\u00f3 beny\u00fajt\u00e1s\u00e1ra nyitva \u00e1ll\u00f3 hat\u00e1rid\u0151 lej\u00e1rta el\u0151tt hirdetm\u00e9nyt tesz k\u00f6zz\u00e9.<\/p>\n<p>Ebben az esetben a Befektet\u0151i t\u00e1j\u00e9koztat\u00f3 ellen\u00e9rt\u00e9ke a felh\u00edv\u00e1s visszavon\u00e1s\u00e1nak megjelentet\u00e9s\u00e9t k\u00f6vet\u0151 10 munkanapon bel\u00fcl, a Befektet\u0151i t\u00e1j\u00e9koztat\u00f3 visszaad\u00e1sa ellen\u00e9ben visszafizet\u00e9sre ker\u00fcl.<\/p>\n<ol start=\"13\">\n<li><strong> Tov\u00e1bbi inform\u00e1ci\u00f3k<\/strong><\/li>\n<\/ol>\n<p>13.1. Az \u00e1rt\u00e1rgyal\u00e1si elj\u00e1r\u00e1ssal kapcsolatban tov\u00e1bbi felvil\u00e1gos\u00edt\u00e1s \u00edr\u00e1sban k\u00e9rhet\u0151 a<\/p>\n<p>K\u00e1lm\u00e1n \u00e9s T\u00e1rsai \u00dcgyv\u00e9di Irod\u00e1t\u00f3l<\/p>\n<p>Email: <a href=\"mailto:bence.magyari@kalmanpartners.com\">bence.magyari@kalmanpartners.com<\/a><\/p>\n<p>13.2. Az \u00edr\u00e1sbeli k\u00e9rd\u00e9s \u00e9s az arra adott \u00edr\u00e1sbeli v\u00e1lasz, valamint annak k\u00e9zhezv\u00e9tele igazol\u00e1sa k\u00f6telez\u0151en az regisztr\u00e1ci\u00f3hoz csatoland\u00f3, nem hi\u00e1nyp\u00f3tolhat\u00f3 dokumentum.<\/p>\n","protected":false},"excerpt":{"rendered":"<p>a Mez\u0151szemere K\u00f6zs\u00e9gi \u00d6nkorm\u00e1nyzat tulajdon\u00e1ban \u00e1ll\u00f3, Mez\u0151szemere, k\u00fclter\u00fclet 035\/31 hrsz alatti ingatlan tulajdon\u00e1nak \u00e9rt\u00e9kes\u00edt\u00e9se t\u00e1rgy\u00e1ban Ki\u00edr\u00f3 &nbsp;A ki\u00edr\u00f3: Mez\u0151szemere K\u00f6zs\u00e9gi \u00d6nkorm\u00e1nyzat (3378 Mez\u0151szemere, M\u00e1jus 1 \u00fat 36., az \u201e\u00d6nkorm\u00e1nyzat\u201d). Az &hellip; <\/p>\n","protected":false},"author":2,"featured_media":0,"parent":0,"menu_order":0,"comment_status":"closed","ping_status":"closed","template":"","meta":{"ngg_post_thumbnail":0,"footnotes":""},"class_list":["post-2124","page","type-page","status-publish","hentry"],"_links":{"self":[{"href":"http:\/\/mezoszemere.hu\/web\/wp-json\/wp\/v2\/pages\/2124","targetHints":{"allow":["GET"]}}],"collection":[{"href":"http:\/\/mezoszemere.hu\/web\/wp-json\/wp\/v2\/pages"}],"about":[{"href":"http:\/\/mezoszemere.hu\/web\/wp-json\/wp\/v2\/types\/page"}],"author":[{"embeddable":true,"href":"http:\/\/mezoszemere.hu\/web\/wp-json\/wp\/v2\/users\/2"}],"replies":[{"embeddable":true,"href":"http:\/\/mezoszemere.hu\/web\/wp-json\/wp\/v2\/comments?post=2124"}],"version-history":[{"count":1,"href":"http:\/\/mezoszemere.hu\/web\/wp-json\/wp\/v2\/pages\/2124\/revisions"}],"predecessor-version":[{"id":2125,"href":"http:\/\/mezoszemere.hu\/web\/wp-json\/wp\/v2\/pages\/2124\/revisions\/2125"}],"wp:attachment":[{"href":"http:\/\/mezoszemere.hu\/web\/wp-json\/wp\/v2\/media?parent=2124"}],"curies":[{"name":"wp","href":"https:\/\/api.w.org\/{rel}","templated":true}]}}