{"id":2264,"date":"2023-11-16T21:01:26","date_gmt":"2023-11-16T20:01:26","guid":{"rendered":"http:\/\/mezoszemere.hu\/web\/?page_id=2264"},"modified":"2023-11-16T21:01:26","modified_gmt":"2023-11-16T20:01:26","slug":"2024-evi-altalanos-valasztasok","status":"publish","type":"page","link":"http:\/\/mezoszemere.hu\/web\/2024-evi-altalanos-valasztasok\/","title":{"rendered":"2024. \u00e9vi \u00e1ltal\u00e1nos v\u00e1laszt\u00e1sok"},"content":{"rendered":"","protected":false},"excerpt":{"rendered":"","protected":false},"author":2,"featured_media":0,"parent":0,"menu_order":0,"comment_status":"closed","ping_status":"closed","template":"","meta":{"ngg_post_thumbnail":0,"footnotes":""},"class_list":["post-2264","page","type-page","status-publish","hentry"],"_links":{"self":[{"href":"http:\/\/mezoszemere.hu\/web\/wp-json\/wp\/v2\/pages\/2264","targetHints":{"allow":["GET"]}}],"collection":[{"href":"http:\/\/mezoszemere.hu\/web\/wp-json\/wp\/v2\/pages"}],"about":[{"href":"http:\/\/mezoszemere.hu\/web\/wp-json\/wp\/v2\/types\/page"}],"author":[{"embeddable":true,"href":"http:\/\/mezoszemere.hu\/web\/wp-json\/wp\/v2\/users\/2"}],"replies":[{"embeddable":true,"href":"http:\/\/mezoszemere.hu\/web\/wp-json\/wp\/v2\/comments?post=2264"}],"version-history":[{"count":1,"href":"http:\/\/mezoszemere.hu\/web\/wp-json\/wp\/v2\/pages\/2264\/revisions"}],"predecessor-version":[{"id":2265,"href":"http:\/\/mezoszemere.hu\/web\/wp-json\/wp\/v2\/pages\/2264\/revisions\/2265"}],"wp:attachment":[{"href":"http:\/\/mezoszemere.hu\/web\/wp-json\/wp\/v2\/media?parent=2264"}],"curies":[{"name":"wp","href":"https:\/\/api.w.org\/{rel}","templated":true}]}}