{"id":2266,"date":"2023-11-16T21:01:37","date_gmt":"2023-11-16T20:01:37","guid":{"rendered":"http:\/\/mezoszemere.hu\/web\/?page_id=2266"},"modified":"2023-11-16T21:01:37","modified_gmt":"2023-11-16T20:01:37","slug":"valasztopolgaroknak","status":"publish","type":"page","link":"http:\/\/mezoszemere.hu\/web\/valasztopolgaroknak\/","title":{"rendered":"V\u00e1laszt\u00f3polg\u00e1roknak"},"content":{"rendered":"","protected":false},"excerpt":{"rendered":"","protected":false},"author":2,"featured_media":0,"parent":0,"menu_order":0,"comment_status":"closed","ping_status":"closed","template":"","meta":{"ngg_post_thumbnail":0,"footnotes":""},"class_list":["post-2266","page","type-page","status-publish","hentry"],"_links":{"self":[{"href":"http:\/\/mezoszemere.hu\/web\/wp-json\/wp\/v2\/pages\/2266","targetHints":{"allow":["GET"]}}],"collection":[{"href":"http:\/\/mezoszemere.hu\/web\/wp-json\/wp\/v2\/pages"}],"about":[{"href":"http:\/\/mezoszemere.hu\/web\/wp-json\/wp\/v2\/types\/page"}],"author":[{"embeddable":true,"href":"http:\/\/mezoszemere.hu\/web\/wp-json\/wp\/v2\/users\/2"}],"replies":[{"embeddable":true,"href":"http:\/\/mezoszemere.hu\/web\/wp-json\/wp\/v2\/comments?post=2266"}],"version-history":[{"count":1,"href":"http:\/\/mezoszemere.hu\/web\/wp-json\/wp\/v2\/pages\/2266\/revisions"}],"predecessor-version":[{"id":2267,"href":"http:\/\/mezoszemere.hu\/web\/wp-json\/wp\/v2\/pages\/2266\/revisions\/2267"}],"wp:attachment":[{"href":"http:\/\/mezoszemere.hu\/web\/wp-json\/wp\/v2\/media?parent=2266"}],"curies":[{"name":"wp","href":"https:\/\/api.w.org\/{rel}","templated":true}]}}