{"id":2629,"date":"2025-10-20T16:50:19","date_gmt":"2025-10-20T15:50:19","guid":{"rendered":"https:\/\/mezoszemere.hu\/web\/?page_id=2629"},"modified":"2025-10-20T16:50:27","modified_gmt":"2025-10-20T15:50:27","slug":"2026-evi-orszaggyulesi-valasztasok","status":"publish","type":"page","link":"http:\/\/mezoszemere.hu\/web\/2026-evi-orszaggyulesi-valasztasok\/","title":{"rendered":"2026. \u00e9vi orsz\u00e1ggy\u0171l\u00e9si v\u00e1laszt\u00e1sok"},"content":{"rendered":"\n<p>Hamarosan&#8230;<\/p>\n","protected":false},"excerpt":{"rendered":"<p>Hamarosan&#8230;<\/p>\n","protected":false},"author":2,"featured_media":0,"parent":0,"menu_order":0,"comment_status":"closed","ping_status":"closed","template":"","meta":{"ngg_post_thumbnail":0,"footnotes":""},"class_list":["post-2629","page","type-page","status-publish","hentry"],"_links":{"self":[{"href":"http:\/\/mezoszemere.hu\/web\/wp-json\/wp\/v2\/pages\/2629","targetHints":{"allow":["GET"]}}],"collection":[{"href":"http:\/\/mezoszemere.hu\/web\/wp-json\/wp\/v2\/pages"}],"about":[{"href":"http:\/\/mezoszemere.hu\/web\/wp-json\/wp\/v2\/types\/page"}],"author":[{"embeddable":true,"href":"http:\/\/mezoszemere.hu\/web\/wp-json\/wp\/v2\/users\/2"}],"replies":[{"embeddable":true,"href":"http:\/\/mezoszemere.hu\/web\/wp-json\/wp\/v2\/comments?post=2629"}],"version-history":[{"count":1,"href":"http:\/\/mezoszemere.hu\/web\/wp-json\/wp\/v2\/pages\/2629\/revisions"}],"predecessor-version":[{"id":2630,"href":"http:\/\/mezoszemere.hu\/web\/wp-json\/wp\/v2\/pages\/2629\/revisions\/2630"}],"wp:attachment":[{"href":"http:\/\/mezoszemere.hu\/web\/wp-json\/wp\/v2\/media?parent=2629"}],"curies":[{"name":"wp","href":"https:\/\/api.w.org\/{rel}","templated":true}]}}