{"id":1285,"date":"2020-03-02T13:59:41","date_gmt":"2020-03-02T12:59:41","guid":{"rendered":"http:\/\/mezoszemere.hu\/web\/?page_id=1285"},"modified":"2020-03-02T14:00:45","modified_gmt":"2020-03-02T13:00:45","slug":"mezoszemere-kulterulet-nevei","status":"publish","type":"page","link":"https:\/\/mezoszemere.hu\/web\/tortenet\/mezoszemere-kulterulet-nevei\/","title":{"rendered":"Mez\u0151szemere k\u00fclter\u00fclet nevei"},"content":{"rendered":"<p><!--more--><\/p>\n<a href=\"https:\/\/mezoszemere.hu\/web\/wp-content\/uploads\/2020\/03\/SKM_C30820030213550.pdf\" class=\"pdfemb-viewer\" style=\"\" data-width=\"max\" data-height=\"max\" data-toolbar=\"bottom\" data-toolbar-fixed=\"off\">SKM_C30820030213550<\/a>\n<a href=\"https:\/\/mezoszemere.hu\/web\/wp-content\/uploads\/2020\/03\/Mez\u0151szemere-k\u00fclter\u00fclet-nevei.pdf\" class=\"pdfemb-viewer\" style=\"\" data-width=\"max\" data-height=\"max\" data-toolbar=\"bottom\" data-toolbar-fixed=\"off\">Mez\u0151szemere k\u00fclter\u00fclet nevei<\/a>\n","protected":false},"excerpt":{"rendered":"","protected":false},"author":2,"featured_media":1288,"parent":133,"menu_order":0,"comment_status":"closed","ping_status":"closed","template":"","meta":{"ngg_post_thumbnail":0,"footnotes":""},"class_list":["post-1285","page","type-page","status-publish","has-post-thumbnail","hentry"],"_links":{"self":[{"href":"https:\/\/mezoszemere.hu\/web\/wp-json\/wp\/v2\/pages\/1285","targetHints":{"allow":["GET"]}}],"collection":[{"href":"https:\/\/mezoszemere.hu\/web\/wp-json\/wp\/v2\/pages"}],"about":[{"href":"https:\/\/mezoszemere.hu\/web\/wp-json\/wp\/v2\/types\/page"}],"author":[{"embeddable":true,"href":"https:\/\/mezoszemere.hu\/web\/wp-json\/wp\/v2\/users\/2"}],"replies":[{"embeddable":true,"href":"https:\/\/mezoszemere.hu\/web\/wp-json\/wp\/v2\/comments?post=1285"}],"version-history":[{"count":1,"href":"https:\/\/mezoszemere.hu\/web\/wp-json\/wp\/v2\/pages\/1285\/revisions"}],"predecessor-version":[{"id":1289,"href":"https:\/\/mezoszemere.hu\/web\/wp-json\/wp\/v2\/pages\/1285\/revisions\/1289"}],"up":[{"embeddable":true,"href":"https:\/\/mezoszemere.hu\/web\/wp-json\/wp\/v2\/pages\/133"}],"wp:featuredmedia":[{"embeddable":true,"href":"https:\/\/mezoszemere.hu\/web\/wp-json\/wp\/v2\/media\/1288"}],"wp:attachment":[{"href":"https:\/\/mezoszemere.hu\/web\/wp-json\/wp\/v2\/media?parent=1285"}],"curies":[{"name":"wp","href":"https:\/\/api.w.org\/{rel}","templated":true}]}}