{"id":2529,"date":"2025-03-07T10:02:46","date_gmt":"2025-03-07T09:02:46","guid":{"rendered":"http:\/\/mezoszemere.hu\/web\/?page_id=2529"},"modified":"2025-08-11T14:52:27","modified_gmt":"2025-08-11T13:52:27","slug":"intezmenyek","status":"publish","type":"page","link":"https:\/\/mezoszemere.hu\/web\/intezmenyek\/","title":{"rendered":"Int\u00e9zm\u00e9nyek"},"content":{"rendered":"<p>Int\u00e9zm\u00e9nyeinkr\u0151l az al\u00e1bbi oldalakon tal\u00e1l inform\u00e1ci\u00f3kat:<\/p>\n<p>Saj\u00e1t fenntart\u00e1s\u00fa int\u00e9zm\u00e9nyeink:<\/p>\n<p><a href=\"https:\/\/mezoszemere.hu\/web\/polgarmesterihivatal\/\">Polg\u00e1rmesteri Hivatal (k\u00f6z\u00f6s \u00f6nkorm\u00e1nyzati hivatali kirendelts\u00e9g)<\/a><\/p>\n<p><a href=\"https:\/\/mezoszemere.hu\/web\/mezoszemereiovoda\/\">Mez\u0151szemerei \u00d3voda<\/a><\/p>\n<p><a href=\"https:\/\/mezoszemere.hu\/web\/konyha\/\">Konyha<\/a><\/p>\n<p><a href=\"https:\/\/mezoszemere.hu\/web\/gondozasikozpont\/\">Gondoz\u00e1si K\u00f6zpont<\/a><\/p>\n<p>A telep\u00fcl\u00e9sen m\u0171k\u00f6d\u0151 egy\u00e9b fontos int\u00e9zm\u00e9nyek:<\/p>\n<p><a href=\"https:\/\/mezoszemere.hu\/web\/mezoszemerei-altalanos-iskola\/\">Mez\u0151szemerei \u00c1ltal\u00e1nos Iskola<\/a><\/p>\n","protected":false},"excerpt":{"rendered":"<p>Int\u00e9zm\u00e9nyeinkr\u0151l az al\u00e1bbi oldalakon tal\u00e1l inform\u00e1ci\u00f3kat: Saj\u00e1t fenntart\u00e1s\u00fa int\u00e9zm\u00e9nyeink: Polg\u00e1rmesteri Hivatal (k\u00f6z\u00f6s \u00f6nkorm\u00e1nyzati hivatali kirendelts\u00e9g) Mez\u0151szemerei \u00d3voda Konyha Gondoz\u00e1si K\u00f6zpont A telep\u00fcl\u00e9sen m\u0171k\u00f6d\u0151 egy\u00e9b fontos int\u00e9zm\u00e9nyek: Mez\u0151szemerei \u00c1ltal\u00e1nos Iskola<\/p>\n","protected":false},"author":2,"featured_media":0,"parent":0,"menu_order":0,"comment_status":"closed","ping_status":"closed","template":"","meta":{"ngg_post_thumbnail":0,"footnotes":""},"class_list":["post-2529","page","type-page","status-publish","hentry"],"_links":{"self":[{"href":"https:\/\/mezoszemere.hu\/web\/wp-json\/wp\/v2\/pages\/2529","targetHints":{"allow":["GET"]}}],"collection":[{"href":"https:\/\/mezoszemere.hu\/web\/wp-json\/wp\/v2\/pages"}],"about":[{"href":"https:\/\/mezoszemere.hu\/web\/wp-json\/wp\/v2\/types\/page"}],"author":[{"embeddable":true,"href":"https:\/\/mezoszemere.hu\/web\/wp-json\/wp\/v2\/users\/2"}],"replies":[{"embeddable":true,"href":"https:\/\/mezoszemere.hu\/web\/wp-json\/wp\/v2\/comments?post=2529"}],"version-history":[{"count":1,"href":"https:\/\/mezoszemere.hu\/web\/wp-json\/wp\/v2\/pages\/2529\/revisions"}],"predecessor-version":[{"id":2530,"href":"https:\/\/mezoszemere.hu\/web\/wp-json\/wp\/v2\/pages\/2529\/revisions\/2530"}],"wp:attachment":[{"href":"https:\/\/mezoszemere.hu\/web\/wp-json\/wp\/v2\/media?parent=2529"}],"curies":[{"name":"wp","href":"https:\/\/api.w.org\/{rel}","templated":true}]}}